{"id":6,"date":"2017-05-31T10:55:28","date_gmt":"2017-05-31T08:55:28","guid":{"rendered":"https:\/\/www.billion.fr\/?page_id=6"},"modified":"2023-11-30T16:58:07","modified_gmt":"2023-11-30T15:58:07","slug":"lorem-ipsum-dolor-sit-amet-consectetuer-adipiscing-elit-aenean-commodo-ligula-eget","status":"publish","type":"page","link":"https:\/\/www.billion.fr\/fr\/","title":{"rendered":"Une longue exp\u00e9rience dans la conception et la fabrication de presses \u00e0 injecter les mati\u00e8res plastiques."},"content":{"rendered":"<p>Billion n\u2019est pas seulement un fabricant de machines, c\u2019est aussi le sp\u00e9cialiste de la multi-injection et des solutions sur mesure. Nos gammes s\u2019appliquent \u00e0 tous les secteurs d\u2019activit\u00e9 tels que l\u2019industrie automobile, l\u2019emballage, le secteur m\u00e9dical, les cosm\u00e9tiques, ou encore l\u2019\u00e9lectronique, l\u2019\u00e9lectro-m\u00e9nager, le secteur du  b\u00e2timent\u2026<br \/>\nDe 40 \u00e0 1100 Tonnes de forces de fermeture, notre offre produit est compl\u00e9t\u00e9e par le Centre Technique et les services Formation et Apr\u00e8s-vente.<\/p>\n","protected":false},"excerpt":{"rendered":"Billion n\u2019est pas seulement un fabricant de machines, c\u2019est aussi [&#8230;]","protected":false},"author":1,"featured_media":167,"parent":0,"menu_order":80,"comment_status":"closed","ping_status":"closed","template":"","meta":{"footnotes":""},"class_list":["post-6","page","type-page","status-publish","has-post-thumbnail","hentry"],"_links":{"self":[{"href":"https:\/\/www.billion.fr\/fr\/wp-json\/wp\/v2\/pages\/6","targetHints":{"allow":["GET"]}}],"collection":[{"href":"https:\/\/www.billion.fr\/fr\/wp-json\/wp\/v2\/pages"}],"about":[{"href":"https:\/\/www.billion.fr\/fr\/wp-json\/wp\/v2\/types\/page"}],"author":[{"embeddable":true,"href":"https:\/\/www.billion.fr\/fr\/wp-json\/wp\/v2\/users\/1"}],"replies":[{"embeddable":true,"href":"https:\/\/www.billion.fr\/fr\/wp-json\/wp\/v2\/comments?post=6"}],"version-history":[{"count":5,"href":"https:\/\/www.billion.fr\/fr\/wp-json\/wp\/v2\/pages\/6\/revisions"}],"predecessor-version":[{"id":4018,"href":"https:\/\/www.billion.fr\/fr\/wp-json\/wp\/v2\/pages\/6\/revisions\/4018"}],"wp:featuredmedia":[{"embeddable":true,"href":"https:\/\/www.billion.fr\/fr\/wp-json\/wp\/v2\/media\/167"}],"wp:attachment":[{"href":"https:\/\/www.billion.fr\/fr\/wp-json\/wp\/v2\/media?parent=6"}],"curies":[{"name":"wp","href":"https:\/\/api.w.org\/{rel}","templated":true}]}}