{"id":1980,"date":"2017-10-13T14:23:05","date_gmt":"2017-10-13T12:23:05","guid":{"rendered":"https:\/\/www.billion.fr\/?page_id=1980"},"modified":"2023-01-19T15:14:19","modified_gmt":"2023-01-19T14:14:19","slug":"select%c2%b2-nouvelle-generation","status":"publish","type":"page","link":"https:\/\/www.billion.fr\/fr\/nos-produits-solutions\/gammes\/select%c2%b2-nouvelle-generation\/","title":{"rendered":"SELECT\u00b2 125-400 Tonnes."},"content":{"rendered":"<div id=\"select-ng-1\" class=\"relative\">\n<div class=\"half-block-div half-div-text div-bg-blue\">\n<h2>SELECT<sup>2<\/sup> nouvelle g\u00e9n\u00e9ration<\/h2>\n<p class=\"title-chapo\">Une nouvelle g\u00e9n\u00e9ration de machine pour une productivit\u00e9 encore plus \u00e9lev\u00e9e<\/p>\n<p>&nbsp;<\/p>\n<ul class=\"list arrow-white\">\n<li>Ch\u00e2ssis et capotage <strong>robustes<\/strong><\/li>\n<li><strong>Vitesses \u00e9lev\u00e9es<\/strong> des mouvements ouverture\/fermeture<\/li>\n<li><strong>Plaque \u00e9jectrice en croix<\/strong> (verticale et horizontale)<\/li>\n<li><strong>D\u00e9placement<\/strong> de l\u2019injection 2 <strong>ind\u00e9pendant<\/strong><\/li>\n<li>Les \u00e9nergies en mouvement sont distribu\u00e9es par cha\u00eenes sur la fermeture et les unit\u00e9s d\u2019injection<\/li>\n<li>Large espace \u00e0 l\u2019int\u00e9rieur de la zone capotage fermeture :<br \/>\nConfiguration optimis\u00e9e pour connections outillage<br \/>\nAcc\u00e8s maintenance facilit\u00e9<\/li>\n<li>Compatible avec <a href=\"\/fr\/?page_id=1689\">Easyturn<\/a><\/li>\n<\/ul>\n<\/div>\n<div class=\"half-block-div ctn-img-absolute right\"><a class=\"fancybox\" title=\"Presse \u00e0 injection BILLION Select\u00b2 nouvelle g\u00e9n\u00e9ration ou comment accroitre sa productivit\u00e9\" href=\"https:\/\/www.billion.fr\/wp-content\/uploads\/select-2-new-generation.jpg\" rel=\"gallery\"><img loading=\"lazy\" decoding=\"async\" class=\"alignnone size-full wp-image-1441\" title=\"Presse \u00e0 injection BILLION Select\u00b2 nouvelle g\u00e9n\u00e9ration ou comment accroitre sa productivit\u00e9\" src=\"https:\/\/www.billion.fr\/wp-content\/uploads\/select-2-new-generation.jpg\" alt=\"Presse \u00e0 injection BILLION Select\u00b2 nouvelle g\u00e9n\u00e9ration ou comment accroitre sa productivit\u00e9\" width=\"970\" height=\"719\" srcset=\"https:\/\/www.billion.fr\/wp-content\/uploads\/select-2-new-generation.jpg 970w, https:\/\/www.billion.fr\/wp-content\/uploads\/select-2-new-generation-300x222.jpg 300w, https:\/\/www.billion.fr\/wp-content\/uploads\/select-2-new-generation-768x569.jpg 768w\" sizes=\"auto, (max-width: 970px) 100vw, 970px\" \/><\/a><\/div>\n<\/div>\n<div id=\"select-ng-2\" class=\"relative\">\n<div class=\"title-select-2ng-2\">\n<div>\n<h2>Les Avantages de&nbsp;la&nbsp;Select<sup>2<\/sup><\/h2>\n<p>Pour toutes questions \u00e0 propos de&nbsp;la&nbsp;Select<sup>2<\/sup>,<\/p>\n<p>Contactez nous !<\/p>\n<p><a class=\"btn_default transitions\" href=\"\/fr\/?page_id=1787\">Contact<\/a><\/p>\n<\/div>\n<\/div>\n<ul class=\"list-select-2ng\">\n<li><a class=\"fancybox transitions\" title=\"Presse \u00e0 injection de mati\u00e8res plastiques Select\u00b2 - pour une propret\u00e9 accrue\" href=\"https:\/\/www.billion.fr\/wp-content\/uploads\/\/select-2-cleanliness-761x350.jpg\" rel=\"gallery\"><img loading=\"lazy\" decoding=\"async\" class=\"alignnone size-Caps-multi-injection wp-image-1452\" title=\"Presse \u00e0 injection de mati\u00e8res plastiques Select\u00b2 - pour une propret\u00e9 accrue\" src=\"https:\/\/www.billion.fr\/wp-content\/uploads\/\/select-2-cleanliness-761x350.jpg\" alt=\"Presse \u00e0 injection de mati\u00e8res plastiques Select\u00b2 - pour une propret\u00e9 accrue\" width=\"761\" height=\"350\"><\/a>\n<p class=\"select-label\">Guidage lin\u00e9aire du plateau mobile sur rails \u00e0 bille pour une propret\u00e9 accrue<\/p>\n<\/li>\n<li><a class=\"fancybox transitions\" title=\"Presse \u00e0 injection Select\u00b2 : pour une plus grande polyvalence\" href=\"https:\/\/www.billion.fr\/wp-content\/uploads\/\/select-2-versatility-761x350.jpg\" rel=\"gallery\"><img loading=\"lazy\" decoding=\"async\" class=\"alignnone size-Caps-multi-injection wp-image-1450\" title=\"Presse \u00e0 injection Select\u00b2 : pour une plus grande polyvalence\" src=\"https:\/\/www.billion.fr\/wp-content\/uploads\/\/select-2-versatility-761x350.jpg\" alt=\"Presse \u00e0 injection Select\u00b2 : pour une plus grande polyvalence\" width=\"761\" height=\"350\"><\/a>\n<p class=\"select-label\">Larges plateaux pour une plus grande polyvalence<\/p>\n<\/li>\n<li><a class=\"fancybox transitions\" title=\"Augmentez vos performances avec les solutions de transformation des thermoplastiques Select\u00b2\" href=\"https:\/\/www.billion.fr\/wp-content\/uploads\/\/select-2-performance-761x350.jpg\" rel=\"gallery\"><img loading=\"lazy\" decoding=\"async\" class=\"alignnone size-Caps-multi-injection wp-image-1448\" title=\"Augmentez vos performances avec les solutions de transformation des thermoplastiques Select\u00b2\" src=\"https:\/\/www.billion.fr\/wp-content\/uploads\/\/select-2-performance-761x350.jpg\" alt=\"Augmentez vos performances avec les solutions de transformation des thermoplastiques Select\u00b2\" width=\"761\" height=\"350\"><\/a>\n<p class=\"select-label\">Vis \u00e0 bille pour une meilleure performance<\/p>\n<\/li>\n<li><a class=\"fancybox transitions\" title=\"Gr\u00e2ce \u00e0 la presse BILLION Select\u00b2 faites des \u00e9conomies d\u2019\u00e9nergie\" href=\"https:\/\/www.billion.fr\/wp-content\/uploads\/\/select-2-energy-saving-761x350.jpg\" rel=\"gallery\"><img loading=\"lazy\" decoding=\"async\" class=\"alignnone size-Caps-multi-injection wp-image-1446\" title=\"Gr\u00e2ce \u00e0 la presse BILLION Select\u00b2 faites des \u00e9conomies d\u2019\u00e9nergie\" src=\"https:\/\/www.billion.fr\/wp-content\/uploads\/\/select-2-energy-saving-761x350.jpg\" alt=\"Gr\u00e2ce \u00e0 la presse BILLION Select\u00b2 faites des \u00e9conomies d\u2019\u00e9nergie\" width=\"761\" height=\"350\"><\/a>\n<p class=\"select-label\">Entra\u00eenement de la vis \u00e0 bille fermeture par servo-moteur synchrone : Economies d\u2019\u00e9nergie<\/p>\n<\/li>\n<\/ul>\n<\/div>\n","protected":false},"excerpt":{"rendered":"SELECT2 nouvelle g\u00e9n\u00e9ration Une nouvelle g\u00e9n\u00e9ration de machine pour une [&#8230;]","protected":false},"author":1,"featured_media":0,"parent":1746,"menu_order":76,"comment_status":"closed","ping_status":"closed","template":"page-templates\/products-page-child.php","meta":{"footnotes":""},"class_list":["post-1980","page","type-page","status-publish","hentry"],"_links":{"self":[{"href":"https:\/\/www.billion.fr\/fr\/wp-json\/wp\/v2\/pages\/1980","targetHints":{"allow":["GET"]}}],"collection":[{"href":"https:\/\/www.billion.fr\/fr\/wp-json\/wp\/v2\/pages"}],"about":[{"href":"https:\/\/www.billion.fr\/fr\/wp-json\/wp\/v2\/types\/page"}],"author":[{"embeddable":true,"href":"https:\/\/www.billion.fr\/fr\/wp-json\/wp\/v2\/users\/1"}],"replies":[{"embeddable":true,"href":"https:\/\/www.billion.fr\/fr\/wp-json\/wp\/v2\/comments?post=1980"}],"version-history":[{"count":5,"href":"https:\/\/www.billion.fr\/fr\/wp-json\/wp\/v2\/pages\/1980\/revisions"}],"predecessor-version":[{"id":3920,"href":"https:\/\/www.billion.fr\/fr\/wp-json\/wp\/v2\/pages\/1980\/revisions\/3920"}],"up":[{"embeddable":true,"href":"https:\/\/www.billion.fr\/fr\/wp-json\/wp\/v2\/pages\/1746"}],"wp:attachment":[{"href":"https:\/\/www.billion.fr\/fr\/wp-json\/wp\/v2\/media?parent=1980"}],"curies":[{"name":"wp","href":"https:\/\/api.w.org\/{rel}","templated":true}]}}