{"id":1969,"date":"2017-10-13T13:52:37","date_gmt":"2017-10-13T11:52:37","guid":{"rendered":"https:\/\/www.billion.fr\/?page_id=1969"},"modified":"2017-10-30T09:26:10","modified_gmt":"2017-10-30T08:26:10","slug":"select-40-600-tonnes","status":"publish","type":"page","link":"https:\/\/www.billion.fr\/fr\/nos-produits-solutions\/gammes\/select-40-600-tonnes\/","title":{"rendered":"SELECT 40-600 Tonnes"},"content":{"rendered":"<div class=\"caps-machine div-bg-blue2\">\n<div class=\"text-caps-machine\">\n<h2>Presses SELECT<\/h2>\n<p class=\"title-chapo\">Presse \u00e0 injecter SELECT tout \u00e9lectrique<\/p>\n<ul class=\"list-long-arrow long-arrow-white\">\n<li>Gamme 100% \u00e9lectrique <\/li>\n<li>Tous les mouvements machine sont entrain\u00e9s \u00e9lectriquement<\/li>\n<\/ul>\n<p class=\"teasing\"><a href=\"#products-1\" class=\"transitions\">Entrez dans un monde plus productif, plus \u00e9conomique, plus propre.<\/a><\/p>\n<\/div>\n<div class=\"thumb-caps-machine\">\n<a href=\"https:\/\/www.billion.fr\/wp-content\/uploads\/Select-range-40-to-600-tons-1.jpg\" title=\"Billion - Gamme Select  40 \u00e0 600 tonnes\" class=\"fancybox\" rel=\"gallery\"><img loading=\"lazy\" decoding=\"async\" src=\"https:\/\/www.billion.fr\/wp-content\/uploads\/Select-range-40-to-600-tons-1-1024x472.jpg\" alt=\"Billion - Gamme Select 40 \u00e0 600 tonnes\" title=\"Billion - Gamme Select 40 \u00e0 600 tonnes\" width=\"1024\" height=\"472\" class=\"alignnone size-large wp-image-842\" srcset=\"https:\/\/www.billion.fr\/wp-content\/uploads\/Select-range-40-to-600-tons-1-1024x472.jpg 1024w, https:\/\/www.billion.fr\/wp-content\/uploads\/Select-range-40-to-600-tons-1-300x138.jpg 300w, https:\/\/www.billion.fr\/wp-content\/uploads\/Select-range-40-to-600-tons-1-768x354.jpg 768w, https:\/\/www.billion.fr\/wp-content\/uploads\/Select-range-40-to-600-tons-1.jpg 1500w\" sizes=\"auto, (max-width: 1024px) 100vw, 1024px\" \/><\/a>\n<\/div>\n<\/div>\n<div id=\"products-1\" class=\"relative\">\n<div class=\"half-block-div half-div-text div-bg-blue\">\n<h2>Gamme SELECT 40-600 Tonnes<\/h2>\n<p>Les SELECT sont des presses \u00e0 injecter de <strong>plasturgistes<\/strong>. Elles mettent en \u0153uvre  des <strong>entra\u00eenements \u00e9lectriques<\/strong> pour une <strong>am\u00e9lioration cibl\u00e9e<\/strong> des rendements.<\/p>\n<ul class=\"list arrow-white\">\n<li><strong>-50 \u00e0 -70%<\/strong> d\u2019\u00e9conomie d\u2019\u00e9nergie \u00e9lectrique<\/li>\n<li><strong>0 litre d\u2019eau<\/strong> pour le refroidissement de la machine<\/li>\n<li><strong>0 litre d\u2019huile<\/strong>\n<div class=\"more-link\">En savoir plus<\/div>\n<div class=\"more-hide\">Pas de recyclage, maintenance r\u00e9duite, pas de refroidissement<\/div>\n<\/li>\n<li><strong>R\u00e9duction des rebuts<\/strong>\n<div class=\"more-link\">En savoir plus<\/div>\n<div class=\"more-hide\">Productivit\u00e9 accrue et am\u00e9lioration du Taux de Rendement Synth\u00e9tique (TRS)<br \/>\nPr\u00e9cision et r\u00e9p\u00e9titivit\u00e9 du process d\u00e8s le 1er cycle, synonyme de limitation des rebuts<\/div>\n<\/li>\n<li><strong>100% confort<\/strong>\n<div class=\"more-link\">En savoir plus<\/div>\n<div class=\"more-hide\">Con\u00e7ue par et pour les plasturgistes, SELECT assure une prise en main imm\u00e9diate en atelier d\u2019injection<\/div>\n<\/li>\n<li>-65dB = <strong>Machine tr\u00e8s silencieuse<\/strong><\/li>\n<li><strong>Machine propre<\/strong> pour une production propre<\/li>\n<\/ul>\n<\/div>\n<div class=\"half-block-div ctn-img-absolute right\">\n<a href=\"https:\/\/www.billion.fr\/wp-content\/uploads\/Select-machines-4.jpg\" title=\"Billion - Presse \u00e0 injection Select plus productif, plus \u00e9conomique, plus propre\" class=\"fancybox\" rel=\"gallery\"><img loading=\"lazy\" decoding=\"async\" src=\"https:\/\/www.billion.fr\/wp-content\/uploads\/Select-machines-4.jpg\" alt=\"Billion - Presse \u00e0 injection Select plus productif, plus \u00e9conomique, plus propre\" title=\"Billion - Billion - Presse \u00e0 injection Select plus productif, plus \u00e9conomique, plus propre\" width=\"970\" height=\"866\" class=\"alignnone size-full wp-image-1543\" srcset=\"https:\/\/www.billion.fr\/wp-content\/uploads\/Select-machines-4.jpg 970w, https:\/\/www.billion.fr\/wp-content\/uploads\/Select-machines-4-300x268.jpg 300w, https:\/\/www.billion.fr\/wp-content\/uploads\/Select-machines-4-768x686.jpg 768w\" sizes=\"auto, (max-width: 970px) 100vw, 970px\" \/><\/a>\n<\/div>\n<\/div>\n<div id=\"products-2\" class=\"relative\">\n<div class=\"half-block-div half-div-text div-bg-blue2 right\">\n<h2>Des composants et des syst\u00e8mes m\u00e9caniques de hautes performances<\/h2>\n<p><strong>Servomoteur synchrone<\/strong> sur chaque mouvement avec codeur absolu embarqu\u00e9 pour une mesure ultra pr\u00e9cise de vitesse et de position.<\/p>\n<h3>Courroies de transmission<\/h3>\n<p>Des courroies en polyur\u00e9thane, renforc\u00e9es par une \u00e2me en acier, sont mises en \u0153uvre sur les fonctions de transmission des forces (pas de pollution volatile).<\/p>\n<h3>Vis \u00e0 rouleaux satellites<\/h3>\n<p>Pr\u00e9cision, robustesse, grande dur\u00e9e de vie.<\/p>\n<h3>Vis \u00e0 bille<\/h3>\n<p>Mise en \u0153uvre sur l\u2019\u00e9jection et le groupe injecteur.<\/p>\n<\/div>\n<div class=\"half-block-div ctn-img-absolute left\">\n<a href=\"https:\/\/www.billion.fr\/wp-content\/uploads\/gamme-select-composant-systemes-mecanique-hautes-performances.jpg\" rel=\"gallery\" class=\"fancybox\" title=\"Presse \u00e0 injecter \u00e9lectrique Select - Des composants et des syst\u00e8mes m\u00e9caniques de hautes performances\" ><img loading=\"lazy\" decoding=\"async\" src=\"https:\/\/www.billion.fr\/wp-content\/uploads\/gamme-select-composant-systemes-mecanique-hautes-performances.jpg\" alt=\"Presse \u00e0 injecter \u00e9lectrique Select - Des composants et des syst\u00e8mes m\u00e9caniques de hautes performances\" width=\"1000\" height=\"811\" class=\"alignnone size-full wp-image-1974 transitions\" srcset=\"https:\/\/www.billion.fr\/wp-content\/uploads\/gamme-select-composant-systemes-mecanique-hautes-performances.jpg 1000w, https:\/\/www.billion.fr\/wp-content\/uploads\/gamme-select-composant-systemes-mecanique-hautes-performances-300x243.jpg 300w, https:\/\/www.billion.fr\/wp-content\/uploads\/gamme-select-composant-systemes-mecanique-hautes-performances-768x623.jpg 768w\" sizes=\"auto, (max-width: 1000px) 100vw, 1000px\" \/><\/a>\n<\/div>\n<\/div>\n<div id=\"products-3\" class=\"relative\">\n<div class=\"half-block-div half-div-text div-bg-blue\">\n<h2>Utiliser l\u2019\u00e9nergie o\u00f9 il faut, quand il faut, pour am\u00e9liorer les rendements<\/h2>\n<h3>Motoriser chaque mouvement<\/h3>\n<p>Tous les mouvements machine sont pilot\u00e9s par un servomoteur synchrone et r\u00e9gul\u00e9s par variateur de fr\u00e9quence, 6 \u00e0 7 moteurs sur une machine mono-mati\u00e8re.<\/p>\n<h3>R\u00e9duire les frottements<\/h3>\n<p>Utilisation de syst\u00e8mes m\u00e9caniques de hautes performances&nbsp;: glissi\u00e8res \u00e0 bille, vis \u00e0 rouleaux satellites et vis \u00e0 billes.<\/p>\n<h3>Optimiser l\u2019utilisation des moteurs<\/h3>\n<p>Les variateurs de fr\u00e9quence r\u00e9gulent chaque moteur au meilleur de son rendement (\u03b7 > 0,9). Les vitesses sont r\u00e9gul\u00e9es de 3000 t\/min jusqu\u2019\u00e0 l\u2019arr\u00eat complet.<\/p>\n<\/div>\n<div class=\"half-block-div ctn-img-absolute right\">\n<a href=\"https:\/\/www.billion.fr\/wp-content\/uploads\/select-energy-used-when-needed.jpg\" title=\"Avec les presse \u00e0 injecter \u00e9lectrique SELECT l\u2019\u00e9nergie est utilis\u00e9 o\u00f9 il faut, quand il faut, pour am\u00e9liorer les rendements\" class=\"fancybox\" rel=\"gallery\"><img loading=\"lazy\" decoding=\"async\" src=\"https:\/\/www.billion.fr\/wp-content\/uploads\/select-energy-used-when-needed.jpg\" alt=\"Avec les presse \u00e0 injecter \u00e9lectrique SELECT l\u2019\u00e9nergie est utilis\u00e9 o\u00f9 il faut, quand il faut, pour am\u00e9liorer les rendements\" width=\"970\" title=\"Avec les presse \u00e0 injecter \u00e9lectrique SELECT l\u2019\u00e9nergie est utilis\u00e9 o\u00f9 il faut, quand il faut, pour am\u00e9liorer les rendements\" height=\"1209\" class=\"alignnone size-full wp-image-1325\" srcset=\"https:\/\/www.billion.fr\/wp-content\/uploads\/select-energy-used-when-needed.jpg 970w, https:\/\/www.billion.fr\/wp-content\/uploads\/select-energy-used-when-needed-241x300.jpg 241w, https:\/\/www.billion.fr\/wp-content\/uploads\/select-energy-used-when-needed-768x957.jpg 768w, https:\/\/www.billion.fr\/wp-content\/uploads\/select-energy-used-when-needed-822x1024.jpg 822w\" sizes=\"auto, (max-width: 970px) 100vw, 970px\" \/><\/a>\n<\/div>\n<\/div>\n","protected":false},"excerpt":{"rendered":"Presses SELECT Presse \u00e0 injecter SELECT tout \u00e9lectrique Gamme 100% [&#8230;]","protected":false},"author":1,"featured_media":0,"parent":1746,"menu_order":66,"comment_status":"closed","ping_status":"closed","template":"page-templates\/products-page-child.php","meta":{"footnotes":""},"class_list":["post-1969","page","type-page","status-publish","hentry"],"_links":{"self":[{"href":"https:\/\/www.billion.fr\/fr\/wp-json\/wp\/v2\/pages\/1969","targetHints":{"allow":["GET"]}}],"collection":[{"href":"https:\/\/www.billion.fr\/fr\/wp-json\/wp\/v2\/pages"}],"about":[{"href":"https:\/\/www.billion.fr\/fr\/wp-json\/wp\/v2\/types\/page"}],"author":[{"embeddable":true,"href":"https:\/\/www.billion.fr\/fr\/wp-json\/wp\/v2\/users\/1"}],"replies":[{"embeddable":true,"href":"https:\/\/www.billion.fr\/fr\/wp-json\/wp\/v2\/comments?post=1969"}],"version-history":[{"count":5,"href":"https:\/\/www.billion.fr\/fr\/wp-json\/wp\/v2\/pages\/1969\/revisions"}],"predecessor-version":[{"id":2127,"href":"https:\/\/www.billion.fr\/fr\/wp-json\/wp\/v2\/pages\/1969\/revisions\/2127"}],"up":[{"embeddable":true,"href":"https:\/\/www.billion.fr\/fr\/wp-json\/wp\/v2\/pages\/1746"}],"wp:attachment":[{"href":"https:\/\/www.billion.fr\/fr\/wp-json\/wp\/v2\/media?parent=1969"}],"curies":[{"name":"wp","href":"https:\/\/api.w.org\/{rel}","templated":true}]}}