{"id":1926,"date":"2017-10-13T10:44:23","date_gmt":"2017-10-13T08:44:23","guid":{"rendered":"https:\/\/www.billion.fr\/?page_id=1926"},"modified":"2017-10-16T14:26:05","modified_gmt":"2017-10-16T12:26:05","slug":"automatisme","status":"publish","type":"page","link":"https:\/\/www.billion.fr\/fr\/nos-produits-solutions\/automatisme\/","title":{"rendered":"Automatisme"},"content":{"rendered":"<div id=\"control\" class=\"chapo\">\n<div class=\"wrapper text-center\">\n<p>L\u2019automatisme de commande DIXIT est le partenaire id\u00e9al de votre presse \u00e0 injecter<br \/> pour la <strong>gestion de production<\/strong>, le <strong>suivi qualit\u00e9<\/strong> et la <strong>formation<\/strong>.<\/p>\n<\/div>\n<\/div>\n<div id=\"control-pictures\" class=\"relative\">\n<div class=\"half-block-div ctn-img-absolute\">\n<div class=\"bg-color div-bg-red transitions\"><\/div>\n<p><a href=\"https:\/\/www.billion.fr\/wp-content\/uploads\/control-system-ideal-partner-injection-molding-machine-1.jpg\" title=\"L\u2019automatisme de commande DIXIT - Le partenaire id\u00e9al de votre presse \u00e0 injecter\" class=\"fancybox\" rel=\"gallery\"><img loading=\"lazy\" decoding=\"async\" src=\"https:\/\/www.billion.fr\/wp-content\/uploads\/control-system-ideal-partner-injection-molding-machine-1.jpg\" alt=\"L\u2019automatisme de commande DIXIT - Le partenaire id\u00e9al de votre presse \u00e0 injecter\" title=\"L\u2019automatisme de commande DIXIT - Le partenaire id\u00e9al de votre presse \u00e0 injecter\" width=\"1000\" height=\"833\" class=\"alignnone size-full wp-image-1043 transitions\" srcset=\"https:\/\/www.billion.fr\/wp-content\/uploads\/control-system-ideal-partner-injection-molding-machine-1.jpg 1000w, https:\/\/www.billion.fr\/wp-content\/uploads\/control-system-ideal-partner-injection-molding-machine-1-300x250.jpg 300w, https:\/\/www.billion.fr\/wp-content\/uploads\/control-system-ideal-partner-injection-molding-machine-1-768x640.jpg 768w, https:\/\/www.billion.fr\/wp-content\/uploads\/control-system-ideal-partner-injection-molding-machine-1-480x401.jpg 480w\" sizes=\"auto, (max-width: 1000px) 100vw, 1000px\" \/><\/a><\/div>\n<div class=\"half-block-div right ctn-img-absolute\">\n<div class=\"bg-color div-bg-blue transitions\"><\/div>\n<p><a href=\"https:\/\/www.billion.fr\/wp-content\/uploads\/control-system-production-management-training-quality-service.jpg\" title=\"Avec l\u2019automatisme de commande DIXIT supervisez votre production, le suivi qualit\u00e9, et la formation.\" class=\"fancybox\" rel=\"gallery\"><img loading=\"lazy\" decoding=\"async\" src=\"https:\/\/www.billion.fr\/wp-content\/uploads\/control-system-production-management-training-quality-service_crop-4.jpg\" alt=\"Avec l\u2019automatisme de commande DIXIT supervisez votre production, le suivi qualit\u00e9, et la formation. \" title=\"Avec l\u2019automatisme de commande DIXIT supervisez votre production, le suivi qualit\u00e9, et la formation.\" width=\"1000\" height=\"833\" class=\"alignnone size-full wp-image-1040 transitions\" \/><br \/>\n<\/a>\n<\/div>\n<\/div>\n<div id=\"control-1\" class=\"erase-space-inline-block\">\n<div class=\"wrapper text-center restore-space-inline-block\">\n<h2>Les avantages de l&rsquo;automatisme de commande DIXIT<\/h2>\n<\/div>\n<ul class=\"control-system-list\">\n<li class=\"hvr-more-link transitions restore-space-inline-block\"  id=\"user-friendly\">\n<h3>Convivial<\/h3>\n<div class=\"transitions read-more-hvr\">En savoir plus<\/div>\n<div class=\"more-hide transitions\">\n<div>\n<h3>Convivial<\/h3>\n<ul class=\"list arrow-red\">\n<li><strong>\u00c9cran tactile<\/strong> 15\u2019\u2019 tr\u00e8s lumineux<\/li>\n<li><strong>R\u00e9glages affich\u00e9s<\/strong> sous forme de graphiques et tableaux sur une m\u00eame page<\/li>\n<li><strong>Programmation libre des pages<\/strong>&nbsp;: l\u2019utilisateur peut cr\u00e9er de nouvelles pages avec des r\u00e9glages choisis<\/li>\n<li>Syst\u00e8me de gestion de fichier <strong>tactile<\/strong><\/li>\n<\/ul>\n<\/div>\n<\/div>\n<\/li>\n<li class=\"hvr-more-link transitions restore-space-inline-block\"  id=\"lan\">\n<h3>Communication en r\u00e9seaux LAN &#038; WAN s\u00fbr<\/h3>\n<div class=\"transitions read-more-hvr\">En savoir plus<\/div>\n<div class=\"more-hide  transitions\">\n<div>\n<h3>Communication en r\u00e9seaux LAN &#038; WAN s\u00fbr<\/h3>\n<ul class=\"list arrow-red\">\n<li>Auto-protection contre les <strong>virus<\/strong><\/li>\n<li><strong>5 niveaux d\u2019acc\u00e8s<\/strong> avec carte nominative (compatible Dixit2)<\/li>\n<\/ul>\n<\/div>\n<\/div>\n<\/li>\n<li class=\"hvr-more-link transitions restore-space-inline-block\" id=\"efficiency\">\n<h3>Efficace<\/h3>\n<div class=\"transitions read-more-hvr\">En savoir plus<\/div>\n<div class=\"more-hide transitions\">\n<div>\n<h3>Efficace<\/h3>\n<ul class=\"list arrow-red\">\n<li><strong>Multi-processeurs<\/strong>: process machine s\u00e9curis\u00e9 et affichage rapide avec interface homme\/machine tr\u00e8s r\u00e9actif<\/li>\n<li>Portabilit\u00e9 des r\u00e9glages moule automatiquement <strong>adapt\u00e9s aux caract\u00e9ristiques<\/strong> de la presse cible<\/li>\n<\/ul>\n<\/div>\n<\/div>\n<\/li>\n<li class=\"hvr-more-link transitions restore-space-inline-block\" id=\"connectivity\">\n<h3>EasyConnect<\/h3>\n<div class=\"transitions read-more-hvr\">En savoir plus<\/div>\n<div class=\"more-hide transitions\">\n<div>\n<h3>EasyConnect<\/h3>\n<ul class=\"list arrow-red\">\n<li><strong>Standard USB<\/strong><\/li>\n<li><strong>Emulation DIXIT3 \u00e0 distance<\/strong>, filaire ou via  Wi-Fi<\/li>\n<\/ul>\n<\/div>\n<\/div>\n<\/li>\n<li class=\"hvr-more-link transitions restore-space-inline-block\" id=\"didactic\">\n<h3>Didactique<\/h3>\n<div class=\"transitions read-more-hvr\">En savoir plus<\/div>\n<div class=\"more-hide transitions\">\n<div>\n<h3>Didactique<\/h3>\n<ul class=\"list arrow-red\">\n<li><strong>Manuel instructions<\/strong> disponible <\/li>\n<li><strong>Acc\u00e8s direct<\/strong> aux sch\u00e9mas de c\u00e2blage <\/li>\n<li><strong>Diagnostique d\u00e9taill\u00e9<\/strong><\/li>\n<li><strong>Maintenance<\/strong> ais\u00e9e<\/li>\n<li>Affichage de la <strong>consommation \u00e9nerg\u00e9tique en temps r\u00e9el<\/strong><\/li>\n<\/ul>\n<\/div>\n<\/div>\n<\/li>\n<\/ul>\n<\/div>\n","protected":false},"excerpt":{"rendered":"L\u2019automatisme de commande DIXIT est le partenaire id\u00e9al de votre [&#8230;]","protected":false},"author":1,"featured_media":0,"parent":1744,"menu_order":78,"comment_status":"closed","ping_status":"closed","template":"","meta":{"footnotes":""},"class_list":["post-1926","page","type-page","status-publish","hentry"],"_links":{"self":[{"href":"https:\/\/www.billion.fr\/fr\/wp-json\/wp\/v2\/pages\/1926","targetHints":{"allow":["GET"]}}],"collection":[{"href":"https:\/\/www.billion.fr\/fr\/wp-json\/wp\/v2\/pages"}],"about":[{"href":"https:\/\/www.billion.fr\/fr\/wp-json\/wp\/v2\/types\/page"}],"author":[{"embeddable":true,"href":"https:\/\/www.billion.fr\/fr\/wp-json\/wp\/v2\/users\/1"}],"replies":[{"embeddable":true,"href":"https:\/\/www.billion.fr\/fr\/wp-json\/wp\/v2\/comments?post=1926"}],"version-history":[{"count":5,"href":"https:\/\/www.billion.fr\/fr\/wp-json\/wp\/v2\/pages\/1926\/revisions"}],"predecessor-version":[{"id":2039,"href":"https:\/\/www.billion.fr\/fr\/wp-json\/wp\/v2\/pages\/1926\/revisions\/2039"}],"up":[{"embeddable":true,"href":"https:\/\/www.billion.fr\/fr\/wp-json\/wp\/v2\/pages\/1744"}],"wp:attachment":[{"href":"https:\/\/www.billion.fr\/fr\/wp-json\/wp\/v2\/media?parent=1926"}],"curies":[{"name":"wp","href":"https:\/\/api.w.org\/{rel}","templated":true}]}}