{"id":1903,"date":"2017-10-13T09:08:47","date_gmt":"2017-10-13T07:08:47","guid":{"rendered":"https:\/\/www.billion.fr\/?page_id=1903"},"modified":"2017-10-30T09:37:44","modified_gmt":"2017-10-30T08:37:44","slug":"multi-injection","status":"publish","type":"page","link":"https:\/\/www.billion.fr\/fr\/nos-produits-solutions\/multi-injection\/","title":{"rendered":"Multi-injection"},"content":{"rendered":"<div id=\"multi-injection-0\" class=\"chapo\">\n<div class=\"wrapper text-center\">\n<p>Pionnier en 1961, expert aujourd\u2019hui, BILLION vous offre un <strong>savoir-faire unique en multi-injection<\/strong>, disponible pour toutes nos gammes de presses de 100 \u00e0 1100 Tonnes :<br \/> <strong>Select<\/strong>, <strong>Select\u00b2 nouvelle g\u00e9n\u00e9ration<\/strong>, <strong>Hercule<\/strong> et <strong>GM<\/strong>.<\/p>\n<\/div>\n<\/div>\n<div id=\"multi-injection-1\" class=\"relative\">\n<div class=\"half-block-div half-div-text div-bg-blue\">\n<h2>Polyvalence de la solution en V<\/h2>\n<p>BILLION a opt\u00e9 pour la configuration en V pour l\u2019<strong>implantation de la 2\u00e8me injection<\/strong>.<\/p>\n<p>Elle garantit productivit\u00e9, ergonomie, encombrement au sol minimum et changements rapides de moule.<\/p>\n<p>Toutes les technologies multi-mati\u00e8res peuvent \u00eatre mises en \u0153uvre, et les presses bi-injection peuvent aussi \u00eatre utilis\u00e9es pour des <strong>applications mono-mati\u00e8re<\/strong>.<\/p>\n<\/div>\n<div class=\"half-block-div ctn-img-absolute right\">\n<a href=\"https:\/\/www.billion.fr\/wp-content\/uploads\/versatiliy-v-configuration.jpg\" title=\"Billion a choisi la polyvalence de la solution en V pour l'injection bi-mati\u00e8re\" class=\"fancybox\" rel=\"gallery\"><img loading=\"lazy\" decoding=\"async\" src=\"https:\/\/www.billion.fr\/wp-content\/uploads\/versatiliy-v-configuration.jpg\" title=\"Billion a choisi la polyvalence de la solution en V pour l'injection bi-mati\u00e8re\" alt=\"Billion a choisi la polyvalence de la solution en V pour l'injection bi-mati\u00e8re\" width=\"1000\" height=\"753\" class=\"alignnone size-full wp-image-737 transitions\" srcset=\"https:\/\/www.billion.fr\/wp-content\/uploads\/versatiliy-v-configuration.jpg 1000w, https:\/\/www.billion.fr\/wp-content\/uploads\/versatiliy-v-configuration-300x226.jpg 300w, https:\/\/www.billion.fr\/wp-content\/uploads\/versatiliy-v-configuration-768x578.jpg 768w\" sizes=\"auto, (max-width: 1000px) 100vw, 1000px\" \/><\/a>\n<\/div>\n<\/div>\n<div id=\"multi-injection-2\" class=\"relative\">\n<div class=\"bg\"><\/div>\n<div class=\"wrapper text-center\">\n<h2>Multi-injection en d\u00e9tail<\/h2>\n<\/div>\n<div id=\"ctn-caps-multi-injection\" class=\"wrapper erase-space-inline-block\">\n<div class=\"caps-multi-injection restore-space-inline-block\">\n<div class=\"caps-thumb-injection\">\n<a href=\"https:\/\/www.billion.fr\/wp-content\/uploads\/independent-open-nozzles.jpg\" title=\"Injection bi-mati\u00e8re et surmoulage\" class=\"fancybox transitions\" rel=\"gallery\"><img loading=\"lazy\" decoding=\"async\" src=\"https:\/\/www.billion.fr\/wp-content\/uploads\/independent-open-nozzles_crop-761x350.jpg\" alt=\"Injection bi-mati\u00e8re et surmoulage\" title=\"Injection bi-mati\u00e8re et surmoulage\" width=\"761\" height=\"350\" class=\"alignnone size-Caps-multi-injection wp-image-1195 transitions\" srcset=\"https:\/\/www.billion.fr\/wp-content\/uploads\/independent-open-nozzles_crop-761x350.jpg 761w, https:\/\/www.billion.fr\/wp-content\/uploads\/independent-open-nozzles_crop-300x138.jpg 300w, https:\/\/www.billion.fr\/wp-content\/uploads\/independent-open-nozzles_crop-768x353.jpg 768w, https:\/\/www.billion.fr\/wp-content\/uploads\/independent-open-nozzles_crop.jpg 1000w\" sizes=\"auto, (max-width: 761px) 100vw, 761px\" \/><\/a>\n<\/div>\n<div class=\"text-caps-injection\">\n<h3>PROCESS SURMOULAGE<\/h3>\n<p><strong>Injection d\u2019une seconde mati\u00e8re<\/strong> sur la premi\u00e8re <strong>dans le m\u00eame moule<\/strong>.<\/p>\n<\/div>\n<\/div>\n<div class=\"caps-multi-injection restore-space-inline-block\">\n<div class=\"caps-thumb-injection\">\n<a href=\"https:\/\/www.billion.fr\/wp-content\/uploads\/patented-combined-nozzle-1.jpg\" class=\"fancybox transitions\" rel=\"gallery\" title=\"Moulage sandwich et effets de couleur\"><img loading=\"lazy\" decoding=\"async\" src=\"https:\/\/www.billion.fr\/wp-content\/uploads\/patented-combined-nozzle_crop-761x350.jpg\" alt=\"Moulage sandwich et effets de couleur\" title=\"Moulage sandwich et effets de couleur\" width=\"761\" height=\"350\" class=\"alignnone size-Caps-multi-injection wp-image-1197 transitions\" srcset=\"https:\/\/www.billion.fr\/wp-content\/uploads\/patented-combined-nozzle_crop-761x350.jpg 761w, https:\/\/www.billion.fr\/wp-content\/uploads\/patented-combined-nozzle_crop-300x138.jpg 300w, https:\/\/www.billion.fr\/wp-content\/uploads\/patented-combined-nozzle_crop-768x353.jpg 768w, https:\/\/www.billion.fr\/wp-content\/uploads\/patented-combined-nozzle_crop.jpg 1000w\" sizes=\"auto, (max-width: 761px) 100vw, 761px\" \/><\/a>\n<\/div>\n<div class=\"text-caps-injection\">\n<h3>MOULAGE SANDWICH &#038; EFFETS COULEURS<\/h3>\n<p>Mati\u00e8re de peau <strong>diff\u00e9rente<\/strong> de la mati\u00e8re de c\u0153ur.<\/p>\n<\/div>\n<\/div>\n<div class=\"caps-multi-injection restore-space-inline-block\">\n<div class=\"caps-thumb-injection\">\n<a href=\"https:\/\/www.billion.fr\/wp-content\/uploads\/p-p-independent-injection.jpg\" title=\"Presse tri-mati\u00e8re avec injection Plug&#038;Play verticale\" class=\"fancybox transitions\" rel=\"gallery\"><img loading=\"lazy\" decoding=\"async\" src=\"https:\/\/www.billion.fr\/wp-content\/uploads\/p-p-independent-injection_crop-761x350.jpg\" alt=\"Presse tri-mati\u00e8re avec injection Plug&#038;Play verticale\" title=\"Presse tri-mati\u00e8re avec injection Plug&#038;Play verticale\" width=\"761\" height=\"350\" class=\"alignnone size-Caps-multi-injection wp-image-1199 transitions\" srcset=\"https:\/\/www.billion.fr\/wp-content\/uploads\/p-p-independent-injection_crop-761x350.jpg 761w, https:\/\/www.billion.fr\/wp-content\/uploads\/p-p-independent-injection_crop-300x138.jpg 300w, https:\/\/www.billion.fr\/wp-content\/uploads\/p-p-independent-injection_crop-768x353.jpg 768w, https:\/\/www.billion.fr\/wp-content\/uploads\/p-p-independent-injection_crop.jpg 1000w\" sizes=\"auto, (max-width: 761px) 100vw, 761px\" \/><\/a>\n<\/div>\n<div class=\"text-caps-injection\">\n<h3>PLUG&#038;PLAY<\/h3>\n<p>Gr\u00e2ce \u00e0 l\u2019implantation d\u2019une <strong>injection Plug &#038; Play ind\u00e9pendante<\/strong> (verticale ou horizontale), il est possible de <strong>transformer une presse mono-mati\u00e8re<\/strong> en presse bi-mati\u00e8re.<\/p>\n<\/div>\n<\/div>\n<div class=\"caps-multi-injection restore-space-inline-block\">\n<div class=\"caps-thumb-injection\">\n<a href=\"https:\/\/www.billion.fr\/wp-content\/uploads\/easyturn.jpg\" title=\"Easyturn pour vos applications de surmoulage\" class=\"fancybox transitions\" rel=\"gallery\"><img loading=\"lazy\" decoding=\"async\" src=\"https:\/\/www.billion.fr\/wp-content\/uploads\/easyturn_crop-761x350.jpg\" alt=\"Easyturn pour vos applications de surmoulage\" title=\"Easyturn pour vos applications de surmoulage\" width=\"761\" height=\"350\" class=\"alignnone size-Caps-multi-injection wp-image-1193 transitions\" srcset=\"https:\/\/www.billion.fr\/wp-content\/uploads\/easyturn_crop-761x350.jpg 761w, https:\/\/www.billion.fr\/wp-content\/uploads\/easyturn_crop-300x138.jpg 300w, https:\/\/www.billion.fr\/wp-content\/uploads\/easyturn_crop-768x353.jpg 768w, https:\/\/www.billion.fr\/wp-content\/uploads\/easyturn_crop.jpg 1000w\" sizes=\"auto, (max-width: 761px) 100vw, 761px\" \/><\/a>\n<\/div>\n<div class=\"text-caps-injection\">\n<h3>EASYTURN<\/h3>\n<p>Arbre tournant BILLION <strong>int\u00e9gr\u00e9 \u00e0 la presse<\/strong> pour vos applications de surmoulage. <a href=\"https:\/\/www.billion.fr\/fr\/tendances-innovations\/easyturn\/\" class=\"smaller\">En savoir plus<\/a><\/p>\n<\/div>\n<\/div>\n<\/div>\n<\/div>\n","protected":false},"excerpt":{"rendered":"Pionnier en 1961, expert aujourd\u2019hui, BILLION vous offre un savoir-faire [&#8230;]","protected":false},"author":1,"featured_media":0,"parent":1744,"menu_order":84,"comment_status":"closed","ping_status":"closed","template":"","meta":{"footnotes":""},"class_list":["post-1903","page","type-page","status-publish","hentry"],"_links":{"self":[{"href":"https:\/\/www.billion.fr\/fr\/wp-json\/wp\/v2\/pages\/1903","targetHints":{"allow":["GET"]}}],"collection":[{"href":"https:\/\/www.billion.fr\/fr\/wp-json\/wp\/v2\/pages"}],"about":[{"href":"https:\/\/www.billion.fr\/fr\/wp-json\/wp\/v2\/types\/page"}],"author":[{"embeddable":true,"href":"https:\/\/www.billion.fr\/fr\/wp-json\/wp\/v2\/users\/1"}],"replies":[{"embeddable":true,"href":"https:\/\/www.billion.fr\/fr\/wp-json\/wp\/v2\/comments?post=1903"}],"version-history":[{"count":4,"href":"https:\/\/www.billion.fr\/fr\/wp-json\/wp\/v2\/pages\/1903\/revisions"}],"predecessor-version":[{"id":2137,"href":"https:\/\/www.billion.fr\/fr\/wp-json\/wp\/v2\/pages\/1903\/revisions\/2137"}],"up":[{"embeddable":true,"href":"https:\/\/www.billion.fr\/fr\/wp-json\/wp\/v2\/pages\/1744"}],"wp:attachment":[{"href":"https:\/\/www.billion.fr\/fr\/wp-json\/wp\/v2\/media?parent=1903"}],"curies":[{"name":"wp","href":"https:\/\/api.w.org\/{rel}","templated":true}]}}