{"id":1885,"date":"2017-10-13T08:30:38","date_gmt":"2017-10-13T06:30:38","guid":{"rendered":"https:\/\/www.billion.fr\/?page_id=1885"},"modified":"2017-10-30T09:54:50","modified_gmt":"2017-10-30T08:54:50","slug":"robots","status":"publish","type":"page","link":"https:\/\/www.billion.fr\/fr\/nos-produits-solutions\/robots\/","title":{"rendered":"Robots"},"content":{"rendered":"<div id=\"robots-0\" class=\"chapo\">\n<div class=\"wrapper text-center\">\n<p>Votre production totalement automatis\u00e9e avec notre package &laquo;&nbsp;presse&nbsp;+&nbsp;robot&nbsp;&raquo;<\/p>\n<\/div>\n<\/div>\n<div id=\"robots-1\" class=\"relative\">\n<div class=\"half-block-div half-div-text div-bg-blue\">\n<h2>Une large gamme de robot pour toutes vos applications<\/h2>\n<p>Billion propose un <strong>package complet<\/strong> &laquo;presse \u00e0 injecter + robot&raquo; pour l\u2019<strong>automatisation de vos lignes de production<\/strong>.<\/p>\n<p>Cette solution cl\u00e9 en main se d\u00e9cline pour toutes nos gammes de machines de <strong>40 \u00e0 1100T<\/strong>, et pr\u00e9sente de nombreux avantages :<\/p>\n<ul class=\"list arrow-white\">\n<li>Facilit\u00e9 d\u2019installation <\/li>\n<li>Ergonomie<\/li>\n<li>Economie d\u2019\u00e9nergie<\/li>\n<li>Gains de productivit\u00e9 <\/li>\n<li>Gestion d\u2019achat optimis\u00e9e<\/li>\n<\/ul>\n<p><a href=\"#options-robots\" class=\"btn_default fancybox\">En savoir plus sur les options<\/a><\/p>\n<div class=\"clear\"><\/div>\n<\/div>\n<div class=\"half-block-div ctn-img-absolute right\">\n<a href=\"https:\/\/www.billion.fr\/wp-content\/uploads\/large-gamme-robots-applications-injection-plastiques.jpg\" class=\"fancybox\" rel=\"gallery\" title=\"Billion  - Une large gamme de robots pour vos applications d&#039;injection des mati\u00e8res plastiques\"><img loading=\"lazy\" decoding=\"async\" src=\"https:\/\/www.billion.fr\/wp-content\/uploads\/large-gamme-robots-applications-injection-plastiques.jpg\" alt=\"Billion  - Une large gamme de robots pour vos applications d&#039;injection des mati\u00e8res plastiques\" title=\"Billion  - Une large gamme de robots pour vos applications d&#039;injection des mati\u00e8res plastiques\" width=\"1000\" height=\"946\" class=\"alignnone size-full wp-image-1891 transitions\" srcset=\"https:\/\/www.billion.fr\/wp-content\/uploads\/large-gamme-robots-applications-injection-plastiques.jpg 1000w, https:\/\/www.billion.fr\/wp-content\/uploads\/large-gamme-robots-applications-injection-plastiques-300x284.jpg 300w, https:\/\/www.billion.fr\/wp-content\/uploads\/large-gamme-robots-applications-injection-plastiques-768x727.jpg 768w\" sizes=\"auto, (max-width: 1000px) 100vw, 1000px\" \/><\/a>\n<\/div>\n<div class=\"robots-range\">\n<a href=\"https:\/\/www.billion.fr\/wp-content\/uploads\/robots-range-40-to-1100t.jpg\" class=\"fancybox transitions\" rel=\"gallery\" title=\"Robots Billion -  Une gamme de 40 \u00e0 1100T. Un alli\u00e9 de poids pour vos presses \u00e0 injecter\"><img loading=\"lazy\" decoding=\"async\" src=\"https:\/\/www.billion.fr\/wp-content\/uploads\/robots-range-40-to-1100t.jpg\" alt=\"Robots Billion -  Une gamme de 40 \u00e0 1100T. Un alli\u00e9 de poids pour vos presses \u00e0 injecter\" title=\"Robots Billion -  Une gamme de 40 \u00e0 1100T. Un alli\u00e9 de poids pour vos presses \u00e0 injecter\" width=\"526\" height=\"444\" class=\"alignnone size-full wp-image-1523\" srcset=\"https:\/\/www.billion.fr\/wp-content\/uploads\/robots-range-40-to-1100t.jpg 526w, https:\/\/www.billion.fr\/wp-content\/uploads\/robots-range-40-to-1100t-300x253.jpg 300w\" sizes=\"auto, (max-width: 526px) 100vw, 526px\" \/><\/a>\n<\/div>\n<div id=\"options-robots\" class=\"ctn-img-option-robots\">\n<div class=\"ctn-options-robots\">\n<h3>Options<\/h3>\n<p>Quelques options disponibles sur les robots BILLION :<\/p>\n<ul class=\"list-long-arrow long-arrow-white\">\n<li>Bras vertical t\u00e9lescopique <\/li>\n<li>Rotation R\u2082<\/li>\n<li>Prise des pi\u00e8ces : circuits de vide et\/ou pression suppl\u00e9mentaire<\/li>\n<li>Armoire de commande compacte en bout de poutre<\/li>\n<li>&#8230;<\/li>\n<\/ul>\n<\/div>\n<div class=\"ctn-slide-option\">\n<ul class=\"ctn-thumb-options  owl-carousel\">\n<li class=\"options-robots-1\">\n<img loading=\"lazy\" decoding=\"async\" src=\"https:\/\/www.billion.fr\/wp-content\/uploads\/billion-robots-options-644x300.jpg\" alt=\"Billion - Quelques options sont disponible pour adapter le robot \u00e0 votre \u00e9quipement de transformation plastique\" title=\"Billion - Quelques options sont disponible pour adapter le robot \u00e0 votre \u00e9quipement de transformation plastique\" width=\"644\" height=\"300\" class=\"alignnone size-Machine-home-size wp-image-1506\" \/>\n<\/li>\n<li class=\"options-robots-2\">\n<img loading=\"lazy\" decoding=\"async\" src=\"https:\/\/www.billion.fr\/wp-content\/uploads\/billion-options-robots-644x300.jpg\" alt=\"Les options disponibles sur les robots BILLION permettent une int\u00e9gration maximum \u00e0 votre solution de transformation des thermoplastiques\" title=\"Les options disponibles sur les robots BILLION permettent une int\u00e9gration maximum \u00e0 votre solution de transformation des thermoplastiques\" width=\"644\" height=\"300\" class=\"alignnone size-Machine-home-size wp-image-1504\" \/>\n<\/li>\n<li class=\"options-robots-3\">\n<img loading=\"lazy\" decoding=\"async\" src=\"https:\/\/www.billion.fr\/wp-content\/uploads\/billion-vertical-telescopic-arm-1-644x300.jpg\" alt=\"Parmis les options disponibles pour votre robot BILLION : le bas vertical t\u00e9l\u00e9scopique\" title=\"Parmis les options disponibles pour votre robot BILLION : le bas vertical t\u00e9l\u00e9scopique\" width=\"644\" height=\"300\" class=\"alignnone size-Machine-home-size wp-image-1619\" srcset=\"https:\/\/www.billion.fr\/wp-content\/uploads\/billion-vertical-telescopic-arm-1-644x300.jpg 644w, https:\/\/www.billion.fr\/wp-content\/uploads\/billion-vertical-telescopic-arm-1-300x140.jpg 300w, https:\/\/www.billion.fr\/wp-content\/uploads\/billion-vertical-telescopic-arm-1-768x358.jpg 768w, https:\/\/www.billion.fr\/wp-content\/uploads\/billion-vertical-telescopic-arm-1.jpg 800w\" sizes=\"auto, (max-width: 644px) 100vw, 644px\" \/>\n<\/li>\n<\/ul>\n<\/div>\n<\/div>\n<\/div>\n<div id=\"robots-2\" class=\"relative\">\n<div class=\"robots-text-2 div-bg-blue2 right\">\n<h2>Commande robot effectu\u00e9e via DIXIT<\/h2>\n<p>Le contr\u00f4le du robot est int\u00e9gr\u00e9 dans l\u2019automatisme DIXIT de la presse afin de vous fournir une programmation simple, rapide et intuitive.<\/p>\n<p>Toutes les op\u00e9rations machine et robot, \u00e0 l\u2019int\u00e9rieur et \u00e0 l\u2019ext\u00e9rieur de l\u2019outillage, sont ainsi d\u00e9finies et contr\u00f4l\u00e9es \u00e0 partir du seul \u00e9cran DIXIT.<\/p>\n<\/div>\n<div class=\"robots-img-2 ctn-img-absolute left\">\n<a href=\"https:\/\/www.billion.fr\/wp-content\/uploads\/visual3_large.jpg\" class=\"fancybox transitions\" rel=\"gallery\" title=\"Le contr\u00f4le du robot est int\u00e9gr\u00e9 dans l\u2019automatisme DIXIT de la presse\"><img loading=\"lazy\" decoding=\"async\" src=\"https:\/\/www.billion.fr\/wp-content\/uploads\/visual3_thumb-1.jpg\" alt=\"Le contr\u00f4le du robot est int\u00e9gr\u00e9 dans l\u2019automatisme DIXIT de la presse\" title=\"Le contr\u00f4le du robot est int\u00e9gr\u00e9 dans l\u2019automatisme DIXIT de la presse\" width=\"990\" height=\"587\" class=\"alignnone size-full wp-image-1611 transitions\" srcset=\"https:\/\/www.billion.fr\/wp-content\/uploads\/visual3_thumb-1.jpg 990w, https:\/\/www.billion.fr\/wp-content\/uploads\/visual3_thumb-1-300x178.jpg 300w, https:\/\/www.billion.fr\/wp-content\/uploads\/visual3_thumb-1-768x455.jpg 768w\" sizes=\"auto, (max-width: 990px) 100vw, 990px\" \/><\/a>\n<\/div>\n<\/div>\n<\/div>\n<\/div>\n","protected":false},"excerpt":{"rendered":"Votre production totalement automatis\u00e9e avec notre package &laquo;&nbsp;presse&nbsp;+&nbsp;robot&nbsp;&raquo; Une large [&#8230;]","protected":false},"author":1,"featured_media":0,"parent":1744,"menu_order":89,"comment_status":"closed","ping_status":"closed","template":"","meta":{"footnotes":""},"class_list":["post-1885","page","type-page","status-publish","hentry"],"_links":{"self":[{"href":"https:\/\/www.billion.fr\/fr\/wp-json\/wp\/v2\/pages\/1885","targetHints":{"allow":["GET"]}}],"collection":[{"href":"https:\/\/www.billion.fr\/fr\/wp-json\/wp\/v2\/pages"}],"about":[{"href":"https:\/\/www.billion.fr\/fr\/wp-json\/wp\/v2\/types\/page"}],"author":[{"embeddable":true,"href":"https:\/\/www.billion.fr\/fr\/wp-json\/wp\/v2\/users\/1"}],"replies":[{"embeddable":true,"href":"https:\/\/www.billion.fr\/fr\/wp-json\/wp\/v2\/comments?post=1885"}],"version-history":[{"count":5,"href":"https:\/\/www.billion.fr\/fr\/wp-json\/wp\/v2\/pages\/1885\/revisions"}],"predecessor-version":[{"id":2142,"href":"https:\/\/www.billion.fr\/fr\/wp-json\/wp\/v2\/pages\/1885\/revisions\/2142"}],"up":[{"embeddable":true,"href":"https:\/\/www.billion.fr\/fr\/wp-json\/wp\/v2\/pages\/1744"}],"wp:attachment":[{"href":"https:\/\/www.billion.fr\/fr\/wp-json\/wp\/v2\/media?parent=1885"}],"curies":[{"name":"wp","href":"https:\/\/api.w.org\/{rel}","templated":true}]}}