{"id":1831,"date":"2017-10-12T16:48:15","date_gmt":"2017-10-12T14:48:15","guid":{"rendered":"https:\/\/www.billion.fr\/?page_id=1831"},"modified":"2017-10-13T16:22:00","modified_gmt":"2017-10-13T14:22:00","slug":"billion-dans-le-monde","status":"publish","type":"page","link":"https:\/\/www.billion.fr\/fr\/billion-dans-le-monde\/","title":{"rendered":"Billion dans le monde"},"content":{"rendered":"<div id=\"worldwide-0\" class=\"chapo\">\n<div class=\"text-center\">\nBas\u00e9e en France, au c\u0153ur de la Plastics Vall\u00e9e, Billion est repr\u00e9sent\u00e9 dans le monde par le biais de filiales et d\u2019agents commerciaux.\n<\/div>\n<\/div>\n","protected":false},"excerpt":{"rendered":"Bas\u00e9e en France, au c\u0153ur de la Plastics Vall\u00e9e, Billion [&#8230;]","protected":false},"author":1,"featured_media":0,"parent":0,"menu_order":108,"comment_status":"closed","ping_status":"closed","template":"page-templates\/worldwide-page.php","meta":{"footnotes":""},"class_list":["post-1831","page","type-page","status-publish","hentry"],"_links":{"self":[{"href":"https:\/\/www.billion.fr\/fr\/wp-json\/wp\/v2\/pages\/1831","targetHints":{"allow":["GET"]}}],"collection":[{"href":"https:\/\/www.billion.fr\/fr\/wp-json\/wp\/v2\/pages"}],"about":[{"href":"https:\/\/www.billion.fr\/fr\/wp-json\/wp\/v2\/types\/page"}],"author":[{"embeddable":true,"href":"https:\/\/www.billion.fr\/fr\/wp-json\/wp\/v2\/users\/1"}],"replies":[{"embeddable":true,"href":"https:\/\/www.billion.fr\/fr\/wp-json\/wp\/v2\/comments?post=1831"}],"version-history":[{"count":2,"href":"https:\/\/www.billion.fr\/fr\/wp-json\/wp\/v2\/pages\/1831\/revisions"}],"predecessor-version":[{"id":1879,"href":"https:\/\/www.billion.fr\/fr\/wp-json\/wp\/v2\/pages\/1831\/revisions\/1879"}],"wp:attachment":[{"href":"https:\/\/www.billion.fr\/fr\/wp-json\/wp\/v2\/media?parent=1831"}],"curies":[{"name":"wp","href":"https:\/\/api.w.org\/{rel}","templated":true}]}}