{"id":1813,"date":"2017-10-12T15:50:19","date_gmt":"2017-10-12T13:50:19","guid":{"rendered":"https:\/\/www.billion.fr\/?page_id=1813"},"modified":"2017-10-30T09:28:09","modified_gmt":"2017-10-30T08:28:09","slug":"gm-430-1100t","status":"publish","type":"page","link":"https:\/\/www.billion.fr\/fr\/nos-produits-solutions\/gammes\/gm-430-1100t\/","title":{"rendered":"GM 430-1100 Tonnes"},"content":{"rendered":"<div class=\"caps-machine div-bg-blue2\">\n<div class=\"text-caps-machine\">\n<h2>Presses GM<\/h2>\n<p class=\"title-chapo\">PRESSES \u00c0 INJECTER HYDRAULIQUES ET HYBRIDES<\/p>\n<ul class=\"list-long-arrow long-arrow-white\">\n<li><strong>Verrouillage \u00e0 opercule<\/strong>, exclusivit\u00e9 Billion.<\/li>\n<\/ul>\n<p class=\"teasing\"><a href=\"#gm-1\" class=\"transitions\">Une gamme de machines performantes &#038; polyvalentes adapt\u00e9es \u00e0 tous vos projets.<\/a><\/p>\n<\/div>\n<div class=\"thumb-caps-machine\">\n<a href=\"https:\/\/www.billion.fr\/wp-content\/uploads\/GM-range.jpg\" title=\"La gamme GM r\u00e9pond aux besoins des professionnels l'injection des mati\u00e8res plastiques\" class=\"fancybox\" rel=\"gallery\"><br \/>\n<img loading=\"lazy\" decoding=\"async\" src=\"https:\/\/www.billion.fr\/wp-content\/uploads\/GM-range.jpg\" alt=\"La gamme GM r\u00e9pond aux besoins des professionnels l'injection des mati\u00e8res plastiques\" title=\"La gamme GM r\u00e9pond aux besoins des professionnels l'injection des mati\u00e8res plastiques\" width=\"1000\" height=\"382\" class=\"alignnone size-full wp-image-1205\" srcset=\"https:\/\/www.billion.fr\/wp-content\/uploads\/GM-range.jpg 1000w, https:\/\/www.billion.fr\/wp-content\/uploads\/GM-range-300x115.jpg 300w, https:\/\/www.billion.fr\/wp-content\/uploads\/GM-range-768x293.jpg 768w\" sizes=\"auto, (max-width: 1000px) 100vw, 1000px\" \/><\/a>\n<\/div>\n<\/div>\n<div id=\"gm-1\" class=\"relative\">\n<div class=\"half-block-div half-div-text div-bg-blue\">\n<h2>Gamme GM 430-1100T<\/h2>\n<p><strong>Produire \u00e0 moindre co\u00fbt<\/strong>, <strong>garantir une qualit\u00e9<\/strong> des pi\u00e8ces optimale, <strong>s\u2019adapter ais\u00e9ment<\/strong> \u00e0 tout changement de moule ou de cadence : la gamme GM r\u00e9pond \u00e0 toutes ces exigences.<\/p>\n<p>Disponibles en version <strong>hydraulique<\/strong> ou <strong>hybride<\/strong> et en <strong>mono<\/strong> ou <strong>multi-mati\u00e8re<\/strong>, ces \u00e9quipements mettent en \u0153uvre une grande vari\u00e9t\u00e9 d\u2019applications et de mati\u00e8res transform\u00e9es telles que TP, PVC, LSR, Composites\u2026<\/p>\n<p>&nbsp;<\/p>\n<h3>Fermeture GM, Verrouillage \u00e0 opercule, exclusivit\u00e9 Billion<\/h3>\n<p>Deux v\u00e9rins d\u00e9placent le plateau mobile et les 4 quilles de pouss\u00e9e jusqu\u2019\u00e0 la compl\u00e8te fermeture du moule.<\/p>\n<p><a href=\"#more-clampling\" class=\"fancybox transitions more-link\">En savoir plus<\/a><\/p>\n<div id=\"more-clampling\" class=\"div-bg-blue2\">\n<div class=\"thumb-clamping\">\n<img loading=\"lazy\" decoding=\"async\" src=\"https:\/\/www.billion.fr\/wp-content\/uploads\/Clamping-unit-double-toggle.png\" alt=\"Fermeture des presse \u00e0 injection GM, Verrouillage \u00e0 opercule, exclusivit\u00e9 Billion\" width=\"760\" height=\"577\" class=\"alignnone size-full wp-image-1567\" srcset=\"https:\/\/www.billion.fr\/wp-content\/uploads\/Clamping-unit-double-toggle.png 760w, https:\/\/www.billion.fr\/wp-content\/uploads\/Clamping-unit-double-toggle-300x228.png 300w\" sizes=\"auto, (max-width: 760px) 100vw, 760px\" \/>\n<\/div>\n<h3>Fermeture GM, Verrouillage \u00e0 opercule, exclusivit\u00e9 Billion<\/h3>\n<p>Deux v\u00e9rins d\u00e9placent le plateau mobile et les 4 quilles de pouss\u00e9e jusqu\u2019\u00e0 la compl\u00e8te fermeture du moule.<\/p>\n<p>La plaque opercule s\u2019intercale entre les quilles et le v\u00e9rin de verrouillage.<\/p>\n<p>La force de verrouillage peut \u00eatre alors transmise sur le moule.<\/p>\n<p>Apr\u00e8s le d\u00e9verrouillage, la plaque opercule est lib\u00e9r\u00e9e et recule.<\/p>\n<p>Les v\u00e9rins d\u2019ouverture entra\u00eenent alors le plateau mobile jusqu\u2019\u00e0 la position moule ouvert.<\/p>\n<p>Les quilles de pouss\u00e9e s\u2019effacent \u00e0 l\u2019int\u00e9rieur du v\u00e9rin de verrouillage.<\/p>\n<div class=\"clear\"><\/div>\n<\/div>\n<\/div>\n<div class=\"half-block-div ctn-img-absolute right top\">\n<a href=\"https:\/\/www.billion.fr\/wp-content\/uploads\/gm-range-430-to-1100t.jpg\"  class=\"fancybox\" rel=\"gallery\" title=\"Gamme de presse \u00e0 injecter GM  de 430 \u00e0 1100\"><img loading=\"lazy\" decoding=\"async\" src=\"https:\/\/www.billion.fr\/wp-content\/uploads\/gm-range-430-to-1100t.jpg\" alt=\"Gamme de presse \u00e0 injecter GM  de 430 \u00e0 1100\" title=\"Gamme de presse \u00e0 injecter GM  de 430 \u00e0 1100\" width=\"1000\" height=\"481\" class=\"alignnone size-full wp-image-1374 transitions\" srcset=\"https:\/\/www.billion.fr\/wp-content\/uploads\/gm-range-430-to-1100t.jpg 1000w, https:\/\/www.billion.fr\/wp-content\/uploads\/gm-range-430-to-1100t-300x144.jpg 300w, https:\/\/www.billion.fr\/wp-content\/uploads\/gm-range-430-to-1100t-768x369.jpg 768w\" sizes=\"auto, (max-width: 1000px) 100vw, 1000px\" \/><\/a>\n<\/div>\n<div class=\"half-block-div ctn-img-absolute right bottom\">\n<a href=\"https:\/\/www.billion.fr\/wp-content\/uploads\/gm-range-improved-productivity.jpg\" class=\"fancybox\" rel=\"gallery\" title=\"La gamme de presse \u00e0 injecter GM augmente la productivit\u00e9\"><img loading=\"lazy\" decoding=\"async\" src=\"https:\/\/www.billion.fr\/wp-content\/uploads\/gm-range-improved-productivity.jpg\" alt=\"La gamme de presse \u00e0 injecter GM augmente la productivit\u00e9\" title=\"La gamme de presse \u00e0 injecter GM augmente la productivit\u00e9\" width=\"1000\" height=\"481\" class=\"alignnone size-full wp-image-1376 transitions\" srcset=\"https:\/\/www.billion.fr\/wp-content\/uploads\/gm-range-improved-productivity.jpg 1000w, https:\/\/www.billion.fr\/wp-content\/uploads\/gm-range-improved-productivity-300x144.jpg 300w, https:\/\/www.billion.fr\/wp-content\/uploads\/gm-range-improved-productivity-768x369.jpg 768w\" sizes=\"auto, (max-width: 1000px) 100vw, 1000px\" \/><\/a>\n<\/div>\n<\/div>\n<div id=\"gm-1b\" class=\"relative\">\n<div class=\"half-block-div half-div-text div-bg-blue2 right\">\n<h2>Centrale hydraulique avec accumulateurs<\/h2>\n<p>La centrale hydraulique \u00e0 pompe \u00e0 d\u00e9bit fixe et accumulateurs autorise des mouvements tr\u00e8s rapides et simultan\u00e9s.<\/p>\n<p>Le syst\u00e8me hydraulique, compos\u00e9 de valves et d\u2019actionneurs de type proportionnel plac\u00e9s au plus pr\u00e8s des v\u00e9rins, garantit un fonctionnement r\u00e9actif.<\/p>\n<p>L\u2019\u00e9nergie stock\u00e9e dans les accumulateurs permet de faire face aux pointes de consommation.<\/p>\n<ul class=\"list-long-arrow long-arrow-white\">\n<li>Temps de cycle courts<\/li>\n<li>Puissance install\u00e9e r\u00e9duite<\/li>\n<li>Gain \u00e9nerg\u00e9tique <\/li>\n<\/ul>\n<p><a href=\"https:\/\/www.billion.fr\/wp-content\/uploads\/schema-systeme-hydraulique.jpg\" class=\"fancybox transitions more-link\" title=\"Centrale hydraulique avec accumulateurs\" >En savoir plus<\/a><\/p>\n<\/div>\n<div class=\"half-block-div ctn-img-absolute left\">\n<a href=\"https:\/\/www.billion.fr\/wp-content\/uploads\/centrale-hydraulique-avec-accumulateurs.jpg\" class=\"fancybox\" rel=\"gallery\" title=\"Centrale hydraulique BILLION avec accumulateurs\"><img loading=\"lazy\" decoding=\"async\" src=\"https:\/\/www.billion.fr\/wp-content\/uploads\/centrale-hydraulique-avec-accumulateurs.jpg\" alt=\"Centrale hydraulique BILLION avec accumulateurs\" title=\"Centrale hydraulique BILLION avec accumulateurs\" width=\"1000\" height=\"856\" class=\"alignnone size-full wp-image-1942 transitions\" srcset=\"https:\/\/www.billion.fr\/wp-content\/uploads\/centrale-hydraulique-avec-accumulateurs.jpg 1000w, https:\/\/www.billion.fr\/wp-content\/uploads\/centrale-hydraulique-avec-accumulateurs-300x257.jpg 300w, https:\/\/www.billion.fr\/wp-content\/uploads\/centrale-hydraulique-avec-accumulateurs-768x657.jpg 768w\" sizes=\"auto, (max-width: 1000px) 100vw, 1000px\" \/><\/a>\n<\/div>\n<\/div>\n<div id=\"gm-2\" class=\"relative\">\n<div class=\"half-block-div half-div-text div-bg-blue\">\n<h2>Pourquoi choisir GM<\/h2>\n<ul class=\"list arrow-white\">\n<li>Ch\u00e2ssis <strong>rigide<\/strong> &#038; <strong>robuste<\/strong><\/li>\n<li>Mouvements <strong>fluides<\/strong> et <strong>rapides<\/strong><\/li>\n<li>Tr\u00e8s <strong>grande taille<\/strong> de plateaux<\/li>\n<li><strong>Parall\u00e9lisme parfait<\/strong> des plateaux<\/li>\n<li><strong>Verrouillage<\/strong> au centre <\/li>\n<li>Distribution des \u00e9nergies, effectu\u00e9e par guide \u00e0 cha\u00eenes sur le plateau mobile, <strong>jusqu\u2019\u00e0 12 asservissements<\/strong><\/li>\n<li><strong>Epaisseur moule mini\/maxi ajust\u00e9e<\/strong> par le piston de verrouillage<\/li>\n<li><strong>Cage d\u2019\u00e9jection<\/strong> large et facile d\u2019acc\u00e8s<\/li>\n<\/ul>\n<\/div>\n<div class=\"half-block-div ctn-img-absolute top-left\">\n<a href=\"https:\/\/www.billion.fr\/wp-content\/uploads\/gm-a-lot-of-advantages.jpg\" class=\"fancybox\" rel=\"gallery\" title=\"Gamme de presse a injection GM\"><img loading=\"lazy\" decoding=\"async\" src=\"https:\/\/www.billion.fr\/wp-content\/uploads\/gm-a-lot-of-advantages.jpg\" alt=\"Gamme de presse a injection GM\" title=\"Gamme de presse a injection GM\" width=\"700\" height=\"481\" class=\"alignnone size-full wp-image-1348 transitions\" srcset=\"https:\/\/www.billion.fr\/wp-content\/uploads\/gm-a-lot-of-advantages.jpg 700w, https:\/\/www.billion.fr\/wp-content\/uploads\/gm-a-lot-of-advantages-300x206.jpg 300w\" sizes=\"auto, (max-width: 700px) 100vw, 700px\" \/><\/a>\n<\/div>\n<div class=\"half-block-div ctn-img-absolute top-right\">\n<a href=\"https:\/\/www.billion.fr\/wp-content\/uploads\/advantage-of-gm-range.jpg\" class=\"fancybox\" rel=\"gallery\" title=\"Presse \u00e0 injecter GM - Mouvements fluides et rapides\"><img loading=\"lazy\" decoding=\"async\" src=\"https:\/\/www.billion.fr\/wp-content\/uploads\/advantage-of-gm-range.jpg\" alt=\"Presse \u00e0 injecter GM - Mouvements fluides et rapides\" title=\"Presse \u00e0 injecter GM - Mouvements fluides et rapides\" width=\"700\" height=\"481\" class=\"alignnone size-full wp-image-1354\" srcset=\"https:\/\/www.billion.fr\/wp-content\/uploads\/advantage-of-gm-range.jpg 700w, https:\/\/www.billion.fr\/wp-content\/uploads\/advantage-of-gm-range-300x206.jpg 300w\" sizes=\"auto, (max-width: 700px) 100vw, 700px\" \/><\/a>\n<\/div>\n<div class=\"half-block-div ctn-img-absolute bottom-left\">\n<a href=\"https:\/\/www.billion.fr\/wp-content\/uploads\/gm-robust-and-right-frame.jpg\" class=\"fancybox\" rel=\"gallery\" title=\"Injection thermoplastique avec les presse GM - Ch\u00e2ssis rigide &#038; robuste \"><img loading=\"lazy\" decoding=\"async\" src=\"https:\/\/www.billion.fr\/wp-content\/uploads\/gm-robust-and-right-frame.jpg\" alt=\"Injection thermoplastique avec les presse GM - Ch\u00e2ssis rigide &#038; robuste\" title=\"Injection thermoplastique avec les presse GM - Ch\u00e2ssis rigide &#038; robuste\" width=\"700\" height=\"481\" class=\"alignnone size-full wp-image-1352 transitions\" srcset=\"https:\/\/www.billion.fr\/wp-content\/uploads\/gm-robust-and-right-frame.jpg 700w, https:\/\/www.billion.fr\/wp-content\/uploads\/gm-robust-and-right-frame-300x206.jpg 300w\" sizes=\"auto, (max-width: 700px) 100vw, 700px\" \/><\/a>\n<\/div>\n<div class=\"half-block-div ctn-img-absolute bottom-right\">\n<a href=\"https:\/\/www.billion.fr\/wp-content\/uploads\/gm-ranges-advantages.jpg\" class=\"fancybox\" rel=\"gallery\" title=\"Gamme GM et transformation des plastiques - Parall\u00e9lisme parfait des plateaux\"><img loading=\"lazy\" decoding=\"async\" src=\"https:\/\/www.billion.fr\/wp-content\/uploads\/gm-ranges-advantages.jpg\" alt=\"Gamme GM et transformation des plastiques - Parall\u00e9lisme parfait des plateaux\" title=\"Gamme GM et transformation des plastiques - Parall\u00e9lisme parfait des plateaux\" width=\"700\" height=\"481\" class=\"alignnone size-full wp-image-1350 transitions\" srcset=\"https:\/\/www.billion.fr\/wp-content\/uploads\/gm-ranges-advantages.jpg 700w, https:\/\/www.billion.fr\/wp-content\/uploads\/gm-ranges-advantages-300x206.jpg 300w\" sizes=\"auto, (max-width: 700px) 100vw, 700px\" \/><\/a>\n<\/div>\n<\/div>\n","protected":false},"excerpt":{"rendered":"Presses GM PRESSES \u00c0 INJECTER HYDRAULIQUES ET HYBRIDES Verrouillage \u00e0 [&#8230;]","protected":false},"author":1,"featured_media":0,"parent":1746,"menu_order":74,"comment_status":"closed","ping_status":"closed","template":"page-templates\/products-page-child.php","meta":{"footnotes":""},"class_list":["post-1813","page","type-page","status-publish","hentry"],"_links":{"self":[{"href":"https:\/\/www.billion.fr\/fr\/wp-json\/wp\/v2\/pages\/1813","targetHints":{"allow":["GET"]}}],"collection":[{"href":"https:\/\/www.billion.fr\/fr\/wp-json\/wp\/v2\/pages"}],"about":[{"href":"https:\/\/www.billion.fr\/fr\/wp-json\/wp\/v2\/types\/page"}],"author":[{"embeddable":true,"href":"https:\/\/www.billion.fr\/fr\/wp-json\/wp\/v2\/users\/1"}],"replies":[{"embeddable":true,"href":"https:\/\/www.billion.fr\/fr\/wp-json\/wp\/v2\/comments?post=1813"}],"version-history":[{"count":5,"href":"https:\/\/www.billion.fr\/fr\/wp-json\/wp\/v2\/pages\/1813\/revisions"}],"predecessor-version":[{"id":2129,"href":"https:\/\/www.billion.fr\/fr\/wp-json\/wp\/v2\/pages\/1813\/revisions\/2129"}],"up":[{"embeddable":true,"href":"https:\/\/www.billion.fr\/fr\/wp-json\/wp\/v2\/pages\/1746"}],"wp:attachment":[{"href":"https:\/\/www.billion.fr\/fr\/wp-json\/wp\/v2\/media?parent=1813"}],"curies":[{"name":"wp","href":"https:\/\/api.w.org\/{rel}","templated":true}]}}