{"id":1793,"date":"2017-10-12T15:08:15","date_gmt":"2017-10-12T13:08:15","guid":{"rendered":"https:\/\/www.billion.fr\/?page_id=1793"},"modified":"2018-01-09T15:11:41","modified_gmt":"2018-01-09T14:11:41","slug":"billion-recrute","status":"publish","type":"page","link":"https:\/\/www.billion.fr\/fr\/billion-recrute\/","title":{"rendered":"Billion recrute"},"content":{"rendered":"<div id=\"career-0\" class=\"chapo\">\n<div class=\"wrapper text-center\">\n<p>Billion vous offre des emplois tr\u00e8s diversifi\u00e9s, de la <strong>conception<\/strong> \u00e0 la <strong>commercialisation<\/strong> de nos presses, en passant par la <strong>construction<\/strong>, ainsi que le <strong>service<\/strong> (le service apr\u00e8s-vente, le Centre technique et la formation) et les <strong>fonctions supports<\/strong>.<\/p>\n<p>Vous \u00eates passionn\u00e9(e) de technologies et d\u2019innovations ? Alors, rejoignez-nous !<\/p>\n<p><a class=\"btn_default transitions\" href=\"https:\/\/www.billion.fr\/fr\/billion-recrute\/nos-offres\/\">Voir nos offres<\/a><\/p>\n<\/div>\n<\/div>\n<div id=\"career-1\">\n<div class=\"erase-space-inline-block\">\n<div class=\"secteur-job restore-space-inline-block\">\n<div class=\"half-block-div half-div-text div-bg-blue\">\n<h3>Centre Technique<\/h3>\n<div class=\"text-secteur-job\">\n<p>Fabricant de biens d\u2019\u00e9quipements, nous devons rester tr\u00e8s proches du m\u00e9tier de nos clients : la transformation des mati\u00e8res plastiques.<\/p>\n<p>C\u2019est la mission de notre <strong>\u00e9quipe de plasturgistes<\/strong> rassembl\u00e9e au sein du <strong>Centre Technique<\/strong>.<\/p>\n<p>Ces sp\u00e9cialistes pr\u00e9sentent nos technologies et proc\u00e9d\u00e9s dans notre showroom mais aussi sur les principaux salons internationaux.<\/p>\n<p>Ils se d\u00e9placent \u00e9galement en client\u00e8le pour des <strong>activit\u00e9s de conseils<\/strong> ou des <strong>essais de moule<\/strong> ou de <strong>mati\u00e8res<\/strong>.<\/p>\n<p>Les profils recherch\u00e9s ici sont des <strong>techniciens sup\u00e9rieurs<\/strong> et <strong>ing\u00e9nieurs sp\u00e9cialis\u00e9s en plasturgie<\/strong>.<\/p>\n<\/div>\n<\/div>\n<div class=\"half-block-div ctn-img-absolute right\"><a class=\"fancybox\" title=\"Billion - Un centre technique compos\u00e9 d'expert en plasturgie et transformation des plastiques\" href=\"https:\/\/www.billion.fr\/wp-content\/uploads\/billion-centre-technique.jpg\" rel=\"gallery\"><img loading=\"lazy\" decoding=\"async\" class=\"alignnone size-full wp-image-1797 transitions\" title=\"Billion - Un centre technique compos\u00e9 d'expert en plasturgie et transformation des plastiques\" src=\"https:\/\/www.billion.fr\/wp-content\/uploads\/billion-centre-technique.jpg\" alt=\"Billion - Un centre technique compos\u00e9 d'expert en plasturgie et transformation des plastiques\" width=\"1000\" height=\"759\" srcset=\"https:\/\/www.billion.fr\/wp-content\/uploads\/billion-centre-technique.jpg 1000w, https:\/\/www.billion.fr\/wp-content\/uploads\/billion-centre-technique-300x228.jpg 300w, https:\/\/www.billion.fr\/wp-content\/uploads\/billion-centre-technique-768x583.jpg 768w\" sizes=\"auto, (max-width: 1000px) 100vw, 1000px\" \/><\/a><\/div>\n<\/div>\n<div id=\"design-dep\" class=\"secteur-job restore-space-inline-block div-bg-red\">\n<h3>Bureaux d&rsquo;Etudes et Conception<\/h3>\n<div class=\"text-secteur-job\">\n<p>La <strong>conception<\/strong> de nos produits, tout comme leur <strong>adaptation \u00e0 des besoins sp\u00e9cifiques<\/strong>, est assur\u00e9e int\u00e9gralement par nos bureaux d\u2019\u00e9tudes sur le site de Bellignat.<\/p>\n<p>Nous disposons d\u2019une \u00e9quipe de techniciens et d\u2019ing\u00e9nieurs sp\u00e9cialis\u00e9s dans les domaines de la <strong>m\u00e9canique<\/strong>, la <strong>m\u00e9catronique<\/strong>, l\u2019<strong>hydraulique<\/strong>, l\u2019<strong>\u00e9lectrotechnique<\/strong> et l\u2019<strong>informatique industrielle<\/strong>.<\/p>\n<p>Nous recrutons dans ces sp\u00e9cialit\u00e9s du niveau de <strong>technicien sup\u00e9rieur \u00e0 ing\u00e9nieur<\/strong>.<\/p>\n<\/div>\n<\/div>\n<div id=\"prod-dep\" class=\"secteur-job restore-space-inline-block\">\n<h3>Production<\/h3>\n<div class=\"text-secteur-job\">\n<p>Notre service production est en charge de la construction compl\u00e8te des <strong>presses \u00e0 injecter<\/strong> le plastique.<\/p>\n<p>Nous int\u00e9grons des profils divers tels que des <strong>\u00e9lectrotechniciens<\/strong>, des <strong>m\u00e9caniciens<\/strong>, des <strong>tourneurs<\/strong>, des <strong>fraiseurs<\/strong>, des <strong>peintres<\/strong> et des <strong>techniciens de maintenance<\/strong>.<\/p>\n<p><a class=\"btn_default\" href=\"https:\/\/www.billion.fr\/fr\/nos-produits-solutions\/gammes\/gm-430-1100t\/\">En savoir plus sur nos presses \u00e0 injecter<\/a><\/p>\n<div class=\"clear\"><\/div>\n<\/div>\n<\/div>\n<div class=\"secteur-job restore-space-inline-block\">\n<div class=\"half-block-div ctn-img-absolute left\"><img loading=\"lazy\" decoding=\"async\" class=\"alignnone wp-image-3030 size-large\" src=\"https:\/\/www.billion.fr\/wp-content\/uploads\/Service-Commercial-1024x797.jpg\" alt=\"\" width=\"1024\" height=\"797\" srcset=\"https:\/\/www.billion.fr\/wp-content\/uploads\/Service-Commercial-1024x797.jpg 1024w, https:\/\/www.billion.fr\/wp-content\/uploads\/Service-Commercial-300x234.jpg 300w, https:\/\/www.billion.fr\/wp-content\/uploads\/Service-Commercial-768x598.jpg 768w, https:\/\/www.billion.fr\/wp-content\/uploads\/Service-Commercial.jpg 1116w\" sizes=\"auto, (max-width: 1024px) 100vw, 1024px\" \/><\/div>\n<div class=\"half-block-div half-div-text right div-bg-blue\">\n<h3>Commercial et fonctions supports<\/h3>\n<div class=\"text-secteur-job\">\n<p>Nos \u00e9quipes commerciales sont pr\u00e9sentes sur le terrain, en <strong>France<\/strong> et \u00e0 l\u2019<strong>international<\/strong>, pour r\u00e9pondre aux besoins de nos clients.<\/p>\n<p>Les fonctions supports sont toutes regroup\u00e9es sur <strong>notre site de Bellignat<\/strong>\u00a0:<br \/>\n<strong>administration des ventes<\/strong>, <strong>comptabilit\u00e9<\/strong>, <strong>ressources humaines<\/strong>, <strong>achats<\/strong>, <strong>qualit\u00e9<\/strong>, <strong>informatique<\/strong>\u2026<\/p>\n<\/div>\n<\/div>\n<\/div>\n<div class=\"secteur-job restore-space-inline-block\">\n<div class=\"half-block-div half-div-text div-bg-red\">\n<h3>Service Apr\u00e8s-Vente<\/h3>\n<div class=\"text-secteur-job\">\n<p>Le service apr\u00e8s-vente a pour mission la <strong>mise en route de presses neuves<\/strong> ainsi que la <strong>maintenance pr\u00e9ventive et curative<\/strong> des machines chez nos clients.<\/p>\n<p>Nos techniciens SAV interviennent en <strong>France<\/strong> comme \u00e0 l\u2019<strong>international<\/strong>.<\/p>\n<p>Leurs connaissances en \u00e9lectrotechnique, m\u00e9canique et hydraulique sont <strong>consolid\u00e9es par une formation r\u00e9guli\u00e8re<\/strong> sur les produits Billion.<\/p>\n<\/div>\n<\/div>\n<div class=\"half-block-div ctn-img-absolute\"><a class=\"fancybox\" title=\"Service apr\u00e8s vente des diff\u00e9rentes solutions de transformation des thermoplastiques de Billion\" href=\"https:\/\/www.billion.fr\/wp-content\/uploads\/Billion-after-sales-support-2.jpg\" rel=\"gallery\"><img loading=\"lazy\" decoding=\"async\" class=\"alignnone size-full wp-image-1808 transitions\" title=\"Service apr\u00e8s vente des diff\u00e9rentes solutions de transformation des thermoplastiques de Billion\" src=\"https:\/\/www.billion.fr\/wp-content\/uploads\/billion-service-apres-vente.jpg\" alt=\"Service apr\u00e8s vente des diff\u00e9rentes solutions de transformation des thermoplastiques de Billion\" width=\"1000\" height=\"595\" srcset=\"https:\/\/www.billion.fr\/wp-content\/uploads\/billion-service-apres-vente.jpg 1000w, https:\/\/www.billion.fr\/wp-content\/uploads\/billion-service-apres-vente-300x179.jpg 300w, https:\/\/www.billion.fr\/wp-content\/uploads\/billion-service-apres-vente-768x457.jpg 768w\" sizes=\"auto, (max-width: 1000px) 100vw, 1000px\" \/><\/a><\/div>\n<\/div>\n<\/div>\n<\/div>\n","protected":false},"excerpt":{"rendered":"Billion vous offre des emplois tr\u00e8s diversifi\u00e9s, de la conception [&#8230;]","protected":false},"author":1,"featured_media":0,"parent":0,"menu_order":110,"comment_status":"closed","ping_status":"closed","template":"","meta":{"footnotes":""},"class_list":["post-1793","page","type-page","status-publish","hentry"],"_links":{"self":[{"href":"https:\/\/www.billion.fr\/fr\/wp-json\/wp\/v2\/pages\/1793","targetHints":{"allow":["GET"]}}],"collection":[{"href":"https:\/\/www.billion.fr\/fr\/wp-json\/wp\/v2\/pages"}],"about":[{"href":"https:\/\/www.billion.fr\/fr\/wp-json\/wp\/v2\/types\/page"}],"author":[{"embeddable":true,"href":"https:\/\/www.billion.fr\/fr\/wp-json\/wp\/v2\/users\/1"}],"replies":[{"embeddable":true,"href":"https:\/\/www.billion.fr\/fr\/wp-json\/wp\/v2\/comments?post=1793"}],"version-history":[{"count":5,"href":"https:\/\/www.billion.fr\/fr\/wp-json\/wp\/v2\/pages\/1793\/revisions"}],"predecessor-version":[{"id":3034,"href":"https:\/\/www.billion.fr\/fr\/wp-json\/wp\/v2\/pages\/1793\/revisions\/3034"}],"wp:attachment":[{"href":"https:\/\/www.billion.fr\/fr\/wp-json\/wp\/v2\/media?parent=1793"}],"curies":[{"name":"wp","href":"https:\/\/api.w.org\/{rel}","templated":true}]}}