{"id":1774,"date":"2017-10-12T14:32:08","date_gmt":"2017-10-12T12:32:08","guid":{"rendered":"https:\/\/www.billion.fr\/?page_id=1774"},"modified":"2017-10-31T08:29:45","modified_gmt":"2017-10-31T07:29:45","slug":"entreprise","status":"publish","type":"page","link":"https:\/\/www.billion.fr\/fr\/entreprise\/","title":{"rendered":"Entreprise"},"content":{"rendered":"<div id=\"corporate-0\" class=\"chapo\">\n<div class=\"wrapper text-center\">\n<h2>Exp\u00e9rience et savoir-faire en plasturgie<\/h2>\n<p class=\"parag-chapo\">Cr\u00e9\u00e9e par M. L\u00e9on Billion en 1949, l\u2019entreprise poss\u00e8de une longue exp\u00e9rience dans la <strong>conception et la fabrication de presses \u00e0 injecter les mati\u00e8res plastiques<\/strong>.<\/p>\n<p class=\"parag-chapo\">Sp\u00e9cialiste de la <strong>multi-injection<\/strong>, Billion d\u00e9tient aussi un savoir-faire dans de nombreuses <strong>technologies de transformation<\/strong>.<\/p>\n<\/div>\n<\/div>\n<div id=\"corporate-1\" class=\"relative\">\n<div class=\"half-block-div half-div-text div-bg-blue\">\n<h2>Une \u00e9quipe internationale<\/h2>\n<p>Billion est un <strong>fournisseur de solutions<\/strong> et un <strong>partenaire de services<\/strong> pour les transformateurs du monde entier.<\/p>\n<p>Son si\u00e8ge social est situ\u00e9 dans la <strong>Plastics Vall\u00e9e<\/strong> fran\u00e7aise, au c\u0153ur de l\u2019Europe. A l\u2019international, un large r\u00e9seau d\u2019agents et de filiales repr\u00e9sentent notre <strong>savoir-faire<\/strong> et notre <strong>expertise<\/strong>.<\/p>\n<p>Notre <strong>flexibilit\u00e9<\/strong>, des <strong>temps de r\u00e9ponse rapides<\/strong> et un <strong>service de qualit\u00e9<\/strong> sont une valeur ajout\u00e9e pour les transformateurs.<\/p>\n<\/div>\n<div class=\"half-block-div ctn-img-absolute right\"><a class=\"fancybox\" title=\"Billion - Une \u00e9quipe internationale experte dans l'injection de mati\u00e8res plastiques et composites\" href=\"https:\/\/www.billion.fr\/wp-content\/uploads\/Billion-an-international-team-1.jpg\" rel=\"gallery\"><img decoding=\"async\" class=\"alignnone size-full wp-image-296 transitions\" title=\"Billion - Une \u00e9quipe internationale experte dans l'injection de mati\u00e8res plastiques et composites\" src=\"https:\/\/www.billion.fr\/wp-content\/uploads\/Billion-an-international-team-1.jpg\" alt=\"Billion - Une \u00e9quipe internationale experte dans l'injection de mati\u00e8res plastiques et composites\" \nwidth=\"1000\" height=\"668\" srcset=\"https:\/\/www.billion.fr\/wp-content\/uploads\/Billion-an-international-team-1.jpg 1000w, https:\/\/www.billion.fr\/wp-content\/uploads\/Billion-an-international-team-1-300x200.jpg 300w, https:\/\/www.billion.fr\/wp-content\/uploads\/Billion-an-international-team-1-768x513.jpg 768w\" sizes=\"(max-width: 1000px) 100vw, 1000px\" \/><\/a><\/div>\n<\/div>\n<div id=\"corporate-2\">\n<div class=\"wrapper text-center\">\n<h2>Quelques \u00e9v\u00e8nements marquants<\/h2>\n<ul class=\"timeline\">\n<li>\n<div class=\"date\">1949<\/div>\n<div class=\"event\">Cr\u00e9ation de l\u2019entreprise par M. L\u00e9on Billion<\/div>\n<\/li>\n<li>\n<div class=\"date\">1961<\/div>\n<div class=\"event\">Pionnier en multi-injection \u2013 1er brevet presse multi-mati\u00e8res<\/div>\n<\/li>\n<li>\n<div class=\"date\">1980<\/div>\n<div class=\"event\">Presse 10 000 T &#8211; record du monde<\/div>\n<\/li>\n<li>\n<div class=\"date\">1989<\/div>\n<div class=\"event\">Dixit 500, 1er syst\u00e8me de commande avec \u00e9cran tactile  <\/div>\n<\/li>\n<li>\n<div class=\"date\">1992<\/div>\n<div class=\"event\"><a href=\"https:\/\/www.billion.fr\/en\/products-solutions\/products\/hercule\/\" class=\"transitions\"><strong>Gamme hydraulique HERCULE<\/strong><\/a><\/div>\n<\/li>\n<li>\n<div class=\"date\">1997<\/div>\n<div class=\"event\"><a href=\"https:\/\/www.billion.fr\/en\/products-solutions\/products\/gm\/\" class=\"transitions\"><strong>Gamme hydraulique GM<\/strong><\/a><\/div>\n<\/li>\n<li>\n<div class=\"date\">2007<\/div>\n<div class=\"event\"><a href=\"https:\/\/www.billion.fr\/en\/products-solutions\/products\/select\/\" class=\"transitions\"><strong>Gamme tout \u00e9lectrique SELECT<\/strong><\/a><\/div>\n<\/li>\n<li>\n<div class=\"date\">2011<\/div>\n<div class=\"event\"><a href=\"https:\/\/www.billion.fr\/fr\/nos-produits-solutions\/automatisme\/\">Automatisme de commande <strong>DIXIT3<\/strong><\/a> nouvelle g\u00e9n\u00e9ration<\/div>\n<\/li>\n<li>\n<div class=\"date\">2017<\/div>\n<div class=\"event\">Nouvelle presse <strong><a href=\"https:\/\/www.billion.fr\/fr\/nos-produits-solutions\/gammes\/select%c2%b2-nouvelle-generation\/\">SELECT\u00b2<\/a> 400T bi-mati\u00e8re<\/strong> <\/div>\n<\/li>\n<\/ul>\n<\/div>\n<\/div>\n<div id=\"corporate-3\" class=\"relative\">\n<div class=\"half-block-div ctn-img-absolute left\"><a class=\"fancybox\" title=\"Billion - Nos \u00e9quipements de transformation plastique : Un atout pour votre r\u00e9ussite\" href=\"https:\/\/www.billion.fr\/wp-content\/uploads\/billion-our-assets-for-your-success.jpg\" rel=\"gallery\"><img loading=\"lazy\" decoding=\"async\" class=\"alignnone size-full wp-image-313 transitions\" title=\"Billion - Nos \u00e9quipements de transformation plastique : Un atout pour votre r\u00e9ussite\" src=\"https:\/\/www.billion.fr\/wp-content\/uploads\/billion-our-assets-for-your-success.jpg\" alt=\"Billion - Nos \u00e9quipements de transformation plastique : Un atout pour votre r\u00e9ussite\" width=\"1000\" height=\"564\" srcset=\"https:\/\/www.billion.fr\/wp-content\/uploads\/billion-our-assets-for-your-success.jpg 1000w, https:\/\/www.billion.fr\/wp-content\/uploads\/billion-our-assets-for-your-success-300x169.jpg 300w, https:\/\/www.billion.fr\/wp-content\/uploads\/billion-our-assets-for-your-success-768x433.jpg 768w\" sizes=\"auto, (max-width: 1000px) 100vw, 1000px\" \/><\/a><\/div>\n<div class=\"half-block-div half-div-text div-bg-red right\">\n<h2>Nos atouts pour votre r\u00e9ussite<\/h2>\n<ul class=\"list arrow-white\">\n<li>La <strong>technologie la plus avanc\u00e9e<\/strong><\/li>\n<li>Des <strong>solutions innovantes<\/strong> cibl\u00e9es<\/li>\n<li>Une <strong>qualit\u00e9 optimale<\/strong><\/li>\n<li>Expertise en <strong>multi-injection<\/strong><\/li>\n<li>Un support client <strong>sur-mesure<\/strong><\/li>\n<li><strong>Certification norme ISO 9001 <\/strong><\/li>\n<\/ul>\n<\/div>\n<\/div>\n","protected":false},"excerpt":{"rendered":"Exp\u00e9rience et savoir-faire en plasturgie Cr\u00e9\u00e9e par M. L\u00e9on Billion [&#8230;]","protected":false},"author":1,"featured_media":0,"parent":0,"menu_order":54,"comment_status":"closed","ping_status":"closed","template":"","meta":{"footnotes":""},"class_list":["post-1774","page","type-page","status-publish","hentry"],"_links":{"self":[{"href":"https:\/\/www.billion.fr\/fr\/wp-json\/wp\/v2\/pages\/1774","targetHints":{"allow":["GET"]}}],"collection":[{"href":"https:\/\/www.billion.fr\/fr\/wp-json\/wp\/v2\/pages"}],"about":[{"href":"https:\/\/www.billion.fr\/fr\/wp-json\/wp\/v2\/types\/page"}],"author":[{"embeddable":true,"href":"https:\/\/www.billion.fr\/fr\/wp-json\/wp\/v2\/users\/1"}],"replies":[{"embeddable":true,"href":"https:\/\/www.billion.fr\/fr\/wp-json\/wp\/v2\/comments?post=1774"}],"version-history":[{"count":5,"href":"https:\/\/www.billion.fr\/fr\/wp-json\/wp\/v2\/pages\/1774\/revisions"}],"predecessor-version":[{"id":2184,"href":"https:\/\/www.billion.fr\/fr\/wp-json\/wp\/v2\/pages\/1774\/revisions\/2184"}],"wp:attachment":[{"href":"https:\/\/www.billion.fr\/fr\/wp-json\/wp\/v2\/media?parent=1774"}],"curies":[{"name":"wp","href":"https:\/\/api.w.org\/{rel}","templated":true}]}}