{"id":1723,"date":"2017-10-12T12:08:59","date_gmt":"2017-10-12T10:08:59","guid":{"rendered":"https:\/\/www.billion.fr\/?page_id=1723"},"modified":"2025-11-13T10:09:55","modified_gmt":"2025-11-13T09:09:55","slug":"support-apres-vente","status":"publish","type":"page","link":"https:\/\/www.billion.fr\/fr\/expertise-services\/support-apres-vente\/","title":{"rendered":"Support Apr\u00e8s-vente"},"content":{"rendered":"<div id=\"after-sales-1\" class=\"relative\">\n<div class=\"half-block-div half-div-text right div-bg-blue\">\n<h2>Hotline<\/h2>\n<p><i class=\"fa fa-phone\" aria-hidden=\"true\"><\/i> + 33 (0)4 74 73 21 12<\/p>\n<p><i class=\"fa fa-clock-o\" aria-hidden=\"true\"><\/i> Assistance et d\u00e9pannage t\u00e9l\u00e9phonique gratuit 7 jours sur 7<\/p>\n<ul class=\"list-long-arrow long-arrow-white\">\n<li>Du Lundi au vendredi : de <strong>7h30 \u00e0 12h<\/strong> et de <strong>13h30 \u00e0 17h45<\/strong><\/li>\n<li>Samedi et Dimanche : de <strong>7h45 \u00e0 12h<\/strong> et de <strong>13h30 \u00e0 17h00<\/strong><\/li>\n<\/ul>\n<\/div>\n<div class=\"half-block-div left ctn-img-absolute\"><a class=\"fancybox\" title=\"Billlion - Vous rencontrez un probl\u00e8me avec votre \u00e9quipement de transformation plastique ? Contactez la Hotline.\" href=\"https:\/\/www.billion.fr\/wp-content\/uploads\/Billlion-after-sales-hotline.jpg\" rel=\"gallery\"><img loading=\"lazy\" decoding=\"async\" class=\"alignnone size-full wp-image-715 transitions\" title=\"Billlion - Vous rencontrez un probl\u00e8me avec votre \u00e9quipement de transformation plastique ? Contactez la Hotline\" src=\"https:\/\/www.billion.fr\/wp-content\/uploads\/Billlion-after-sales-hotline.jpg\" alt=\"Billlion - Vous rencontrez un probl\u00e8me avec votre \u00e9quipement de transformation plastique ? Contactez la Hotline.\" width=\"1000\" height=\"625\" srcset=\"https:\/\/www.billion.fr\/wp-content\/uploads\/Billlion-after-sales-hotline.jpg 1000w, https:\/\/www.billion.fr\/wp-content\/uploads\/Billlion-after-sales-hotline-300x188.jpg 300w, https:\/\/www.billion.fr\/wp-content\/uploads\/Billlion-after-sales-hotline-768x480.jpg 768w\" sizes=\"auto, (max-width: 1000px) 100vw, 1000px\" \/><\/a><\/div>\n<\/div>\n<div id=\"after-sales-2\" class=\"relative\">\n<div class=\"half-block-div half-div-text div-bg-red\">\n<h2>Interventions sur site<\/h2>\n<p>Une \u00e9quipe de <strong>techniciens polyvalents<\/strong> et disponibles pour des <strong>interventions d\u2019urgence<\/strong> ou planifi\u00e9es<\/p>\n<p class=\"contact-title\">Contactez notre service interventions :<\/p>\n<p><span class=\"tel-caps-contact\"><i class=\"fa fa-phone\" aria-hidden=\"true\"><\/i> + 33 (0)4 74 73 21 12<\/span><\/p>\n<p><span class=\"mail-caps-contact\"><i class=\"fa fa-envelope\" aria-hidden=\"true\"><\/i> sav-interventions@billion.fr<\/span><\/p>\n<\/div>\n<div class=\"half-block-div ctn-img-absolute right\"><a class=\"fancybox\" title=\"Billion - Une \u00e9quipe de techniciens polyvalents disponible pour des interventions d\u2019urgence sur vos presses \u00e0 injecter Billion\" href=\"https:\/\/www.billion.fr\/wp-content\/uploads\/Billlion-after-sales-on-site-operations.jpg\" rel=\"gallery\"><img loading=\"lazy\" decoding=\"async\" class=\"alignnone size-full wp-image-718 transitions\" title=\"Billion - Une \u00e9quipe de techniciens polyvalents disponible pour des interventions d\u2019urgence sur vos presses \u00e0 injecter Billion\" src=\"https:\/\/www.billion.fr\/wp-content\/uploads\/Billlion-after-sales-on-site-operations.jpg\" alt=\"Billion - Une \u00e9quipe de techniciens polyvalents disponible pour des interventions d\u2019urgence sur vos presses \u00e0 injecter Billion\" width=\"1000\" height=\"663\" srcset=\"https:\/\/www.billion.fr\/wp-content\/uploads\/Billlion-after-sales-on-site-operations.jpg 1000w, https:\/\/www.billion.fr\/wp-content\/uploads\/Billlion-after-sales-on-site-operations-300x199.jpg 300w, https:\/\/www.billion.fr\/wp-content\/uploads\/Billlion-after-sales-on-site-operations-768x509.jpg 768w\" sizes=\"auto, (max-width: 1000px) 100vw, 1000px\" \/><\/a><\/div>\n<\/div>\n<div id=\"after-sales-3\" class=\"relative\">\n<div class=\"half-block-div half-div-text right div-bg-grey\">\n<h2>Service Pi\u00e8ces d\u00e9tach\u00e9es<\/h2>\n<div>\n<p>La <strong>garantie d\u2019avoir des pi\u00e8ces d\u2019origine<\/strong> \u00e0 des <strong>prix comp\u00e9titifs<\/strong>. <span class=\"more-link inline transitions\">En savoir plus<\/span><\/p>\n<div class=\"more-hide\">\n<p>Des pi\u00e8ces <strong>m\u00e9caniques<\/strong> <span class=\"smaller\">(vis, fourreaux, buses)<\/span>, <strong>\u00e9lectriques<\/strong> et <strong>hydrauliques<\/strong>.<\/p>\n<p><strong>Plus de 85% des pi\u00e8ces<\/strong> sont disponibles en stock et livr\u00e9es sous 24h<\/p>\n<p><i class=\"fa fa-clock-o\" aria-hidden=\"true\"><\/i> Un guichet ouvert <strong>du lundi au vendredi<\/strong><\/p>\n<ul class=\"list-long-arrow long-arrow-white\">\n<li>Du lundi au jeudi : de <strong>07h30 \u00e0 12h <\/strong> et de <strong>13h30 \u00e0 17h30<\/strong><\/li>\n<li>Vendredi : de <strong>07h30 \u00e0 12h<\/strong> et de <strong>13h30 \u00e0 17h00<\/strong><\/li>\n<\/ul>\n<\/div>\n<\/div>\n<p class=\"contact-title\">Contactez notre service pi\u00e8ces d\u00e9tach\u00e9es :<\/p>\n<p><span class=\"name-contact\">Mme Sylviane ROCH<\/span><br \/>\n<span class=\"tel-caps-contact\"><i class=\"fa fa-phone\" aria-hidden=\"true\"><\/i> + 33 (0)4 74 73 20 97<\/span><\/p>\n<p><span class=\"mail-caps-contact\"><i class=\"fa fa-envelope\" aria-hidden=\"true\"><\/i> p-billion@billion.fr<\/span><\/p>\n<\/div>\n<div class=\"half-block-div left ctn-img-absolute\"><a class=\"fancybox\" title=\"Billion - Service pi\u00e8ces d\u00e9tach\u00e9es : La garantie d\u2019avoir les pi\u00e8ces d\u2019origine de votre presse \u00e0 injecter les mati\u00e8re plastiques \u00e0 des prix comp\u00e9titifs\" href=\"https:\/\/www.billion.fr\/wp-content\/uploads\/Billlion-after-sales-spare-parts-2.jpg\" rel=\"gallery\"><img loading=\"lazy\" decoding=\"async\" class=\"alignnone size-full wp-image-724 transitions\" title=\"Billion - Service pi\u00e8ces d\u00e9tach\u00e9es : La garantie d\u2019avoir les pi\u00e8ces d\u2019origine de votre presse \u00e0 injecter les mati\u00e8re plastiques \u00e0 des prix comp\u00e9titifs\" src=\"https:\/\/www.billion.fr\/wp-content\/uploads\/Billlion-after-sales-spare-parts-2.jpg\" alt=\"Billion - Service pi\u00e8ces d\u00e9tach\u00e9es : La garantie d\u2019avoir les pi\u00e8ces d\u2019origine de votre presse \u00e0 injecter les mati\u00e8re plastiques \u00e0 des prix comp\u00e9titifs\" width=\"1000\" height=\"1033\" \/><\/a><\/div>\n<\/div>\n<div id=\"after-sales-4\" class=\"relative erase-space-inline-block\">\n<div class=\"half-block-div half-div-text div-bg-blue restore-space-inline-block\">\n<h2>Adaptez votre \u00e9quipement<\/h2>\n<p>Une presse BILLION est un <strong>\u00e9quipement durable qui peut \u00eatre adapt\u00e9 aux nouvelles technologies<\/strong>.<\/p>\n<p>Pour cela, nous vous proposons :<\/p>\n<ul class=\"list arrow-white\">\n<li>L\u2019ajout de nouvelles options<\/li>\n<li>La mise \u00e0 jour de l\u2019automatisme de commande<\/li>\n<li>Des r\u00e9fections m\u00e9caniques et hydrauliques<\/li>\n<li>La transformation d\u2019une presse mono en presse multi-mati\u00e8re<\/li>\n<li>Des corrections g\u00e9om\u00e9triques<\/li>\n<li>Contr\u00f4le rallongement des colonnes par ultrasons<\/li>\n<\/ul>\n<\/div>\n<div class=\"half-block-div ctn-img-absolute right div-bg-blue restore-space-inline-block\">\n<div>\n<p class=\"contact-title\">Contact:<\/p>\n<p><span class=\"tel-caps-contact\"><i class=\"fa fa-phone\" aria-hidden=\"true\"><\/i> + 33 (0)4 74 73 21 09<\/span><\/p>\n<p><span class=\"mail-caps-contact\"><i class=\"fa fa-envelope\" aria-hidden=\"true\"><\/i> <a href=\"mailto:sav-devis@billion.fr\" target=\"_blank\" rel=\"noopener\">sav-devis@billion.fr<\/a><\/span><\/p>\n<\/div>\n<\/div>\n<\/div>\n","protected":false},"excerpt":{"rendered":"Hotline + 33 (0)4 74 73 21 12 Assistance et [&#8230;]","protected":false},"author":1,"featured_media":0,"parent":1721,"menu_order":101,"comment_status":"closed","ping_status":"closed","template":"","meta":{"footnotes":""},"class_list":["post-1723","page","type-page","status-publish","hentry"],"_links":{"self":[{"href":"https:\/\/www.billion.fr\/fr\/wp-json\/wp\/v2\/pages\/1723","targetHints":{"allow":["GET"]}}],"collection":[{"href":"https:\/\/www.billion.fr\/fr\/wp-json\/wp\/v2\/pages"}],"about":[{"href":"https:\/\/www.billion.fr\/fr\/wp-json\/wp\/v2\/types\/page"}],"author":[{"embeddable":true,"href":"https:\/\/www.billion.fr\/fr\/wp-json\/wp\/v2\/users\/1"}],"replies":[{"embeddable":true,"href":"https:\/\/www.billion.fr\/fr\/wp-json\/wp\/v2\/comments?post=1723"}],"version-history":[{"count":7,"href":"https:\/\/www.billion.fr\/fr\/wp-json\/wp\/v2\/pages\/1723\/revisions"}],"predecessor-version":[{"id":4196,"href":"https:\/\/www.billion.fr\/fr\/wp-json\/wp\/v2\/pages\/1723\/revisions\/4196"}],"up":[{"embeddable":true,"href":"https:\/\/www.billion.fr\/fr\/wp-json\/wp\/v2\/pages\/1721"}],"wp:attachment":[{"href":"https:\/\/www.billion.fr\/fr\/wp-json\/wp\/v2\/media?parent=1723"}],"curies":[{"name":"wp","href":"https:\/\/api.w.org\/{rel}","templated":true}]}}