{"id":1711,"date":"2017-10-12T11:48:21","date_gmt":"2017-10-12T09:48:21","guid":{"rendered":"https:\/\/www.billion.fr\/?page_id=1711"},"modified":"2026-02-04T15:47:30","modified_gmt":"2026-02-04T14:47:30","slug":"formation","status":"publish","type":"page","link":"https:\/\/www.billion.fr\/fr\/expertise-services\/formation\/","title":{"rendered":"Formation"},"content":{"rendered":"<div id=\"training-0\" class=\"chapo\">\n<div class=\"wrapper text-center\">\n<p>Nos sessions de formation peuvent avoir lieu chez BILLION ou <strong>dans votre entreprise<\/strong>.<\/p>\n<p>Nos intervenants poss\u00e8dent un <strong>solide cursus en plasturgie<\/strong> et une forte exp\u00e9rience de terrain.<\/p>\n<p>En outre, ils disposent de tous les moyens et m\u00e9thodes d&rsquo;enseignements pour transmettre leur <strong>savoir-faire<\/strong> et faire partager leur <strong>passion<\/strong>.<\/p>\n<p>Notre centre de formation est certifi\u00e9 QUALIOPI et de ce fait toutes nos formations peuvent-\u00eatre prises en charge par votre OPCO. <a href=\"https:\/\/www.billion.fr\/wp-content\/uploads\/998969-47949-Certificat-Qualiopi-renouvellement-Cofrac-2028.pdf\" target=\"_blank\" rel=\"noopener\">&gt;&gt;&gt;(Voir la certification QUALIOPI)<\/a><\/p>\n<p><img loading=\"lazy\" decoding=\"async\" class=\"alignnone size-full wp-image-4112\" src=\"https:\/\/www.billion.fr\/wp-content\/uploads\/Capture-logo-qualiopi-2024-2.jpg\" alt=\"\" width=\"250\" height=\"162\" \/><\/p>\n<h4><span style=\"color: #333399;\">Indicateurs de performance<\/span><strong><span style=\"color: #333399;\"><br \/>100 % des stagiaires sont satisfaits &#8211; Plus de 150 stagiaires form\u00e9s chaque ann\u00e9e<br \/><\/span><\/strong><span style=\"color: #333399;\">Modalit\u00e9s d&rsquo;acc\u00e8s<\/span><strong><span style=\"color: #333399;\"> : avoir r\u00e9pondu \u00e0 un QCM au pr\u00e9alable de la formation \/ pr\u00e9sentiel sur site client ou \u00e0 notre Centre de Formation.<br \/><\/span><\/strong><span style=\"color: #333399;\">Modalit\u00e9s d&rsquo;\u00e9valuation<\/span><strong><span style=\"color: #333399;\"> : test final avec grille d&rsquo;\u00e9valuation.\u00a0<\/span><\/strong><strong><span style=\"color: #333399;\">\u00a0<\/span><\/strong><\/h4>\n<\/div>\n<\/div>\n<div id=\"training-1\" class=\"relative\">\n<div class=\"half-block-div half-div-text div-bg-blue\">\n<h2>Notre programme<\/h2>\n<p>Notre <strong>centre de formation agr\u00e9\u00e9<\/strong> vous propose un <strong>programme sur-mesure afin d\u2019optimiser vos process<\/strong> et temps de cycle avec vos \u00e9quipes de production.<\/p>\n<ul class=\"list arrow-white\">\n<li>La mise en \u0153uvre par injection des thermoplastiques\n<div class=\"more-link transitions\">En savoir plus<\/div>\n<div class=\"more-hide\">(polyol\u00e9fines, styr\u00e9niques, polyamides, polycarbonates et PVC rigides\u2026) et des thermodurcissables (ph\u00e9noliques, silicones et polyesther charg\u00e9s fibres)<\/div>\n<\/li>\n<li>Une parfaite connaissance des possibilit\u00e9s des \u00e9quipements<\/li>\n<li>La capacit\u00e9 d&rsquo;optimiser les cadences de production<\/li>\n<li>La ma\u00eetrise de la qualit\u00e9 de production<\/li>\n<li>Les techniques de multi-injection<\/li>\n<li>La connaissance\n<div class=\"more-link transitions\">En savoir plus<\/div>\n<div class=\"more-hide\">La connaissance m\u00e9canique, hydraulique et \u00e9lectrique des \u00e9quipements pour en expliquer la maintenance<\/div>\n<\/li>\n<\/ul>\n<\/div>\n<div class=\"half-block-div ctn-img-absolute right\"><img loading=\"lazy\" decoding=\"async\" class=\"alignnone size-medium wp-image-4201\" src=\"https:\/\/www.billion.fr\/wp-content\/uploads\/\/Formation-BILLION-Website-ok-300x200.jpg\" alt=\"\" width=\"300\" height=\"200\" srcset=\"https:\/\/www.billion.fr\/wp-content\/uploads\/Formation-BILLION-Website-ok-300x200.jpg 300w, https:\/\/www.billion.fr\/wp-content\/uploads\/Formation-BILLION-Website-ok-1024x683.jpg 1024w, https:\/\/www.billion.fr\/wp-content\/uploads\/Formation-BILLION-Website-ok-768x512.jpg 768w, https:\/\/www.billion.fr\/wp-content\/uploads\/Formation-BILLION-Website-ok-1536x1024.jpg 1536w, https:\/\/www.billion.fr\/wp-content\/uploads\/Formation-BILLION-Website-ok-2048x1365.jpg 2048w\" sizes=\"auto, (max-width: 300px) 100vw, 300px\" \/><\/div>\n<\/div>\n<div id=\"training-2\" class=\"text-center\">\n<div class=\"caps-contact div-bg-red\">\n<h3>Contactez notre centre de formation<\/h3>\n<p><span class=\"name-contact\">M. Fr\u00e9d\u00e9ric ALEXANDRE<\/span><br \/><span class=\"tel-caps-contact\"><i class=\"fa fa-phone\" aria-hidden=\"true\"><\/i> +33 (0)4 74 73 21 22<\/span><\/p>\n<p><a href=\"https:\/\/www.billion.fr\/fr\/contact\/\" rel=\"noopener\">frederic.alexandre@billion.<wbr \/>fr<\/a><\/p>\n<p><img loading=\"lazy\" decoding=\"async\" class=\"alignnone size-full wp-image-3860\" src=\"https:\/\/www.billion.fr\/wp-content\/uploads\/Logo-Handicap.png\" alt=\"\" width=\"160\" height=\"38\" \/>Vous \u00eates une personne en situation de handicap ? Vous avez des besoins sp\u00e9cifiques ? <br \/>Prenez contact avec notre r\u00e9f\u00e9rent handicap : Mme Laure BARBAT : <a href=\"https:\/\/www.billion.fr\/fr\/contact\/\"><strong>laure.barbat@billion.fr<\/strong><\/a><\/p>\n<\/div>\n<div class=\"caps-contact div-bg-grey\">\n<h3>T\u00e9l\u00e9chargez le calendrier des formations 2026<\/h3>\n<p><a href=\"https:\/\/www.billion.fr\/wp-content\/uploads\/BILLION-Calendrier-2026-V2-FR.pdf\">Calendrier Formations BILLION 2026 &#8211; Cliquez ici<\/a><\/p>\n<div class=\"clear\">\u00a0<\/div>\n<\/div>\n<\/div>\n<h2 class=\"wp-block-heading has-black-color has-vivid-red-background-color has-text-color has-background has-medium-font-size\"><strong>T\u00e9l\u00e9chargez les programmes de formation<\/strong> 2025<\/h2>\n<h2 class=\"wp-block-heading has-cyan-bluish-gray-background-color has-background has-medium-font-size\"><a href=\"https:\/\/www.billion.fr\/wp-content\/uploads\/Programme-de-stage-G-14h-conduite-presse-Billion-DIXIT-II-Edition-2022-V1-OK.pdf\" data-type=\"URL\" data-id=\"https:\/\/www.billion.fr\/wp-content\/uploads\/Programme-de-stage-G-14h-conduite-presse-Billion-DIXIT-II-Edition-2022-V1-OK.pdf\">Stage conduite presse BILLION DIXIT II<\/a><\/h2>\n<h2 class=\"wp-block-heading has-cyan-bluish-gray-background-color has-background has-medium-font-size\"><a href=\"https:\/\/www.billion.fr\/wp-content\/uploads\/Programme-de-stage-H1-18h-et-H2-10hmaintenance-DIXIT-II-Edition-2022-V1-OK.pdf\" data-type=\"URL\" data-id=\"https:\/\/www.billion.fr\/wp-content\/uploads\/Programme-de-stage-H1-18h-et-H2-10hmaintenance-DIXIT-II-Edition-2022-V1-OK.pdf\">Stage maintenance DIXIT II<\/a><\/h2>\n<h2 class=\"wp-block-heading has-cyan-bluish-gray-background-color has-background has-medium-font-size\"><a href=\"https:\/\/www.billion.fr\/wp-content\/uploads\/Programme-de-stage-J-14h-conduite-presse-Billion-DIXIT-III-et-IV-Edition-2022-V1-OK.pdf\" data-type=\"URL\" data-id=\"https:\/\/www.billion.fr\/wp-content\/uploads\/Programme-de-stage-J-14h-conduite-presse-Billion-DIXIT-III-et-IV-Edition-2022-V1-OK.pdf\">Conduite presses BILLION DIXIT III et IV<\/a><\/h2>\n<h2 class=\"wp-block-heading has-cyan-bluish-gray-background-color has-background has-medium-font-size\"><a href=\"https:\/\/www.billion.fr\/wp-content\/uploads\/Programme-de-stage-K1-18h-et-K2-10hmaintenance-DIXIT-III-et-IV-Edition-2022-V1-OK.pdf\" data-type=\"URL\" data-id=\"https:\/\/www.billion.fr\/wp-content\/uploads\/Programme-de-stage-K1-18h-et-K2-10hmaintenance-DIXIT-III-et-IV-Edition-2022-V1-OK.pdf\">Stage maintenance DIXIT III et IV<\/a><\/h2><\/p>\n","protected":false},"excerpt":{"rendered":"Nos sessions de formation peuvent avoir lieu chez BILLION ou [&#8230;]","protected":false},"author":1,"featured_media":4201,"parent":1721,"menu_order":104,"comment_status":"closed","ping_status":"closed","template":"","meta":{"footnotes":""},"class_list":["post-1711","page","type-page","status-publish","has-post-thumbnail","hentry"],"_links":{"self":[{"href":"https:\/\/www.billion.fr\/fr\/wp-json\/wp\/v2\/pages\/1711","targetHints":{"allow":["GET"]}}],"collection":[{"href":"https:\/\/www.billion.fr\/fr\/wp-json\/wp\/v2\/pages"}],"about":[{"href":"https:\/\/www.billion.fr\/fr\/wp-json\/wp\/v2\/types\/page"}],"author":[{"embeddable":true,"href":"https:\/\/www.billion.fr\/fr\/wp-json\/wp\/v2\/users\/1"}],"replies":[{"embeddable":true,"href":"https:\/\/www.billion.fr\/fr\/wp-json\/wp\/v2\/comments?post=1711"}],"version-history":[{"count":16,"href":"https:\/\/www.billion.fr\/fr\/wp-json\/wp\/v2\/pages\/1711\/revisions"}],"predecessor-version":[{"id":4238,"href":"https:\/\/www.billion.fr\/fr\/wp-json\/wp\/v2\/pages\/1711\/revisions\/4238"}],"up":[{"embeddable":true,"href":"https:\/\/www.billion.fr\/fr\/wp-json\/wp\/v2\/pages\/1721"}],"wp:featuredmedia":[{"embeddable":true,"href":"https:\/\/www.billion.fr\/fr\/wp-json\/wp\/v2\/media\/4201"}],"wp:attachment":[{"href":"https:\/\/www.billion.fr\/fr\/wp-json\/wp\/v2\/media?parent=1711"}],"curies":[{"name":"wp","href":"https:\/\/api.w.org\/{rel}","templated":true}]}}