{"id":17,"date":"2017-05-31T10:57:48","date_gmt":"2017-05-31T08:57:48","guid":{"rendered":"https:\/\/www.billion.fr\/?page_id=17"},"modified":"2019-01-02T10:38:57","modified_gmt":"2019-01-02T09:38:57","slug":"mentions-legales","status":"publish","type":"page","link":"https:\/\/www.billion.fr\/fr\/mentions-legales\/","title":{"rendered":"Mentions l\u00e9gales"},"content":{"rendered":"<div class=\"wrapper\">\n<h2>D\u00c9CLARATIONS<\/h2>\n<p>Conform\u00e9ment \u00e0 la recommandation 2005-284 de la CNIL, le pr\u00e9sent site web n\u2019a pas fait l\u2019objet d\u2019une d\u00e9claration en tant que tel.<\/p>\n<p>Toutefois, tous les traitements de donn\u00e9es pr\u00e9sents ou \u00e0 venir concernant ledit site ont \u00e9t\u00e9 ou seront d\u00e9clar\u00e9s \u00e0 la CNIL.<\/p>\n<p>Conform\u00e9ment aux articles 38 et 40 de la loi 2004-801 du 06\/08\/2004, vous disposez d\u2019un droit d\u2019acc\u00e8s, de rectification, de suppression des donn\u00e9es vous concernant.<\/p>\n<p>Ce droit peut s\u2019exercer en ligne en adressant un mail \u00e0 l\u2019adresse mail ou par courrier \u00e0 l\u2019adresse suivante: <strong>BILLION SAS<\/strong> &#8211; 1 Avenue Victor Hugo &#8211; CS 50508 Bellignat &#8211; 01117 OYONNAX CEDEX &#8211; FRANCE <\/p>\n<h2>PUBLICATION<\/h2>\n<p>BILLION SAS<br \/>\n1, avenue Victor Hugo \u2013 BP 4007 \u2013 BELLIGNAT<br \/>\n01104 OYONNAX CEDEX (France)<br \/>\nT\u00e9l. : + 33 (0) 474 73 20 00<br \/>\nFax : + 33(0) 474 73 20 01<br \/>\nE-mail : <img decoding=\"async\" src=\"\/wp-content\/themes\/Billion\/assets\/images\/mail-contact-black.png\" alt=\"Contactez Billion\"  class=\"mail-contact-legal\"\/><\/p>\n<h2>CREATION<\/h2>\n<p><\/strong>Novagence<br \/>\n3 bis Place de l&rsquo;h\u00f4tel de ville<br \/>\n01 100 Bellignat (France)<br \/>\n<a href=\"https:\/\/www.novagence.fr\" rel=\"noopener nofollow external\" target=\"_blank\">www.novagence.fr<\/a><br \/>\nT\u00e9l. : +33 (0)474 76 96 24<\/p>\n<h2>MODALIT\u00c9S D\u2019EXERCICE DU DROIT D\u2019ACC\u00c8S<\/h2>\n<p>Avant de vous adresser des donn\u00e9es personnelles, nous vous demanderons de nous fournir une preuve de votre identit\u00e9. Si vous n\u2019\u00eates pas en mesure de prouver votre identit\u00e9, nous nous r\u00e9servons le droit de refuser de vous envoyer les donn\u00e9es personnelles vous concernant.<\/p>\n<p>Nous nous effor\u00e7ons de r\u00e9pondre \u00e0 ces requ\u00eates dans des d\u00e9lais raisonnables. Concernant les droits de rectification et de suppression : les conditions pr\u00e9alables sont identiques \u00e0 celles concernant le droit d\u2019acc\u00e8s.<\/p>\n<h2>PROPRI\u00c9T\u00c9 INTELLECTUELLE<\/h2>\n<p>Toutes les cr\u00e9ations logicielles pr\u00e9sentes sur notre site, les back-offices d\u2019administration, les services propos\u00e9s (forum, chat, livre d\u2019or\u2026.) sont des cr\u00e9ations originales et sont prot\u00e9g\u00e9es par le Droit d\u2019auteur.<\/p>\n<p>Tous les \u00e9l\u00e9ments constitutifs du squelette du site (photos, images, logos\u2026) sont \u00e9galement prot\u00e9g\u00e9es par le Droit d\u2019auteur et sont la propri\u00e9t\u00e9 exclusive de la soci\u00e9t\u00e9 susmentionn\u00e9e.<\/p>\n<p>Les contenus du site (textes, articles\u2026) sont la propri\u00e9t\u00e9 exclusive de leurs auteurs et ne peuvent \u00eatre reproduits ni exploit\u00e9s sans l\u2019accord de ceux-ci.<\/p>\n<p>Les textes pr\u00e9sents provenant de sources externes ont \u00e9t\u00e9 reproduits avec l\u2019accord implicite ou explicite de leurs auteurs respectifs.<\/p>\n<p>A ce titre, mention est faite sur les sites des sources et des auteurs respectifs.<\/p>\n<h2>DROIT DE R\u00c9PONSE SUR LE SITE<\/h2>\n<p>Conform\u00e9ment \u00e0 l\u2019article 6 IV de la loi n\u00b02004-575, toute personne physique ou morale nomm\u00e9e ou d\u00e9sign\u00e9e sur le site dispose d\u2019un droit de r\u00e9ponse, sans pr\u00e9judice des demandes de correction ou de suppression du message qu\u2019elle peut adresser au si\u00e8ge de l\u2019association.<\/p>\n<p>La demande d\u2019exercice du droit de r\u00e9ponse, adress\u00e9e au directeur de la publication doit \u00eatre pr\u00e9sent\u00e9e au plus tard dans un d\u00e9lai de trois mois \u00e0 compter de la mise \u00e0 disposition du public du message justifiant cette demande.<\/p>\n<h2>GESTION DES COOKIES<\/h2>\n<p>La configuration de la gestion des cookies peut \u00eatre effectu\u00e9e dans les param\u00e8tres de votre navigateur.<\/p>\n<p>Nous attirons votre attention sur le fait que la meilleure exp\u00e9rience utilisateur de navigation sur ce site ainsi que les conditions d\u2019acc\u00e8s \u00e0 certains services n\u00e9cessitent l\u2019utilisation de cookies.<\/p>\n<p>Voici les liens vous permettant de configurer les cookies sur les principaux navigateurs :<\/p>\n<p>> Chrome :  <a href=\"https:\/\/support.google.com\/chrome\/answer\/95647?hl=fr\" target=\"_blank\">https:\/\/support.google.com\/chrome\/answer\/95647?hl=fr<\/a><\/p>\n<p>> Internet explorer : <a href=\"https:\/\/support.microsoft.com\/fr-fr\/help\/17442\/windows-internet-explorer-delete-manage-cookies\" target=\"_blank\">https:\/\/support.microsoft.com\/fr-fr\/help\/17442\/windows-internet-explorer-delete-manage-cookies<\/a><\/p>\n<p>> Firefox : <a href=\"https:\/\/support.mozilla.org\/fr\/kb\/activer-desactiver-cookies-preferences\" target=\"_blank\">https:\/\/support.mozilla.org\/fr\/kb\/activer-desactiver-cookies-preferences<\/a><\/p>\n<p>> Safari : <a href=\"https:\/\/support.apple.com\/kb\/PH21411?locale=fr_FR\" target=\"_blank\">https:\/\/support.apple.com\/kb\/PH21411?locale=fr_FR<\/a><\/p>\n<h2>H\u00c9BERGEMENT<\/h2>\n<p>Notre site est h\u00e9berg\u00e9 sur les serveurs de la soci\u00e9t\u00e9 <a href=\"https:\/\/www.novagence.fr\/\" rel=\"noopener nofollow external\" target=\"_blank\">Novagence<\/a>.<\/p>\n<div >\n<h2>SERVICE CLIENTS<\/h2>\n<p>Le service clients est joignable aux coordonn\u00e9es suivantes :<\/p>\n<div class=\"text-center\">\n<strong>BILLION SAS<\/strong><br \/>\n1 Avenue Victor Hugo<br \/>\nCS 50508 Bellignat<br \/>\n01117 OYONNAX CEDEX<br \/>\nFRANCE<br \/>\n+33 (0)4 74 73 20 00\n<\/div>\n<\/div>\n<\/div>\n","protected":false},"excerpt":{"rendered":"D\u00c9CLARATIONS Conform\u00e9ment \u00e0 la recommandation 2005-284 de la CNIL, le [&#8230;]","protected":false},"author":1,"featured_media":0,"parent":0,"menu_order":93,"comment_status":"closed","ping_status":"closed","template":"","meta":{"footnotes":""},"class_list":["post-17","page","type-page","status-publish","hentry"],"_links":{"self":[{"href":"https:\/\/www.billion.fr\/fr\/wp-json\/wp\/v2\/pages\/17","targetHints":{"allow":["GET"]}}],"collection":[{"href":"https:\/\/www.billion.fr\/fr\/wp-json\/wp\/v2\/pages"}],"about":[{"href":"https:\/\/www.billion.fr\/fr\/wp-json\/wp\/v2\/types\/page"}],"author":[{"embeddable":true,"href":"https:\/\/www.billion.fr\/fr\/wp-json\/wp\/v2\/users\/1"}],"replies":[{"embeddable":true,"href":"https:\/\/www.billion.fr\/fr\/wp-json\/wp\/v2\/comments?post=17"}],"version-history":[{"count":5,"href":"https:\/\/www.billion.fr\/fr\/wp-json\/wp\/v2\/pages\/17\/revisions"}],"predecessor-version":[{"id":3296,"href":"https:\/\/www.billion.fr\/fr\/wp-json\/wp\/v2\/pages\/17\/revisions\/3296"}],"wp:attachment":[{"href":"https:\/\/www.billion.fr\/fr\/wp-json\/wp\/v2\/media?parent=17"}],"curies":[{"name":"wp","href":"https:\/\/api.w.org\/{rel}","templated":true}]}}