{"id":1699,"date":"2017-10-12T11:27:47","date_gmt":"2017-10-12T09:27:47","guid":{"rendered":"https:\/\/www.billion.fr\/?page_id=1699"},"modified":"2023-11-30T17:10:55","modified_gmt":"2023-11-30T16:10:55","slug":"centre-technique","status":"publish","type":"page","link":"https:\/\/www.billion.fr\/fr\/expertise-services\/centre-technique\/","title":{"rendered":"Centre technique"},"content":{"rendered":"<div id=\"technical-center-1\" class=\"relative\">\n<div class=\"half-block-div half-div-text div-bg-blue\">\n<h2>Centre d\u2019essais<\/h2>\n<p>Notre centre technique est \u00e9quip\u00e9 de <strong>presses mono et multi-mati\u00e8res<\/strong>.<\/p>\n<p>La plate-forme machines du Centre Technique est \u00e0 la disposition des <strong>transformateurs<\/strong>, <strong>moulistes<\/strong> et <strong>fabricants de p\u00e9riph\u00e9riques<\/strong>, souhaitant r\u00e9aliser des essais pour <strong>optimiser leur production<\/strong>, <strong>tester des nouvelles mati\u00e8res<\/strong> ou <strong>proc\u00e9d\u00e9s<\/strong>.<\/p>\n<ul class=\"list arrow-white\">\n<li>Les essais sont r\u00e9alis\u00e9s dans les <strong>conditions r\u00e9elles de production<\/strong><\/li>\n<li>Les r\u00e9sultats des tests, les mesures et nos recommandations sont <strong>remis par \u00e9crit dans un rapport d\u2019essai<\/strong><\/li>\n<li>Chaque test est conduit en toute confidentialit\u00e9 et peut donner lieu \u00e0 un <strong>contrat de confidentialit\u00e9<\/strong><\/li>\n<\/ul>\n<\/div>\n<div class=\"half-block-div ctn-img-absolute right\"><a class=\"fancybox\" title=\"Billion Centre Technique - Notre mission, apporter des solutions et conseiller nos clients sur leur \u00e9quipement de transformation plastique\" href=\"https:\/\/www.billion.fr\/wp-content\/uploads\/Billion-Technical-center-trial-platform.jpg\" rel=\"gallery\"><img loading=\"lazy\" decoding=\"async\" class=\"alignnone size-full wp-image-670 transitions\" title=\"Billion Centre Technique - Notre mission, apporter des solutions et conseiller nos clients sur leur \u00e9quipement de transformation plastique\" src=\"https:\/\/www.billion.fr\/wp-content\/uploads\/Billion-Technical-center-trial-platform.jpg\" alt=\"Billion Centre Technique - Notre mission, apporter des solutions et conseiller nos clients sur leur \u00e9quipement de transformation plastique\" width=\"1000\" height=\"861\" srcset=\"https:\/\/www.billion.fr\/wp-content\/uploads\/Billion-Technical-center-trial-platform.jpg 1000w, https:\/\/www.billion.fr\/wp-content\/uploads\/Billion-Technical-center-trial-platform-300x258.jpg 300w, https:\/\/www.billion.fr\/wp-content\/uploads\/Billion-Technical-center-trial-platform-768x661.jpg 768w\" sizes=\"auto, (max-width: 1000px) 100vw, 1000px\" \/><\/a><\/div>\n<\/div>\n<div id=\"technical-center-2\">\n<div class=\"wrapper text-center\">\n<h2>Expertise<\/h2>\n<p>Une \u00e9quipe d\u2019<strong>experts en plasturgie<\/strong> \u00e0 votre disposition.<\/p>\n<ul class=\"list-expertise erase-space-inline-block \">\n<li id=\"technical\" class=\"hvr-more-link transitions restore-space-inline-block\">\n<h3>ASSISTANCE TECHNIQUE<\/h3>\n<div class=\"read-more-hvr transitions\">En savoir plus<\/div>\n<div class=\"more-hide transitions\">\n<div>\n<h3>ASSISTANCE TECHNIQUE<\/h3>\n<p>Accompagnement technique clients sur des projets de d\u00e9veloppement<\/p>\n<\/div>\n<\/div>\n<\/li>\n<li id=\"settings\" class=\"hvr-more-link transitions restore-space-inline-block\">\n<h3>OPTIMISATION<\/h3>\n<div class=\"read-more-hvr transitions\">En savoir plus<\/div>\n<div class=\"more-hide transitions\">\n<div>\n<h3>OPTIMISATION<\/h3>\n<p>Optimisation des r\u00e9glages, consommations d\u2019\u00e9nergie et temps de cycle<\/p>\n<\/div>\n<\/div>\n<\/li>\n<li id=\"innovation\" class=\"hvr-more-link transitions restore-space-inline-block\">\n<h3>INNOVATION<\/h3>\n<div class=\"read-more-hvr transitions\">En savoir plus<\/div>\n<div class=\"more-hide transitions\">\n<div>\n<h3>INNOVATION<\/h3>\n<p>Innovation, recherche et d\u00e9veloppement de nouveaux syst\u00e8mes d\u2019injection<\/p>\n<\/div>\n<\/div>\n<\/li>\n<li id=\"assistance\" class=\"hvr-more-link transitions restore-space-inline-block\">\n<h3>CONSEIL<\/h3>\n<div class=\"read-more-hvr transitions\">En savoir plus<\/div>\n<div class=\"more-hide transitions\">\n<div>\n<h3>CONSEIL<\/h3>\n<p>Conseil et formation (\u00e9tude outillage, multi-injection\u2026)<\/p>\n<\/div>\n<\/div>\n<\/li>\n<\/ul>\n<\/div>\n<\/div>\n<div id=\"technical-center-3\" class=\"relative\">\n<div class=\"half-block-div ctn-img-absolute left\"><a class=\"fancybox\" title=\"Billion - Pour organiser vos essais de presse \u00e0 injecter chez Billion ou dans votre usine, contactez notre centre technique\" href=\"https:\/\/www.billion.fr\/wp-content\/uploads\/Billion-Technical-center-get-in-touch-2-1.jpg\" rel=\"gallery\"><img loading=\"lazy\" decoding=\"async\" class=\"alignnone size-full wp-image-681 tr ansitions\" title=\"Billion - Pour organiser vos essais de presse \u00e0 injecter chez Billion ou dans votre usine, contactez notre centre technique\" src=\"https:\/\/www.billion.fr\/wp-content\/uploads\/Billion-Technical-center-get-in-touch-2-1.jpg\" alt=\"Billion - Pour organiser vos essais de presse \u00e0 injecter chez Billion ou dans votre usine, contactez notre centre technique\" width=\"1000\" height=\"501\" \/><\/a><\/div>\n<div class=\"half-block-div\">\n<div class=\"caps-contact div-bg-red\">\n<h3>Contactez notre Centre Technique<\/h3>\n<p>Pour organiser vos essais chez Billion ou dans votre usine<\/p>\n<p><span class=\"name-contact\">M. Adrien MERLE <\/span><br \/>\n<span class=\"tel-caps-contact\"> +33 (0)4 74 73 20 22<\/span><br \/>\n<span class=\"mail-caps-contact\"> <a href=\"https:\/\/www.billion.fr\/fr\/contact\/\">adrien.merle@billion.fr<\/a><\/span><\/p>\n<\/div>\n<\/div>\n<\/div>\n","protected":false},"excerpt":{"rendered":"Centre d\u2019essais Notre centre technique est \u00e9quip\u00e9 de presses mono [&#8230;]","protected":false},"author":1,"featured_media":0,"parent":1721,"menu_order":98,"comment_status":"closed","ping_status":"closed","template":"","meta":{"footnotes":""},"class_list":["post-1699","page","type-page","status-publish","hentry"],"_links":{"self":[{"href":"https:\/\/www.billion.fr\/fr\/wp-json\/wp\/v2\/pages\/1699","targetHints":{"allow":["GET"]}}],"collection":[{"href":"https:\/\/www.billion.fr\/fr\/wp-json\/wp\/v2\/pages"}],"about":[{"href":"https:\/\/www.billion.fr\/fr\/wp-json\/wp\/v2\/types\/page"}],"author":[{"embeddable":true,"href":"https:\/\/www.billion.fr\/fr\/wp-json\/wp\/v2\/users\/1"}],"replies":[{"embeddable":true,"href":"https:\/\/www.billion.fr\/fr\/wp-json\/wp\/v2\/comments?post=1699"}],"version-history":[{"count":5,"href":"https:\/\/www.billion.fr\/fr\/wp-json\/wp\/v2\/pages\/1699\/revisions"}],"predecessor-version":[{"id":4025,"href":"https:\/\/www.billion.fr\/fr\/wp-json\/wp\/v2\/pages\/1699\/revisions\/4025"}],"up":[{"embeddable":true,"href":"https:\/\/www.billion.fr\/fr\/wp-json\/wp\/v2\/pages\/1721"}],"wp:attachment":[{"href":"https:\/\/www.billion.fr\/fr\/wp-json\/wp\/v2\/media?parent=1699"}],"curies":[{"name":"wp","href":"https:\/\/api.w.org\/{rel}","templated":true}]}}