{"id":1689,"date":"2017-10-12T11:01:29","date_gmt":"2017-10-12T09:01:29","guid":{"rendered":"https:\/\/www.billion.fr\/?page_id=1689"},"modified":"2025-11-13T10:02:27","modified_gmt":"2025-11-13T09:02:27","slug":"easyturn","status":"publish","type":"page","link":"https:\/\/www.billion.fr\/fr\/tendances-innovations\/easyturn\/","title":{"rendered":"EasyTurn"},"content":{"rendered":"<div id=\"easy-turn-0\" class=\"chapo\">\n<div class=\"wrapper text-center\">\n<p>Billion met en \u0153uvre <strong>EasyTurn<\/strong>, arbre tournant <strong>int\u00e9gr\u00e9 \u00e0 la presse<\/strong> pour vos applications de <strong>surmoulage multi-mati\u00e8res<\/strong>.<\/p>\n<\/div>\n<\/div>\n<div id=\"easy-turn-1\" class=\"relative\">\n<div class=\"half-block-div half-div-text div-bg-blue\">\n<h2>La multi-injection devient accessible<\/h2>\n<p>Mont\u00e9 sur une plaque \u00e9jectrice modifi\u00e9e, un moteur synchrone entraine en rotation l&rsquo;arbre tournant central avec une courroie.<\/p>\n<p>Cet ensemble garantit des pr\u00e9cisions d&rsquo;angles sup\u00e9rieures au 1\/100\u00e8me de degr\u00e9.<\/p>\n<p>L&rsquo;arbre tournant est refroidi dans sa partie arri\u00e8re pour autoriser la circulation interne de fluide jusqu&rsquo;\u00e0 110\u00b0C, n\u00e9cessaire \u00e0 la r\u00e9gulation de la temp\u00e9rature des moules.<\/p>\n<\/div>\n<div class=\"half-block-div ctn-img-absolute\"><a class=\"fancybox\" title=\"Avec EasyTurn, la multi-injection de mati\u00e8res plastiques devient accessible\" href=\"https:\/\/www.billion.fr\/wp-content\/uploads\/Easy-turn-twin-shot-made-simple.jpg\" rel=\"gallery\"><img loading=\"lazy\" decoding=\"async\" class=\"alignnone size-full wp-image-511 transitions\" title=\"Avec EasyTurn, la multi-injection de mati\u00e8res plastiques devient accessible\" src=\"https:\/\/www.billion.fr\/wp-content\/uploads\/Easy-turn-twin-shot-made-simple.jpg\" alt=\"Avec EasyTurn, la multi-injection de mati\u00e8res plastiques devient accessible\" width=\"1000\" height=\"612\" srcset=\"https:\/\/www.billion.fr\/wp-content\/uploads\/Easy-turn-twin-shot-made-simple.jpg 1000w, https:\/\/www.billion.fr\/wp-content\/uploads\/Easy-turn-twin-shot-made-simple-300x184.jpg 300w, https:\/\/www.billion.fr\/wp-content\/uploads\/Easy-turn-twin-shot-made-simple-768x470.jpg 768w\" sizes=\"auto, (max-width: 1000px) 100vw, 1000px\" \/><\/a><\/div>\n<\/div>\n<div id=\"easy-turn-2\" class=\"relative\">\n<div class=\"bg\"><\/div>\n<div class=\"wrapper text-center\">\n<h2>EasyTurn<br \/>\n<img loading=\"lazy\" decoding=\"async\" class=\"alignnone size-full wp-image-1021 image-title-absolute\" src=\"https:\/\/www.billion.fr\/wp-content\/uploads\/logo-easy-turn.png\" alt=\"EasyTurn - for your multi-component overmolding applications\" width=\"400\" height=\"123\" srcset=\"https:\/\/www.billion.fr\/wp-content\/uploads\/logo-easy-turn.png 400w, https:\/\/www.billion.fr\/wp-content\/uploads\/logo-easy-turn-300x92.png 300w\" sizes=\"auto, (max-width: 400px) 100vw, 400px\" \/><\/h2>\n<ul class=\"list arrow-red\">\n<li>Int\u00e9gration EasyTurn\u00a0:<br \/>\nM\u00e9canique, \u00e9lectrique, logicielle et gestion \u00e9nergie<\/li>\n<li>Compatible bridage moule hydraulique<\/li>\n<li>Faible masse mobile embarqu\u00e9e<\/li>\n<li>Epaisseur moule accrue<\/li>\n<li>Fiabilit\u00e9 et accessibilit\u00e9 m\u00e9canique<\/li>\n<li>Mouvements souples, rapides et pr\u00e9cis<\/li>\n<\/ul>\n<\/div>\n<\/div>\n<div id=\"easy-turn-3\" class=\"relative\">\n<div class=\"half-div-text div-bg-red\">\n<div class=\"img-abso-float\"><a class=\"fancybox\" title=\"EasyTurn - Pilotage convivial de vos presses \u00e0 injection via l\u2019\u00e9cran DIXIT3\" href=\"https:\/\/www.billion.fr\/wp-content\/uploads\/pupitre-dixit3-1.jpg\" rel=\"gallery\"><img loading=\"lazy\" decoding=\"async\" class=\"alignnone size-full wp-image-917 transitions\" title=\"EasyTurn - Pilotage convivial de vos presses \u00e0 injection via l\u2019\u00e9cran DIXIT3\" src=\"https:\/\/www.billion.fr\/wp-content\/uploads\/pupitre-dixit3-1.jpg\" alt=\"EasyTurn - User-friendly control via DIXIT3\" width=\"501\" height=\"1000\" srcset=\"https:\/\/www.billion.fr\/wp-content\/uploads\/pupitre-dixit3-1.jpg 501w, https:\/\/www.billion.fr\/wp-content\/uploads\/pupitre-dixit3-1-150x300.jpg 150w\" sizes=\"auto, (max-width: 501px) 100vw, 501px\" \/><\/a><\/div>\n<h2>Pilotage convivial via l\u2019\u00e9cran DIXIT4<\/h2>\n<ul class=\"list arrow-white\">\n<li>Gestion des alarmes dans le cycle machine<\/li>\n<li>Correction position d\u2019arr\u00eat au 1\/100\u00e8me de degr\u00e9<\/li>\n<li>Libre choix du num\u00e9ro de noyau affect\u00e9 \u00e0 la rotation<\/li>\n<li>Rotation sens horaire \/ anti-horaire \/ pendulaire<\/li>\n<li>Archivage avec le programme de r\u00e9glage moule<\/li>\n<li>Arr\u00eats en position angulaire librement programmables sur 6 points<\/li>\n<li>Evaluation automatique des masses embarqu\u00e9es pour l\u2019optimisation des vitesses<\/li>\n<li>Anciens programmes archiv\u00e9s avec bases tournantes reconnus et d\u00e9roul\u00e9s automatiquement<\/li>\n<\/ul>\n<\/div>\n<\/div>\n","protected":false},"excerpt":{"rendered":"Billion met en \u0153uvre EasyTurn, arbre tournant int\u00e9gr\u00e9 \u00e0 la [&#8230;]","protected":false},"author":1,"featured_media":0,"parent":1765,"menu_order":51,"comment_status":"closed","ping_status":"closed","template":"","meta":{"footnotes":""},"class_list":["post-1689","page","type-page","status-publish","hentry"],"_links":{"self":[{"href":"https:\/\/www.billion.fr\/fr\/wp-json\/wp\/v2\/pages\/1689","targetHints":{"allow":["GET"]}}],"collection":[{"href":"https:\/\/www.billion.fr\/fr\/wp-json\/wp\/v2\/pages"}],"about":[{"href":"https:\/\/www.billion.fr\/fr\/wp-json\/wp\/v2\/types\/page"}],"author":[{"embeddable":true,"href":"https:\/\/www.billion.fr\/fr\/wp-json\/wp\/v2\/users\/1"}],"replies":[{"embeddable":true,"href":"https:\/\/www.billion.fr\/fr\/wp-json\/wp\/v2\/comments?post=1689"}],"version-history":[{"count":5,"href":"https:\/\/www.billion.fr\/fr\/wp-json\/wp\/v2\/pages\/1689\/revisions"}],"predecessor-version":[{"id":4193,"href":"https:\/\/www.billion.fr\/fr\/wp-json\/wp\/v2\/pages\/1689\/revisions\/4193"}],"up":[{"embeddable":true,"href":"https:\/\/www.billion.fr\/fr\/wp-json\/wp\/v2\/pages\/1765"}],"wp:attachment":[{"href":"https:\/\/www.billion.fr\/fr\/wp-json\/wp\/v2\/media?parent=1689"}],"curies":[{"name":"wp","href":"https:\/\/api.w.org\/{rel}","templated":true}]}}