{"id":1679,"date":"2017-10-12T10:40:18","date_gmt":"2017-10-12T08:40:18","guid":{"rendered":"https:\/\/www.billion.fr\/?page_id=1679"},"modified":"2017-11-30T13:53:15","modified_gmt":"2017-11-30T12:53:15","slug":"easypack","status":"publish","type":"page","link":"https:\/\/www.billion.fr\/fr\/tendances-innovations\/easypack\/","title":{"rendered":"EasyPack"},"content":{"rendered":"<div id=\"easy-pack-0\" class=\"chapo\">\n<div class=\"wrapper text-center\">\n<p>Des machines intelligentes pour une meilleure productivit\u00e9.<br \/>Cliquez pour d\u00e9couvrir notre EasyPack<\/p>\n<\/div>\n<\/div>\n<div id=\"easy-pack-1\" class=\"erase-space-inline-block\">\n<div class=\"ctn-pack-easy restore-space-inline-block transitions\">\n<div class=\"logo-pack-easy\"><a href=\"#div-1\" class=\"fancybox transitions\" rel=\"gallery\" style=\"color:#818181;font-size:0.7em\"><img loading=\"lazy\" decoding=\"async\" src=\"https:\/\/www.billion.fr\/wp-content\/uploads\/Easy-control.jpg\" alt=\"Easy Control\" width=\"448\" height=\"118\" class=\"alignnone size-full wp-image-1117\" \/>La viscosit\u00e9 mati\u00e8re mesur\u00e9e en temps r\u00e9el !<\/a><\/div>\n<div class=\"more-fancy-easypack\"><a href=\"#div-1\" class=\"fancybox transitions\" rel=\"gallery1\">En savoir plus<\/a><\/div>\n<\/div>\n<div class=\"ctn-pack-easy restore-space-inline-block transitions\">\n<div class=\"logo-pack-easy\"><a href=\"#div-2\" class=\"fancybox transitions\" rel=\"gallery\" style=\"color:#818181;font-size:0.7em\"><img loading=\"lazy\" decoding=\"async\" src=\"https:\/\/www.billion.fr\/wp-content\/uploads\/Easy-filling.jpg\" alt=\"EasyFilling\" width=\"413\" height=\"118\" class=\"alignnone size-full wp-image-1119\" \/>Qualit\u00e9 assur\u00e9e !<\/a><\/div>\n<div class=\"more-fancy-easypack\"><a href=\"#div-2\" class=\"fancybox transitions\" rel=\"gallery1\">En savoir plus<\/a><\/div>\n<\/div>\n<div class=\"ctn-pack-easy restore-space-inline-block transitions\">\n<div class=\"logo-pack-easy\"><a href=\"#div-3\" class=\"fancybox transitions\" rel=\"gallery\" style=\"color:#818181;font-size:0.7em\"><img loading=\"lazy\" decoding=\"async\" src=\"https:\/\/www.billion.fr\/wp-content\/uploads\/Easy-flow.jpg\" alt=\"EasyFlow\" width=\"385\" height=\"118\" class=\"alignnone size-full wp-image-1121\" \/>Remplissage sans stress !<\/a><\/div>\n<div class=\"more-fancy-easypack\"><a href=\"#div-3\" class=\"fancybox transitions\" rel=\"gallery1\">En savoir plus<\/a><\/div>\n<\/div>\n<div class=\"ctn-pack-easy restore-space-inline-block transitions\">\n<div class=\"logo-pack-easy\"><a href=\"#div-4\" class=\"fancybox transitions\" rel=\"gallery\" style=\"color:#818181;font-size:0.7em\"><img loading=\"lazy\" decoding=\"async\" src=\"https:\/\/www.billion.fr\/wp-content\/uploads\/Easy-purge.jpg\" alt=\"EasyPurge\" width=\"426\" height=\"118\" class=\"alignnone size-full wp-image-1125\" \/>Optimisez vos changements de production !<\/a><\/div>\n<div class=\"more-fancy-easypack\"><a href=\"#div-4\" class=\"fancybox transitions\" rel=\"gallery1\">En savoir plus<\/a><\/div>\n<\/div>\n<div class=\"text-pack-easy\" id=\"div-1\">\n<div class=\"img-fancy-easypack\">\n<img loading=\"lazy\" decoding=\"async\" src=\"https:\/\/www.billion.fr\/wp-content\/uploads\/EasyControl-Material-viscosity-measured-in-real-time.jpg\" alt=\"EasyControl - La viscosit\u00e9 mati\u00e8re mesur\u00e9e en temps r\u00e9el !\" title=\"EasyControl - La viscosit\u00e9 mati\u00e8re mesur\u00e9e en temps r\u00e9el !\" width=\"800\" height=\"655\" class=\"alignnone size-full wp-image-548\" srcset=\"https:\/\/www.billion.fr\/wp-content\/uploads\/EasyControl-Material-viscosity-measured-in-real-time.jpg 800w, https:\/\/www.billion.fr\/wp-content\/uploads\/EasyControl-Material-viscosity-measured-in-real-time-300x246.jpg 300w, https:\/\/www.billion.fr\/wp-content\/uploads\/EasyControl-Material-viscosity-measured-in-real-time-768x629.jpg 768w\" sizes=\"auto, (max-width: 800px) 100vw, 800px\" \/>\n<\/div>\n<h3>EASYCONTROL : La viscosit\u00e9 mati\u00e8re mesur\u00e9e en temps r\u00e9el !<\/h3>\n<p>Pressions de commutation et de maintien sont <strong>automatiquement adapt\u00e9es<\/strong> en fonction de la viscosit\u00e9 mati\u00e8re.<\/p>\n<ul class=\"list-long-arrow long-arrow-red\">\n<li>Stabilisation du process<\/li>\n<li>R\u00e9duction des rebuts<\/li>\n<li>Efficacit\u00e9 augment\u00e9e<\/li>\n<li>Meilleure qualit\u00e9 de production<\/li>\n<\/ul>\n<p><strong>Qualit\u00e9 assur\u00e9e<\/strong> pour de nombreux polym\u00e8res.<\/p>\n<ul class=\"list-long-arrow long-arrow-red\">\n<li>EasyControl est la solution pour la <strong>transformation des mati\u00e8res recycl\u00e9es<\/strong>.<\/li>\n<\/ul>\n<\/div>\n<div class=\"text-pack-easy\" id=\"div-2\">\n<div class=\"img-fancy-easypack\">\n<img loading=\"lazy\" decoding=\"async\" src=\"https:\/\/www.billion.fr\/wp-content\/uploads\/Easy-filling-quality-assured-300x144.jpg\" alt=\"Easyfilling - Qualit\u00e9 assur\u00e9e !\" title=\"Easyfilling - Qualit\u00e9 assur\u00e9e !\" width=\"300\" height=\"144\" class=\"alignnone size-medium wp-image-578\" srcset=\"https:\/\/www.billion.fr\/wp-content\/uploads\/Easy-filling-quality-assured-300x144.jpg 300w, https:\/\/www.billion.fr\/wp-content\/uploads\/Easy-filling-quality-assured-768x370.jpg 768w, https:\/\/www.billion.fr\/wp-content\/uploads\/Easy-filling-quality-assured.jpg 800w\" sizes=\"auto, (max-width: 300px) 100vw, 300px\" \/>\n<\/div>\n<h3>EASYFILLING : Qualit\u00e9 assur\u00e9e !<\/h3>\n<p><strong>Am\u00e9lioration de l\u2019\u00e9quilibrage des moules multi-empreintes<\/strong> lors de la transition entre l\u2019injection dynamique et statique.<\/p>\n<p>Bavures, sous-remplissage et usures moule <strong>sont \u00e9vit\u00e9s<\/strong>.<\/p>\n<p><span class=\"red-word\"><i class=\"fa fa-long-arrow-right\" aria-hidden=\"true\"><\/i><\/span> R\u00e9duction des rebuts et meilleure qualit\u00e9 de production<\/p>\n<\/div>\n<div class=\"text-pack-easy\" id=\"div-3\">\n<div class=\"img-fancy-easypack\">\n<img loading=\"lazy\" decoding=\"async\" src=\"https:\/\/www.billion.fr\/wp-content\/uploads\/Easyflow-lower-stress-filling-and-improved-surface-finish-300x225.jpg\" alt=\"EASYFLOW : Remplissage sans stress !\" title=\"EASYFLOW : Remplissage sans stress !\" width=\"300\" height=\"225\" class=\"alignnone size-medium wp-image-581\" srcset=\"https:\/\/www.billion.fr\/wp-content\/uploads\/Easyflow-lower-stress-filling-and-improved-surface-finish-300x225.jpg 300w, https:\/\/www.billion.fr\/wp-content\/uploads\/Easyflow-lower-stress-filling-and-improved-surface-finish-768x575.jpg 768w, https:\/\/www.billion.fr\/wp-content\/uploads\/Easyflow-lower-stress-filling-and-improved-surface-finish.jpg 800w\" sizes=\"auto, (max-width: 300px) 100vw, 300px\" \/>\n<\/div>\n<h3>EASYFLOW : Remplissage sans stress !<\/h3>\n<p>R\u00e9gulation de la force de verrouillage <strong>sur 5 paliers<\/strong> en fonction de la position vis d\u2019injection.<\/p>\n<ul class=\"list-long-arrow long-arrow-red\">\n<li>Remplissage progressif sans stress<\/li>\n<li>Meilleur aspect des pi\u00e8ces<\/li>\n<li>Temps de cycle optimis\u00e9<\/li>\n<li>Force de fermeture r\u00e9duite<\/li>\n<\/ul>\n<\/div>\n<div class=\"text-pack-easy\" id=\"div-4\">\n<div class=\"img-fancy-easypack\">\n<img loading=\"lazy\" decoding=\"async\" src=\"https:\/\/www.billion.fr\/wp-content\/uploads\/EasyPurge-optimize-your-production-changes.jpg\" alt=\"EasyPurge - Optimisez vos changements de production !\" title=\"EasyPurge - Optimisez vos changements de production !\" width=\"315\" height=\"473\" class=\"alignnone size-full wp-image-562\" srcset=\"https:\/\/www.billion.fr\/wp-content\/uploads\/EasyPurge-optimize-your-production-changes.jpg 315w, https:\/\/www.billion.fr\/wp-content\/uploads\/EasyPurge-optimize-your-production-changes-200x300.jpg 200w\" sizes=\"auto, (max-width: 315px) 100vw, 315px\" \/>\n<\/div>\n<h3>EASYPURGE : Optimisez vos changements de production !<\/h3>\n<p><strong>Purge automatique<\/strong> du fourreau et des blocs chauds.<\/p>\n<p>Vous changez souvent de mati\u00e8re ou de couleur ?<\/p>\n<ul class=\"list-long-arrow long-arrow-red\">\n<li>EasyPurge  est la solution pour <strong>gagner du temps et r\u00e9duire les pertes de mati\u00e8res<\/strong> lors de vos changements de production<\/li>\n<\/ul>\n<\/div>\n<\/div>\n","protected":false},"excerpt":{"rendered":"Des machines intelligentes pour une meilleure productivit\u00e9.Cliquez pour d\u00e9couvrir notre [&#8230;]","protected":false},"author":1,"featured_media":0,"parent":1765,"menu_order":48,"comment_status":"closed","ping_status":"closed","template":"","meta":{"footnotes":""},"class_list":["post-1679","page","type-page","status-publish","hentry"],"_links":{"self":[{"href":"https:\/\/www.billion.fr\/fr\/wp-json\/wp\/v2\/pages\/1679","targetHints":{"allow":["GET"]}}],"collection":[{"href":"https:\/\/www.billion.fr\/fr\/wp-json\/wp\/v2\/pages"}],"about":[{"href":"https:\/\/www.billion.fr\/fr\/wp-json\/wp\/v2\/types\/page"}],"author":[{"embeddable":true,"href":"https:\/\/www.billion.fr\/fr\/wp-json\/wp\/v2\/users\/1"}],"replies":[{"embeddable":true,"href":"https:\/\/www.billion.fr\/fr\/wp-json\/wp\/v2\/comments?post=1679"}],"version-history":[{"count":5,"href":"https:\/\/www.billion.fr\/fr\/wp-json\/wp\/v2\/pages\/1679\/revisions"}],"predecessor-version":[{"id":1688,"href":"https:\/\/www.billion.fr\/fr\/wp-json\/wp\/v2\/pages\/1679\/revisions\/1688"}],"up":[{"embeddable":true,"href":"https:\/\/www.billion.fr\/fr\/wp-json\/wp\/v2\/pages\/1765"}],"wp:attachment":[{"href":"https:\/\/www.billion.fr\/fr\/wp-json\/wp\/v2\/media?parent=1679"}],"curies":[{"name":"wp","href":"https:\/\/api.w.org\/{rel}","templated":true}]}}