{"id":1671,"date":"2017-06-01T09:31:41","date_gmt":"2017-06-01T07:31:41","guid":{"rendered":"https:\/\/www.billion.fr\/easyconnect\/"},"modified":"2017-10-13T14:53:41","modified_gmt":"2017-10-13T12:53:41","slug":"easyconnect","status":"publish","type":"page","link":"https:\/\/www.billion.fr\/fr\/tendances-innovations\/easyconnect\/","title":{"rendered":"EasyConnect"},"content":{"rendered":"<div id=\"easy-connect-0\" class=\"chapo\">\n<div class=\"wrapper text-center\">\n<p>Restez connect\u00e9 \u00e0 votre production \u00e0 tout moment, partout dans le monde<\/p>\n<\/div>\n<\/div>\n<div id=\"easy-connect-1\" class=\"relative\">\n<div class=\"half-block-div half-div-text div-bg-blue\">\n<h2>EasyConnect<\/h2>\n<p><strong>Production connect\u00e9e<\/strong> 24h\/24, id\u00e9al pour <strong>g\u00e9rer vos sites de production \u00e0 travers le monde<\/strong>.<\/p>\n<p>Les syst\u00e8mes de production connect\u00e9e sont de plus en plus utilis\u00e9s dans <strong>le secteur plasturgie<\/strong>, en particulier chez les transformateurs&nbsp;:<\/p>\n<ul class=\"list-long-arrow long-arrow-white\">\n<li>la presse \u00e0 injecter devient <strong>connect\u00e9e<\/strong> et les <strong>suivis de production<\/strong> \u00e0 distance sont ainsi possibles par connexion Wi-Fi ou filaire.<\/p>\n<\/ul>\n<\/div>\n<div class=\"half-block-div ctn-img-absolute right\">\n<a href=\"https:\/\/www.billion.fr\/wp-content\/uploads\/Easyconnect-connected-production-1.jpg\" title=\"Easyconnect - Production connect\u00e9e 24h\/24, id\u00e9al pour g\u00e9rer vos sites de production \u00e0 travers le monde\" class=\"fancybox\" rel=\"gallery\"><img loading=\"lazy\" decoding=\"async\" src=\"https:\/\/www.billion.fr\/wp-content\/uploads\/Easyconnect-connected-production-1.jpg\" title=\"Easyconnect - Connected production 24 hours a day, ideal for multi-site management worldwide\" alt=\"Easyconnect - Production connect\u00e9e 24h\/24, id\u00e9al pour g\u00e9rer vos sites de production \u00e0 travers le monde\" title=\"Easyconnect - Production connect\u00e9e 24h\/24, id\u00e9al pour g\u00e9rer vos sites de production \u00e0 travers le monde\" width=\"1000\" height=\"755\" class=\"alignnone size-full wp-image-606 transitions\" srcset=\"https:\/\/www.billion.fr\/wp-content\/uploads\/Easyconnect-connected-production-1.jpg 1000w, https:\/\/www.billion.fr\/wp-content\/uploads\/Easyconnect-connected-production-1-300x227.jpg 300w, https:\/\/www.billion.fr\/wp-content\/uploads\/Easyconnect-connected-production-1-768x580.jpg 768w\" sizes=\"auto, (max-width: 1000px) 100vw, 1000px\" \/><\/a>\n<\/div>\n<\/div>\n<div id=\"easy-connect-2\">\n<div class=\"text-center\">\n<h2>Industrie 4.0<\/h2>\n<\/div>\n<div class=\"wrapper\">\n<div class=\"hw-it-wks\"><img loading=\"lazy\" decoding=\"async\" src=\"https:\/\/www.billion.fr\/wp-content\/uploads\/Easyconnect-system.jpg\" alt=\"Syst\u00e8me Easyconnect\" title=\"Syst\u00e8me Easyconnect\" width=\"1814\" height=\"652\" class=\"alignnone size-full wp-image-592\" srcset=\"https:\/\/www.billion.fr\/wp-content\/uploads\/Easyconnect-system.jpg 1814w, https:\/\/www.billion.fr\/wp-content\/uploads\/Easyconnect-system-300x108.jpg 300w, https:\/\/www.billion.fr\/wp-content\/uploads\/Easyconnect-system-768x276.jpg 768w, https:\/\/www.billion.fr\/wp-content\/uploads\/Easyconnect-system-1024x368.jpg 1024w\" sizes=\"auto, (max-width: 1814px) 100vw, 1814px\" \/><br \/>\n<img loading=\"lazy\" decoding=\"async\" src=\"https:\/\/www.billion.fr\/wp-content\/uploads\/logo-easy-connect.png\" alt=\"EasyConnect - How it works\" width=\"400\" height=\"132\" class=\"alignnone size-full wp-image-1024 easy-connect-hw-it-wks\" srcset=\"https:\/\/www.billion.fr\/wp-content\/uploads\/logo-easy-connect.png 400w, https:\/\/www.billion.fr\/wp-content\/uploads\/logo-easy-connect-300x99.png 300w\" sizes=\"auto, (max-width: 400px) 100vw, 400px\" \/>\n<\/div>\n<\/div>\n<\/div>\n<div id=\"easy-connect-3\" class=\"relative\">\n<div class=\"half-block-div ctn-img-absolute\">\n<a href=\"https:\/\/www.billion.fr\/wp-content\/uploads\/Easyconnect-how-it-works-2.jpg\" title=\"Easyconnect - Les presses \u00e0 injecter sont int\u00e9gr\u00e9es dans le r\u00e9seau de l\u2019entreprise\" class=\"fancybox\" rel=\"gallery\"><img loading=\"lazy\" decoding=\"async\" src=\"https:\/\/www.billion.fr\/wp-content\/uploads\/Easyconnect-how-it-works-2.jpg\" alt=\"Easyconnect - Les presses \u00e0 injecter sont int\u00e9gr\u00e9es dans le r\u00e9seau de l\u2019entreprise\" title=\"Easyconnect - Les presses \u00e0 injecter sont int\u00e9gr\u00e9es dans le r\u00e9seau de l\u2019entreprise\" width=\"1000\" height=\"622\" class=\"alignnone size-full wp-image-1108 transitions\" srcset=\"https:\/\/www.billion.fr\/wp-content\/uploads\/Easyconnect-how-it-works-2.jpg 1000w, https:\/\/www.billion.fr\/wp-content\/uploads\/Easyconnect-how-it-works-2-300x187.jpg 300w, https:\/\/www.billion.fr\/wp-content\/uploads\/Easyconnect-how-it-works-2-768x478.jpg 768w\" sizes=\"auto, (max-width: 1000px) 100vw, 1000px\" \/><\/a>\n<\/div>\n<div class=\"half-block-div half-div-text div-bg-red right\">\n<h2>Comment \u00e7a marche ?<\/h2>\n<p>Les presses \u00e0 injecter sont <strong>int\u00e9gr\u00e9es<\/strong> dans le <strong>r\u00e9seau de l\u2019entreprise<\/strong>.<\/p>\n<p>Maintenance et diagnostics \u00e0 distance sont d\u00e9sormais <strong>simplifi\u00e9s<\/strong>.<\/p>\n<p>L\u2019utilisateur <strong>acc\u00e8de \u00e0 ses donn\u00e9es de production<\/strong> via plusieurs moyens&nbsp;:<\/p>\n<ul class=\"list arrow-white\">\n<li><strong>transfert de fichiers<\/strong> via le serveur FTP<\/li>\n<li><strong>lecture de page<\/strong> via VNC<\/li>\n<li><strong>\u00e9change d\u2019infos<\/strong> via Euromap 63 \u00e0 l\u2019aide d\u2019un logiciel externe<\/li>\n<\/ul>\n<\/div>\n<\/div>\n","protected":false},"excerpt":{"rendered":"Restez connect\u00e9 \u00e0 votre production \u00e0 tout moment, partout dans [&#8230;]","protected":false},"author":1,"featured_media":0,"parent":1765,"menu_order":46,"comment_status":"closed","ping_status":"closed","template":"","meta":{"footnotes":""},"class_list":["post-1671","page","type-page","status-publish","hentry"],"_links":{"self":[{"href":"https:\/\/www.billion.fr\/fr\/wp-json\/wp\/v2\/pages\/1671","targetHints":{"allow":["GET"]}}],"collection":[{"href":"https:\/\/www.billion.fr\/fr\/wp-json\/wp\/v2\/pages"}],"about":[{"href":"https:\/\/www.billion.fr\/fr\/wp-json\/wp\/v2\/types\/page"}],"author":[{"embeddable":true,"href":"https:\/\/www.billion.fr\/fr\/wp-json\/wp\/v2\/users\/1"}],"replies":[{"embeddable":true,"href":"https:\/\/www.billion.fr\/fr\/wp-json\/wp\/v2\/comments?post=1671"}],"version-history":[{"count":5,"href":"https:\/\/www.billion.fr\/fr\/wp-json\/wp\/v2\/pages\/1671\/revisions"}],"predecessor-version":[{"id":1678,"href":"https:\/\/www.billion.fr\/fr\/wp-json\/wp\/v2\/pages\/1671\/revisions\/1678"}],"up":[{"embeddable":true,"href":"https:\/\/www.billion.fr\/fr\/wp-json\/wp\/v2\/pages\/1765"}],"wp:attachment":[{"href":"https:\/\/www.billion.fr\/fr\/wp-json\/wp\/v2\/media?parent=1671"}],"curies":[{"name":"wp","href":"https:\/\/api.w.org\/{rel}","templated":true}]}}