{"id":162,"date":"2017-06-01T13:04:23","date_gmt":"2017-06-01T11:04:23","guid":{"rendered":"https:\/\/www.billion.fr\/?page_id=162"},"modified":"2017-10-30T09:24:06","modified_gmt":"2017-10-30T08:24:06","slug":"pieces-techniques","status":"publish","type":"page","link":"https:\/\/www.billion.fr\/fr\/vos-marches\/pieces-techniques\/","title":{"rendered":"Pi\u00e8ces techniques"},"content":{"rendered":"<div id=\"automotive-0\" class=\"chapo\">\n<div class=\"wrapper text-center\">\n<p>La fabrication de pi\u00e8ces techniques n\u00e9cessite des \u00e9quipements sp\u00e9cifiques avec des crit\u00e8re cibl\u00e9s.<\/p>\n<p><strong>Pr\u00e9cision<\/strong>, <strong>r\u00e9p\u00e9titivit\u00e9<\/strong>, <strong>changements rapides et fr\u00e9quents de production<\/strong>, <strong>machine multi&#8209;usage<\/strong>.<\/p>\n<\/div>\n<\/div>\n<div id=\"automotive-1\" class=\"relative\">\n<div class=\"half-block-div right ctn-img-absolute\">\n<a href=\"https:\/\/www.billion.fr\/wp-content\/uploads\/Billion-technical-molding-tailor-made-solutions.jpg\" title=\"Billion - Moulage de pi\u00e8ces techniques par injection\" class=\"fancybox\" rel=\"gallery\"><img loading=\"lazy\" decoding=\"async\" src=\"https:\/\/www.billion.fr\/wp-content\/uploads\/Billion-technical-molding-tailor-made-solutions.jpg\" alt=\"Billion - Moulage de pi\u00e8ces techniques par injection\" title=\"Billion - Moulage de pi\u00e8ces techniques par injection\" width=\"1000\" height=\"823\" class=\"alignnone size-full wp-image-473 transitions\" srcset=\"https:\/\/www.billion.fr\/wp-content\/uploads\/Billion-technical-molding-tailor-made-solutions.jpg 1000w, https:\/\/www.billion.fr\/wp-content\/uploads\/Billion-technical-molding-tailor-made-solutions-300x247.jpg 300w, https:\/\/www.billion.fr\/wp-content\/uploads\/Billion-technical-molding-tailor-made-solutions-768x632.jpg 768w\" sizes=\"auto, (max-width: 1000px) 100vw, 1000px\" \/><\/a>\n<\/div>\n<div class=\"half-block-div half-div-text div-bg-blue\">\n<h2>Solutions sur-mesure<\/h2>\n<p>Les gammes Billion sont capables de <strong>r\u00e9pondre \u00e0 ces crit\u00e8res<\/strong> et les exemples d\u2019applications r\u00e9alis\u00e9es sur nos machines sont nombreux&nbsp;:<\/p>\n<ul class=\"list arrow-white\">\n<li>Jouets<\/li>\n<li>Technologies de communications \/ Electronique<\/li>\n<li>Mobilier de jardin <\/li>\n<li>Electro-m\u00e9nager<\/li>\n<li>Sports\/Loisirs<\/li>\n<li>Fourniture de bureau <\/li>\n<li>Pi\u00e8ces \u00e9lectriques <\/li>\n<li>B\u00e2timent<\/li>\n<\/ul>\n<\/div>\n<\/div>\n<div id=\"automotive-2\" class=\"text-center div-bg-light-grey block-slider-markets\">\n<h2>Quelques applications<\/h2>\n<div class=\"slide-markets-wrap\">\n <div class='slide-markets owl-carousel'><a href='https:\/\/www.billion.fr\/wp-content\/uploads\/Billion-technical-molding-piece-1.jpg' title='Billion - Pi\u00e8ce technique r\u00e9alis\u00e9e par transformation des plastique' class='fancybox transitions' rel='gallery'><img src='https:\/\/www.billion.fr\/wp-content\/uploads\/Billion-technical-molding-piece-1-569x385.jpg' alt='Billion - Pi\u00e8ce technique r\u00e9alis\u00e9e par transformation des plastique'\/><\/a><a href='https:\/\/www.billion.fr\/wp-content\/uploads\/Billion-technical-molding-piece-2.jpg' title='Billion - Pi\u00e8ce technique r\u00e9alis\u00e9e par injection de mati\u00e8re plastique' class='fancybox transitions' rel='gallery'><img src='https:\/\/www.billion.fr\/wp-content\/uploads\/Billion-technical-molding-piece-2-569x385.jpg' alt='Billion - Pi\u00e8ce technique r\u00e9alis\u00e9e par injection de mati\u00e8re plastique'\/><\/a><a href='https:\/\/www.billion.fr\/wp-content\/uploads\/Billion-technical-molding-piece-3.jpg' title='Pi\u00e8ce technique r\u00e9alis\u00e9e gr\u00e2ce aux \u00e9quipements de transformation plastique Billion' class='fancybox transitions' rel='gallery'><img src='https:\/\/www.billion.fr\/wp-content\/uploads\/Billion-technical-molding-piece-3-569x385.jpg' alt='Pi\u00e8ce technique r\u00e9alis\u00e9e gr\u00e2ce aux \u00e9quipements de transformation plastique Billion'\/><\/a><a href='https:\/\/www.billion.fr\/wp-content\/uploads\/Billion-technical-molding-piece-4.jpg' title='Billion - Pi\u00e8ce technique r\u00e9alis\u00e9e par moulage par injection' class='fancybox transitions' rel='gallery'><img src='https:\/\/www.billion.fr\/wp-content\/uploads\/Billion-technical-molding-piece-4-569x385.jpg' alt='Billion - Pi\u00e8ce technique r\u00e9alis\u00e9e par moulage par injection'\/><\/a><a href='https:\/\/www.billion.fr\/wp-content\/uploads\/Billion-technical-molding-piece-5.jpg' title='Transformation des plastiques dans le secteur des pi\u00e8ces technique r\u00e9alis\u00e9e par Billion' class='fancybox transitions' rel='gallery'><img src='https:\/\/www.billion.fr\/wp-content\/uploads\/Billion-technical-molding-piece-5-569x385.jpg' alt='Transformation des plastiques dans le secteur des pi\u00e8ces technique r\u00e9alis\u00e9e par Billion'\/><\/a><a href='https:\/\/www.billion.fr\/wp-content\/uploads\/Billion-technical-molding-piece-6.jpg' title='Billion-technical-molding-piece-6' class='fancybox transitions' rel='gallery'><img src='https:\/\/www.billion.fr\/wp-content\/uploads\/Billion-technical-molding-piece-6-569x385.jpg' alt=''\/><\/a><\/div>\n<\/div>\n<\/div>\n","protected":false},"excerpt":{"rendered":"La fabrication de pi\u00e8ces techniques n\u00e9cessite des \u00e9quipements sp\u00e9cifiques avec [&#8230;]","protected":false},"author":1,"featured_media":0,"parent":151,"menu_order":37,"comment_status":"closed","ping_status":"closed","template":"","meta":{"footnotes":""},"class_list":["post-162","page","type-page","status-publish","hentry"],"_links":{"self":[{"href":"https:\/\/www.billion.fr\/fr\/wp-json\/wp\/v2\/pages\/162","targetHints":{"allow":["GET"]}}],"collection":[{"href":"https:\/\/www.billion.fr\/fr\/wp-json\/wp\/v2\/pages"}],"about":[{"href":"https:\/\/www.billion.fr\/fr\/wp-json\/wp\/v2\/types\/page"}],"author":[{"embeddable":true,"href":"https:\/\/www.billion.fr\/fr\/wp-json\/wp\/v2\/users\/1"}],"replies":[{"embeddable":true,"href":"https:\/\/www.billion.fr\/fr\/wp-json\/wp\/v2\/comments?post=162"}],"version-history":[{"count":5,"href":"https:\/\/www.billion.fr\/fr\/wp-json\/wp\/v2\/pages\/162\/revisions"}],"predecessor-version":[{"id":2126,"href":"https:\/\/www.billion.fr\/fr\/wp-json\/wp\/v2\/pages\/162\/revisions\/2126"}],"up":[{"embeddable":true,"href":"https:\/\/www.billion.fr\/fr\/wp-json\/wp\/v2\/pages\/151"}],"wp:attachment":[{"href":"https:\/\/www.billion.fr\/fr\/wp-json\/wp\/v2\/media?parent=162"}],"curies":[{"name":"wp","href":"https:\/\/api.w.org\/{rel}","templated":true}]}}