{"id":160,"date":"2017-06-01T13:03:02","date_gmt":"2017-06-01T11:03:02","guid":{"rendered":"https:\/\/www.billion.fr\/?page_id=160"},"modified":"2017-10-30T09:17:02","modified_gmt":"2017-10-30T08:17:02","slug":"packaging","status":"publish","type":"page","link":"https:\/\/www.billion.fr\/fr\/vos-marches\/packaging\/","title":{"rendered":"Packaging"},"content":{"rendered":"<div id=\"automotive-0\" class=\"chapo\">\n<div class=\"wrapper text-center\">\n<p>Les productions haute cadence caract\u00e9ristiques des applications packaging exigent <strong>robustesse<\/strong>, <strong>endurance<\/strong>, <strong>fiabilit\u00e9<\/strong> et <strong>pr\u00e9cision<\/strong>.<\/p>\n<\/div>\n<\/div>\n<div id=\"automotive-1\" class=\"relative\">\n<div class=\"half-block-div right ctn-img-absolute\">\n<a href=\"https:\/\/www.billion.fr\/wp-content\/uploads\/billion-packaging-production-haute-cadence.jpg\" title=\"Billion - Secteur packaging\" class=\"fancybox\" rel=\"gallery\"><img loading=\"lazy\" decoding=\"async\" src=\"https:\/\/www.billion.fr\/wp-content\/uploads\/billion-packaging-production-haute-cadence-1.jpg\" alt=\"Billion - Secteur packaging\" title=\"Billion - Secteur packaging\" width=\"1000\" height=\"673\" class=\"alignnone size-full wp-image-1657\" srcset=\"https:\/\/www.billion.fr\/wp-content\/uploads\/billion-packaging-production-haute-cadence-1.jpg 1000w, https:\/\/www.billion.fr\/wp-content\/uploads\/billion-packaging-production-haute-cadence-1-300x202.jpg 300w, https:\/\/www.billion.fr\/wp-content\/uploads\/billion-packaging-production-haute-cadence-1-768x517.jpg 768w\" sizes=\"auto, (max-width: 1000px) 100vw, 1000px\" \/><\/a><\/p>\n<\/div>\n<div class=\"half-block-div half-div-text div-bg-blue\">\n<h2>Production haute cadence <br \/>Pi\u00e8ces parois fines<\/h2>\n<p>Les \u00e9quipements doivent produire <strong>vite<\/strong>, <strong>bien<\/strong> et <strong>longtemps<\/strong>.<\/p>\n<p>C\u2019est ce que savent faire les machines BILLION : <strong>grands dosages<\/strong>, <strong>grandes vitesses d\u2019injection<\/strong>, <strong>mouvements rapides<\/strong>.<\/p>\n<p>Haute cadence et multi-injection ne sont pas incompatibles.<\/p>\n<p>Il est possible de r\u00e9aliser deux pi\u00e8ces compl\u00e9mentaires sur un seul poste de production.<\/p>\n<p><strong>Et les applications sont nombreuses !<\/strong><\/p>\n<\/div>\n<\/div>\n<div id=\"automotive-2\" class=\"text-center div-bg-light-grey block-slider-markets\">\n<h2>Quelques applications<\/h2>\n<div class=\"slide-markets-wrap\">\n <div class='slide-markets owl-carousel'><a href='https:\/\/www.billion.fr\/wp-content\/uploads\/Billion-packaging-1-1.jpg' title='Billion - Injection plastique dans le secteur du packaging - Pi\u00e8ce n\u00b01' class='fancybox transitions' rel='gallery'><img src='https:\/\/www.billion.fr\/wp-content\/uploads\/Billion-packaging-1-1-569x385.jpg' alt='Billion - Injection plastique dans le secteur du packaging - Pi\u00e8ce n\u00b01'\/><\/a><a href='https:\/\/www.billion.fr\/wp-content\/uploads\/Billion-packaging-4.jpg' title='Billion - Injection plastique dans le secteur du packaging - Pi\u00e8ce n\u00b02' class='fancybox transitions' rel='gallery'><img src='https:\/\/www.billion.fr\/wp-content\/uploads\/Billion-packaging-4-569x385.jpg' alt='Billion - Injection plastique dans le secteur du packaging - Pi\u00e8ce n\u00b02'\/><\/a><a href='https:\/\/www.billion.fr\/wp-content\/uploads\/Billion-packaging-2.jpg' title='Billion - Injection plastique dans le secteur du packaging - Pi\u00e8ce n\u00b04' class='fancybox transitions' rel='gallery'><img src='https:\/\/www.billion.fr\/wp-content\/uploads\/Billion-packaging-2-569x385.jpg' alt='Billion - Injection plastique dans le secteur du packaging - Pi\u00e8ce n\u00b04'\/><\/a><a href='https:\/\/www.billion.fr\/wp-content\/uploads\/Billion-packaging-3.jpg' title='Billion - Injection plastique dans le secteur du packaging - Pi\u00e8ce n\u00b03' class='fancybox transitions' rel='gallery'><img src='https:\/\/www.billion.fr\/wp-content\/uploads\/Billion-packaging-3-569x385.jpg' alt='Billion - Injection plastique dans le secteur du packaging - Pi\u00e8ce n\u00b03'\/><\/a><\/div>\n<\/div>\n<\/div>\n","protected":false},"excerpt":{"rendered":"Les productions haute cadence caract\u00e9ristiques des applications packaging exigent robustesse, [&#8230;]","protected":false},"author":1,"featured_media":0,"parent":151,"menu_order":39,"comment_status":"closed","ping_status":"closed","template":"","meta":{"footnotes":""},"class_list":["post-160","page","type-page","status-publish","hentry"],"_links":{"self":[{"href":"https:\/\/www.billion.fr\/fr\/wp-json\/wp\/v2\/pages\/160","targetHints":{"allow":["GET"]}}],"collection":[{"href":"https:\/\/www.billion.fr\/fr\/wp-json\/wp\/v2\/pages"}],"about":[{"href":"https:\/\/www.billion.fr\/fr\/wp-json\/wp\/v2\/types\/page"}],"author":[{"embeddable":true,"href":"https:\/\/www.billion.fr\/fr\/wp-json\/wp\/v2\/users\/1"}],"replies":[{"embeddable":true,"href":"https:\/\/www.billion.fr\/fr\/wp-json\/wp\/v2\/comments?post=160"}],"version-history":[{"count":5,"href":"https:\/\/www.billion.fr\/fr\/wp-json\/wp\/v2\/pages\/160\/revisions"}],"predecessor-version":[{"id":2119,"href":"https:\/\/www.billion.fr\/fr\/wp-json\/wp\/v2\/pages\/160\/revisions\/2119"}],"up":[{"embeddable":true,"href":"https:\/\/www.billion.fr\/fr\/wp-json\/wp\/v2\/pages\/151"}],"wp:attachment":[{"href":"https:\/\/www.billion.fr\/fr\/wp-json\/wp\/v2\/media?parent=160"}],"curies":[{"name":"wp","href":"https:\/\/api.w.org\/{rel}","templated":true}]}}