{"id":158,"date":"2017-06-01T13:02:44","date_gmt":"2017-06-01T11:02:44","guid":{"rendered":"https:\/\/www.billion.fr\/?page_id=158"},"modified":"2017-10-31T08:24:35","modified_gmt":"2017-10-31T07:24:35","slug":"medical","status":"publish","type":"page","link":"https:\/\/www.billion.fr\/fr\/vos-marches\/medical\/","title":{"rendered":"M\u00e9dical"},"content":{"rendered":"<div id=\"automotive-0\" class=\"chapo\">\n<div class=\"wrapper text-center\">\n<p>Nos priorit\u00e9s dans le secteur m\u00e9dical\/pharmaceutique : <strong>Propret\u00e9<\/strong>, <strong>fiabilit\u00e9<\/strong>, <strong>pr\u00e9cision<\/strong>.<\/p>\n<p>Nos \u00e9quipes ont d\u00e9velopp\u00e9 des \u00e9quipements d\u00e9di\u00e9s pour <strong>une production propre, s\u00e9curis\u00e9e,&nbsp;sans&nbsp;pollution<\/strong>.<\/p>\n<\/div>\n<\/div>\n<div id=\"automotive-1\" class=\"relative\">\n<div class=\"half-block-div right ctn-img-absolute\">\n<a href=\"https:\/\/www.billion.fr\/wp-content\/uploads\/Billion-medical-sector-without-pollution.jpg\" title=\"Billion - Secteur m\u00e9dical\" class=\"fancybox\" rel=\"gallery\"><img loading=\"lazy\" decoding=\"async\" src=\"https:\/\/www.billion.fr\/wp-content\/uploads\/Billion-medical-sector-without-pollution.jpg\" alt=\"Billion - Secteur m\u00e9dical\"  title=\"Billion - Secteur m\u00e9dical\" width=\"1000\" height=\"691\" class=\"alignnone size-full wp-image-485 transitions\" srcset=\"https:\/\/www.billion.fr\/wp-content\/uploads\/Billion-medical-sector-without-pollution.jpg 1000w, https:\/\/www.billion.fr\/wp-content\/uploads\/Billion-medical-sector-without-pollution-300x207.jpg 300w, https:\/\/www.billion.fr\/wp-content\/uploads\/Billion-medical-sector-without-pollution-768x531.jpg 768w\" sizes=\"auto, (max-width: 1000px) 100vw, 1000px\" \/><\/a>\n<\/div>\n<div class=\"half-block-div half-div-text div-bg-blue\">\n<h2>Production en atmosph\u00e8re contr\u00f4l\u00e9e &#8211;  salle blanche<\/h2>\n<p><strong>Propret\u00e9 de la zone de production<\/strong> : Lubrification automatique de l\u2019unit\u00e9 de fermeture, lubrification libre des supports moule.<\/p>\n<p><strong>Pr\u00e9cision et r\u00e9p\u00e9titivit\u00e9 de l\u2019unit\u00e9 d\u2019injection <\/strong>: contr\u00f4le de tous les param\u00e8tres en circuit ferm\u00e9 gr\u00e2ce \u00e0 un servo-distributeur haute pr\u00e9cision. <\/p>\n<p>P\u00e9riph\u00e9riques g\u00e9r\u00e9s par le <strong>syst\u00e8me de commande Dixit<\/strong>.<\/p>\n<p>L\u2019<strong>assemblage dans le moule<\/strong> ou les <strong>proc\u00e9d\u00e9s multi-injection<\/strong> r\u00e9duisent le transfert ou le stockage des pi\u00e8ces.<\/p>\n<\/div>\n<\/div>\n<div id=\"automotive-2\" class=\"text-center div-bg-light-grey block-slider-markets\">\n<h2>Quelques applications<\/h2>\n<div class=\"slide-markets-wrap\">\n <div class='slide-markets owl-carousel'><a href='https:\/\/www.billion.fr\/wp-content\/uploads\/Billion-medical-piece-3.jpg' title='Billion - Secteur m\u00e9dical - Pi\u00e8ce n\u00b01' class='fancybox transitions' rel='gallery'><img src='https:\/\/www.billion.fr\/wp-content\/uploads\/Billion-medical-piece-3-569x385.jpg' alt='Billion - Secteur m\u00e9dical - Pi\u00e8ce n\u00b01'\/><\/a><a href='https:\/\/www.billion.fr\/wp-content\/uploads\/Billion-medical-piece-2.jpg' title='Billion - Secteur m\u00e9dical - Pi\u00e8ce n\u00b02' class='fancybox transitions' rel='gallery'><img src='https:\/\/www.billion.fr\/wp-content\/uploads\/Billion-medical-piece-2-569x385.jpg' alt='Billion - Secteur m\u00e9dical - Pi\u00e8ce n\u00b02'\/><\/a><a href='https:\/\/www.billion.fr\/wp-content\/uploads\/Billion-medical-piece-1.jpg' title='Billion - Secteur m\u00e9dical - Pi\u00e8ce n\u00b03' class='fancybox transitions' rel='gallery'><img src='https:\/\/www.billion.fr\/wp-content\/uploads\/Billion-medical-piece-1-569x385.jpg' alt='Billion - Secteur m\u00e9dical - Pi\u00e8ce n\u00b03'\/><\/a><\/div>\n<\/div>\n<\/div>\n","protected":false},"excerpt":{"rendered":"Nos priorit\u00e9s dans le secteur m\u00e9dical\/pharmaceutique : Propret\u00e9, fiabilit\u00e9, pr\u00e9cision. [&#8230;]","protected":false},"author":1,"featured_media":0,"parent":151,"menu_order":33,"comment_status":"closed","ping_status":"closed","template":"","meta":{"footnotes":""},"class_list":["post-158","page","type-page","status-publish","hentry"],"_links":{"self":[{"href":"https:\/\/www.billion.fr\/fr\/wp-json\/wp\/v2\/pages\/158","targetHints":{"allow":["GET"]}}],"collection":[{"href":"https:\/\/www.billion.fr\/fr\/wp-json\/wp\/v2\/pages"}],"about":[{"href":"https:\/\/www.billion.fr\/fr\/wp-json\/wp\/v2\/types\/page"}],"author":[{"embeddable":true,"href":"https:\/\/www.billion.fr\/fr\/wp-json\/wp\/v2\/users\/1"}],"replies":[{"embeddable":true,"href":"https:\/\/www.billion.fr\/fr\/wp-json\/wp\/v2\/comments?post=158"}],"version-history":[{"count":5,"href":"https:\/\/www.billion.fr\/fr\/wp-json\/wp\/v2\/pages\/158\/revisions"}],"predecessor-version":[{"id":2178,"href":"https:\/\/www.billion.fr\/fr\/wp-json\/wp\/v2\/pages\/158\/revisions\/2178"}],"up":[{"embeddable":true,"href":"https:\/\/www.billion.fr\/fr\/wp-json\/wp\/v2\/pages\/151"}],"wp:attachment":[{"href":"https:\/\/www.billion.fr\/fr\/wp-json\/wp\/v2\/media?parent=158"}],"curies":[{"name":"wp","href":"https:\/\/api.w.org\/{rel}","templated":true}]}}