{"id":154,"date":"2017-06-01T09:28:13","date_gmt":"2017-06-01T07:28:13","guid":{"rendered":"https:\/\/www.billion.fr\/your-markets\/automotive\/"},"modified":"2017-10-30T09:15:52","modified_gmt":"2017-10-30T08:15:52","slug":"automobile","status":"publish","type":"page","link":"https:\/\/www.billion.fr\/fr\/vos-marches\/automobile\/","title":{"rendered":"Automobile"},"content":{"rendered":"<div id=\"automotive-0\" class=\"chapo\">\n<div class=\"wrapper text-center\">\n<p>BILLION propose aux \u00e9quipementiers automobiles des prestations compl\u00e8tes et cibl\u00e9es adapt\u00e9es aux exigences de qualit\u00e9 et de technologie de ce secteur de pointe. <\/p>\n<\/div>\n<\/div>\n<div id=\"automotive-1\" class=\"relative\">\n<div class=\"half-block-div right ctn-img-absolute\">\n<a href=\"https:\/\/www.billion.fr\/wp-content\/uploads\/billion-transformation-plastique-automobile.jpg\" class=\"fancybox\" rel=\"gallery\" title=\"Billion - Secteur automobile\"><img loading=\"lazy\" decoding=\"async\" src=\"https:\/\/www.billion.fr\/wp-content\/uploads\/billion-transformation-plastique-automobile.jpg\" alt=\"Billion - Secteur automobile\" title=\"Billion - Secteur automobile\" width=\"1000\" height=\"929\" class=\"alignnone size-full wp-image-1630\" srcset=\"https:\/\/www.billion.fr\/wp-content\/uploads\/billion-transformation-plastique-automobile.jpg 1000w, https:\/\/www.billion.fr\/wp-content\/uploads\/billion-transformation-plastique-automobile-300x279.jpg 300w, https:\/\/www.billion.fr\/wp-content\/uploads\/billion-transformation-plastique-automobile-768x713.jpg 768w\" sizes=\"auto, (max-width: 1000px) 100vw, 1000px\" \/><\/a>\n<\/div>\n<div class=\"half-block-div half-div-text div-bg-blue\">\n<h2>Solutions sur \u00e9tag\u00e8res<\/h2>\n<p>Gr\u00e2ce \u00e0 une palette de technologies innovantes, nous offrons aux transformateurs acteurs dans le segment automobile des solutions sur \u00e9tag\u00e8res \u00e0 m\u00eame de r\u00e9pondre \u00e0 des cahiers des charges pr\u00e9cis.<\/p>\n<p>En voici quelques exemples :<\/p>\n<ul class=\"list arrow-white\">\n<li>Injection Compression \/ Cycle aspect<\/li>\n<li>Surmoulage caoutchoucs<\/li>\n<li>Surmoulage films et tissus<\/li>\n<li>IMS (Injection multi-s\u00e9quentielle)<\/li>\n<li>TD (Thermodurcissables)<\/li>\n<li>Injection assist\u00e9e fluides<\/li>\n<li>Injection gaz et eau<\/li>\n<li>IMA (In Mould Assembly)<\/li>\n<li>Surmoulage<\/li>\n<li>Injection Sandwich<\/li>\n<\/ul>\n<\/div>\n<\/div>\n<div id=\"automotive-2\" class=\"text-center div-bg-light-grey block-slider-markets\">\n<h2>Quelques applications<\/h2>\n<div class=\"slide-markets-wrap\">\n <div class='slide-markets owl-carousel'><a href='https:\/\/www.billion.fr\/wp-content\/uploads\/automotive-piece-5-3.jpg' title='Billion - Pi\u00e8ce Automobile n\u00b01' class='fancybox transitions' rel='gallery'><img src='https:\/\/www.billion.fr\/wp-content\/uploads\/automotive-piece-5-3-569x385.jpg' alt='Billion - Pi\u00e8ce Automobile n\u00b01'\/><\/a><a href='https:\/\/www.billion.fr\/wp-content\/uploads\/automotive-piece-1-2.jpg' title='Billion - Pi\u00e8ce Automobile n\u00b05' class='fancybox transitions' rel='gallery'><img src='https:\/\/www.billion.fr\/wp-content\/uploads\/automotive-piece-1-2-569x385.jpg' alt='Billion - Pi\u00e8ce Automobile n\u00b05'\/><\/a><a href='https:\/\/www.billion.fr\/wp-content\/uploads\/automotive-piece-2-2.jpg' title='Billion - Pi\u00e8ce Automobile n\u00b02' class='fancybox transitions' rel='gallery'><img src='https:\/\/www.billion.fr\/wp-content\/uploads\/automotive-piece-2-2-569x385.jpg' alt='Billion - Pi\u00e8ce Automobile n\u00b02'\/><\/a><a href='https:\/\/www.billion.fr\/wp-content\/uploads\/automotive-piece-3-2.jpg' title='Billion - Pi\u00e8ce Automobile n\u00b03' class='fancybox transitions' rel='gallery'><img src='https:\/\/www.billion.fr\/wp-content\/uploads\/automotive-piece-3-2-569x385.jpg' alt='Billion - Pi\u00e8ce Automobile n\u00b03'\/><\/a><a href='https:\/\/www.billion.fr\/wp-content\/uploads\/automotive-piece-4-2.jpg' title='Billion - Pi\u00e8ce Automobile n\u00b02' class='fancybox transitions' rel='gallery'><img src='https:\/\/www.billion.fr\/wp-content\/uploads\/automotive-piece-4-2-569x385.jpg' alt='Billion - Pi\u00e8ce Automobile n\u00b02'\/><\/a><\/div>\n<\/div>\n<\/div>\n","protected":false},"excerpt":{"rendered":"BILLION propose aux \u00e9quipementiers automobiles des prestations compl\u00e8tes et cibl\u00e9es [&#8230;]","protected":false},"author":1,"featured_media":0,"parent":151,"menu_order":28,"comment_status":"closed","ping_status":"closed","template":"","meta":{"footnotes":""},"class_list":["post-154","page","type-page","status-publish","hentry"],"_links":{"self":[{"href":"https:\/\/www.billion.fr\/fr\/wp-json\/wp\/v2\/pages\/154","targetHints":{"allow":["GET"]}}],"collection":[{"href":"https:\/\/www.billion.fr\/fr\/wp-json\/wp\/v2\/pages"}],"about":[{"href":"https:\/\/www.billion.fr\/fr\/wp-json\/wp\/v2\/types\/page"}],"author":[{"embeddable":true,"href":"https:\/\/www.billion.fr\/fr\/wp-json\/wp\/v2\/users\/1"}],"replies":[{"embeddable":true,"href":"https:\/\/www.billion.fr\/fr\/wp-json\/wp\/v2\/comments?post=154"}],"version-history":[{"count":5,"href":"https:\/\/www.billion.fr\/fr\/wp-json\/wp\/v2\/pages\/154\/revisions"}],"predecessor-version":[{"id":2117,"href":"https:\/\/www.billion.fr\/fr\/wp-json\/wp\/v2\/pages\/154\/revisions\/2117"}],"up":[{"embeddable":true,"href":"https:\/\/www.billion.fr\/fr\/wp-json\/wp\/v2\/pages\/151"}],"wp:attachment":[{"href":"https:\/\/www.billion.fr\/fr\/wp-json\/wp\/v2\/media?parent=154"}],"curies":[{"name":"wp","href":"https:\/\/api.w.org\/{rel}","templated":true}]}}