{"id":2743,"date":"2017-12-01T15:58:49","date_gmt":"2017-12-01T14:58:49","guid":{"rendered":"https:\/\/www.billion.fr\/?page_id=2743"},"modified":"2023-01-19T15:18:56","modified_gmt":"2023-01-19T14:18:56","slug":"select%c2%b2-neue-generation","status":"publish","type":"page","link":"https:\/\/www.billion.fr\/de\/produkte-loesungen\/maschinen-baureihen\/select%c2%b2-neue-generation\/","title":{"rendered":"Select\u00b2 125-400 Tonnen"},"content":{"rendered":"<div id=\"select-ng-1\" class=\"relative\">\n<div class=\"half-block-div half-div-text div-bg-blue\">\n<h2>SELECT <sup>2<\/sup> Neue Generation<\/h2>\n<p class=\"title-chapo\">Entdecken Sie die neue Billion Maschinengeneration f\u00fcr ERH\u00d6HTE PRODUKTIVIT\u00c4T<\/p>\n<p>&nbsp;<\/p>\n<ul class=\"list arrow-white\">\n<li><strong>Robuster<\/strong> Rahmen und F\u00fchrung<\/li>\n<li><strong>High speed<\/strong> \u00d6ffnen\/Schlie\u00dfen<\/li>\n<li><strong>Auswerferkreuz<\/strong> (vertikal und horizontal)<\/li>\n<li><strong>Unabh\u00e4ngige Bewegungen<\/strong> beider Spritzeinheiten<\/li>\n<li>Alle bewegten Leitungen sind durch Energieketten gef\u00fchrt, an Schlie\u00df und Spritzeinheit<\/li>\n<li>Gro\u00dfz\u00fcgige Platzverh\u00e4ltnisse innerhalb der Schutzumhausung :<br \/>\nOptimiertes Layout f\u00fcr Werkzeugwartung<br \/>\nAnschl\u00fcsse \u2026erleichtert die Handhabung<\/li>\n<li><a href=\"\/de\/?page_id=2355\">Easyturn<\/a> kompatibel<\/li>\n<\/ul>\n<\/div>\n<div class=\"half-block-div ctn-img-absolute right\"><a class=\"fancybox\" title=\"Select\u00b2 Neue Generation Spritzgie\u00dfmaschine - Erh\u00f6hen Sie die Produktivit\u00e4t\" href=\"https:\/\/www.billion.fr\/wp-content\/uploads\/select-2-new-generation.jpg\" rel=\"gallery\"><img loading=\"lazy\" decoding=\"async\" class=\"alignnone size-full wp-image-1441\" title=\"Select\u00b2 Neue Generation Spritzgie\u00dfmaschine - Erh\u00f6hen Sie die Produktivit\u00e4t\" src=\"https:\/\/www.billion.fr\/wp-content\/uploads\/select-2-new-generation.jpg\" alt=\"Select\u00b2 Neue Generation Spritzgie\u00dfmaschine - Erh\u00f6hen Sie die Produktivit\u00e4t\" width=\"970\" height=\"719\" srcset=\"https:\/\/www.billion.fr\/wp-content\/uploads\/select-2-new-generation.jpg 970w, https:\/\/www.billion.fr\/wp-content\/uploads\/select-2-new-generation-300x222.jpg 300w, https:\/\/www.billion.fr\/wp-content\/uploads\/select-2-new-generation-768x569.jpg 768w\" sizes=\"auto, (max-width: 970px) 100vw, 970px\" \/><\/a><\/div>\n<\/div>\n<div id=\"select-ng-2\" class=\"relative\">\n<div class=\"title-select-2ng-2\">\n<div>\n<h2>Die Vorteile von Select<sup>2<\/sup><\/h2>\n<p>Bei Fragen \u00fcber Select<sup>2<\/sup>,<\/p>\n<p>kontaktieren Sie uns!<\/p>\n<p><a class=\"btn_default transitions\" href=\"\/de\/?page_id=2272\">Kontakt<\/a><\/p>\n<\/div>\n<\/div>\n<ul class=\"list-select-2ng\">\n<li><a class=\"fancybox transitions\" title=\"SELECT\u00b2 Vollelektrische Spritzgiessmaschine - f\u00fcr zus\u00e4tzliche Sauberkeit\" href=\"https:\/\/www.billion.fr\/wp-content\/uploads\/\/select-2-cleanliness-761x350.jpg\" rel=\"gallery\"><img loading=\"lazy\" decoding=\"async\" class=\"alignnone size-Caps-multi-injection wp-image-1452\" title=\"SELECT\u00b2 Vollelektrische Spritzgiessmaschine - f\u00fcr zus\u00e4tzliche Sauberkeit\" src=\"https:\/\/www.billion.fr\/wp-content\/uploads\/\/select-2-cleanliness-761x350.jpg\" alt=\"SELECT\u00b2 Vollelektrische Spritzgiessmaschine - f\u00fcr zus\u00e4tzliche Sauberkeit\" width=\"761\" height=\"350\"><\/a>\n<p class=\"select-label\">Bewegliche Aufspannplattenf\u00fchrung auf Kugelumlauff\u00fchrung f\u00fcr erh\u00f6hte Sauberkeit<\/p>\n<\/li>\n<li><a class=\"fancybox transitions\" title=\"SELECT\u00b2 Vollelektrische Spritzgiessmaschine: f\u00fcr mehr Vielseitigkeit\" href=\"https:\/\/www.billion.fr\/wp-content\/uploads\/\/select-2-versatility-761x350.jpg\" rel=\"gallery\"><img loading=\"lazy\" decoding=\"async\" class=\"alignnone size-Caps-multi-injection wp-image-1450\" title=\"SELECT\u00b2 Vollelektrische Spritzgiessmaschine: f\u00fcr mehr Vielseitigkeit\" src=\"https:\/\/www.billion.fr\/wp-content\/uploads\/\/select-2-versatility-761x350.jpg\" alt=\"SELECT\u00b2 Vollelektrische Spritzgiessmaschine: f\u00fcr mehr Vielseitigkeit\" width=\"761\" height=\"350\"><\/a>\n<p class=\"select-label\">Gro\u00dfe Platten f\u00fcr mehr Vielseitigkeit<\/p>\n<\/li>\n<li><a class=\"fancybox transitions\" title=\"Steigern Sie Ihre Leistung mit Select\u00b2 Thermoplastic Processing Solutions\" href=\"https:\/\/www.billion.fr\/wp-content\/uploads\/\/select-2-performance-761x350.jpg\" rel=\"gallery\"><img loading=\"lazy\" decoding=\"async\" class=\"alignnone size-Caps-multi-injection wp-image-1448\" title=\"Steigern Sie Ihre Leistung mit Select\u00b2 Thermoplastic Processing Solutions\" src=\"https:\/\/www.billion.fr\/wp-content\/uploads\/\/select-2-performance-761x350.jpg\" alt=\"Steigern Sie Ihre Leistung mit Select\u00b2 Thermoplastic Processing Solutions\" width=\"761\" height=\"350\"><\/a>\n<p class=\"select-label\">Kugelspindel f\u00fcr mehr Leistung<\/p>\n<\/li>\n<li><a class=\"fancybox transitions\" title=\"SELECT\u00b2 von BILLION - Sparen Sie Energie\" href=\"https:\/\/www.billion.fr\/wp-content\/uploads\/\/select-2-energy-saving-761x350.jpg\" rel=\"gallery\"><img loading=\"lazy\" decoding=\"async\" class=\"alignnone size-Caps-multi-injection wp-image-1446\" title=\"SELECT\u00b2 von BILLION - Sparen Sie Energie\" src=\"https:\/\/www.billion.fr\/wp-content\/uploads\/\/select-2-energy-saving-761x350.jpg\" alt=\"SELECT\u00b2 von BILLION - Sparen Sie Energie\" width=\"761\" height=\"350\"><\/a>\n<p class=\"select-label\">Synchron Servo-Motor angetriebener Kniehebel energiesparend<\/p>\n<\/li>\n<\/ul>\n<\/div>\n","protected":false},"excerpt":{"rendered":"SELECT 2 Neue Generation Entdecken Sie die neue Billion Maschinengeneration [&#8230;]","protected":false},"author":1,"featured_media":0,"parent":2233,"menu_order":76,"comment_status":"closed","ping_status":"closed","template":"page-templates\/products-page-child.php","meta":{"footnotes":""},"class_list":["post-2743","page","type-page","status-publish","hentry"],"_links":{"self":[{"href":"https:\/\/www.billion.fr\/de\/wp-json\/wp\/v2\/pages\/2743","targetHints":{"allow":["GET"]}}],"collection":[{"href":"https:\/\/www.billion.fr\/de\/wp-json\/wp\/v2\/pages"}],"about":[{"href":"https:\/\/www.billion.fr\/de\/wp-json\/wp\/v2\/types\/page"}],"author":[{"embeddable":true,"href":"https:\/\/www.billion.fr\/de\/wp-json\/wp\/v2\/users\/1"}],"replies":[{"embeddable":true,"href":"https:\/\/www.billion.fr\/de\/wp-json\/wp\/v2\/comments?post=2743"}],"version-history":[{"count":5,"href":"https:\/\/www.billion.fr\/de\/wp-json\/wp\/v2\/pages\/2743\/revisions"}],"predecessor-version":[{"id":3922,"href":"https:\/\/www.billion.fr\/de\/wp-json\/wp\/v2\/pages\/2743\/revisions\/3922"}],"up":[{"embeddable":true,"href":"https:\/\/www.billion.fr\/de\/wp-json\/wp\/v2\/pages\/2233"}],"wp:attachment":[{"href":"https:\/\/www.billion.fr\/de\/wp-json\/wp\/v2\/media?parent=2743"}],"curies":[{"name":"wp","href":"https:\/\/api.w.org\/{rel}","templated":true}]}}