{"id":2710,"date":"2017-12-01T15:22:17","date_gmt":"2017-12-01T14:22:17","guid":{"rendered":"https:\/\/www.billion.fr\/?page_id=2710"},"modified":"2017-12-15T13:33:12","modified_gmt":"2017-12-15T12:33:12","slug":"hercule-200-320-tonnen","status":"publish","type":"page","link":"https:\/\/www.billion.fr\/de\/produkte-loesungen\/maschinen-baureihen\/hercule-200-320-tonnen\/","title":{"rendered":"HERCULE 200-320 Tonnen"},"content":{"rendered":"<div class=\"caps-machine div-bg-blue2\">\n<div class=\"text-caps-machine\">\n<h2>HERCULE Maschinen<\/h2>\n<p class=\"title-chapo\">Vollhydraulik und Hybrid Spritzgie\u00dfmaschinen<\/p>\n<ul class=\"list-long-arrow long-arrow-white\">\n<li>Schlie\u00dfeinheit mit <strong>doppelkniehebel<\/strong> und <strong>Schlie\u00dfzylinder<\/strong>.<\/li>\n<\/ul>\n<p class=\"teasing\"><a href=\"#hercule-1\" class=\"transitions\">Eine leistungsstarke Baureihe f\u00fcr eine gro\u00dfe Vielfalt von Anwendungen.<\/a><\/p>\n<\/div>\n<div class=\"thumb-caps-machine\">\n<a href=\"https:\/\/www.billion.fr\/wp-content\/uploads\/Hercule-h2000.jpg\" title=\"Spritzgie\u00dfmaschine HERCULE Baureihe - H2000\" class=\"fancybox\" rel=\"gallery\"><img loading=\"lazy\" decoding=\"async\" src=\"https:\/\/www.billion.fr\/wp-content\/uploads\/Hercule-h2000-1024x418.jpg\" alt=\"Spritzgie\u00dfmaschine HERCULE Baureihe - H2000\"  title=\"Spritzgie\u00dfmaschine HERCULE Baureihe - H2000\" width=\"1024\" height=\"418\" class=\"alignnone size-large wp-image-838\" srcset=\"https:\/\/www.billion.fr\/wp-content\/uploads\/Hercule-h2000-1024x418.jpg 1024w, https:\/\/www.billion.fr\/wp-content\/uploads\/Hercule-h2000-300x122.jpg 300w, https:\/\/www.billion.fr\/wp-content\/uploads\/Hercule-h2000-768x313.jpg 768w, https:\/\/www.billion.fr\/wp-content\/uploads\/Hercule-h2000.jpg 1500w\" sizes=\"auto, (max-width: 1024px) 100vw, 1024px\" \/><\/a><br \/>\n<\/a>\n<\/div>\n<\/div>\n<div id=\"hercule-1\" class=\"relative\">\n<div class=\"half-block-div half-div-text div-bg-blue\">\n<h2>HERCULE Baureihe 200-320 Tonnen<\/h2>\n<p><strong>H\u00f6chst \u00f6konomische Produktion<\/strong>, <strong>zuverl\u00e4ssige Maschinenqualit\u00e4t<\/strong>, und <strong>perfekte Anpa\u00dfungsf\u00e4higkeit<\/strong> an alle Arten von Anwendungen und Zyklen: Die Modelle der  HERCULE Reihe bestechen in allen Disziplinen.<\/p>\n<p>Verf\u00fcgbar als <strong>Vollhydraulik<\/strong> oder <strong>Hybrid<\/strong>. Sowie auch als Standard oder Mehrkomponenten Version.<\/p>\n<p>Diese Maschine ist bestens geeignet f\u00fcr eine <strong>gro\u00dfe Bandbreite an Applikationen<\/strong> und <strong>Sonderverfahren<\/strong>. F\u00fcr vielf\u00e4ltige Polymer Prozesse wie Thermoplaste , PVC, LSR, Composites\u2026 <\/p>\n<\/div>\n<div class=\"half-block-div ctn-img-absolute right\">\n<a href=\"https:\/\/www.billion.fr\/wp-content\/uploads\/hercule-baureihe.jpg\" title=\"Spritzgie\u00dfmaschine von BILLION - Hercule Baureihe\" class=\"fancybox\" rel=\"gallery\"><img loading=\"lazy\" decoding=\"async\" src=\"https:\/\/www.billion.fr\/wp-content\/uploads\/hercule-baureihe.jpg\" alt=\"Spritzgie\u00dfmaschine von BILLION - Hercule Baureihe\" title=\"Spritzgie\u00dfmaschine von BILLION - Hercule Baureihe\" width=\"960\" height=\"620\" class=\"alignnone size-full wp-image-2726\" srcset=\"https:\/\/www.billion.fr\/wp-content\/uploads\/hercule-baureihe.jpg 960w, https:\/\/www.billion.fr\/wp-content\/uploads\/hercule-baureihe-300x194.jpg 300w, https:\/\/www.billion.fr\/wp-content\/uploads\/hercule-baureihe-768x496.jpg 768w\" sizes=\"auto, (max-width: 960px) 100vw, 960px\" \/><\/a>\n<\/div>\n<\/div>\n<div id=\"hercule-2\" class=\"relative\">\n<div class=\"half-block-div half-div-text div-bg-blue2 right\">\n<h2>Hydraulisches System mit Druckspeicher Serienm\u00e4\u00dfig<\/h2>\n<p>Das Druckspeicher basierende Hydraulik System mit kleinen effizienten Konstantpumpen erm\u00f6glicht sehr dynamische parallele Bewegungen und hohe Einspritzleistungen.<\/p>\n<p>Das Hydrauliksystem ist mit Proportionalventilen ausger\u00fcstet. Sie wirken unmittelbar mit den jeweiligen Zylindern zusammen.<\/p>\n<p>Dies gew\u00e4hrleistet regelgenaue Bewegungen und h\u00f6chste Energieeffizienz.<\/p>\n<p><a href=\"https:\/\/www.billion.fr\/wp-content\/uploads\/Hydrauliksystem-DE.jpg\" class=\"fancybox transitions more-link\" title=\"Hydraulisches System mit Druckspeicher Serienm\u00e4\u00dfig\" >Erfahren Sie Mehr<\/a>\n<\/div>\n<div class=\"half-block-div ctn-img-absolute left\">\n<a href=\"https:\/\/www.billion.fr\/wp-content\/uploads\/hercule-hydraulisches-system.jpg\" title=\"Hercule - Hydraulisches System mit Druckspeicher Serienm\u00e4\u00dfig\" class=\"fancybox\" rel=\"gallery\"><img loading=\"lazy\" decoding=\"async\" src=\"https:\/\/www.billion.fr\/wp-content\/uploads\/hercule-hydraulisches-system.jpg\" alt=\"Hercule - Hydraulisches System mit Druckspeicher Serienm\u00e4\u00dfig\" title=\"Hercule - Hydraulisches System mit Druckspeicher Serienm\u00e4\u00dfig\" width=\"960\" height=\"651\" class=\"alignnone size-full wp-image-2732\" srcset=\"https:\/\/www.billion.fr\/wp-content\/uploads\/hercule-hydraulisches-system.jpg 960w, https:\/\/www.billion.fr\/wp-content\/uploads\/hercule-hydraulisches-system-300x203.jpg 300w, https:\/\/www.billion.fr\/wp-content\/uploads\/hercule-hydraulisches-system-768x521.jpg 768w, https:\/\/www.billion.fr\/wp-content\/uploads\/hercule-hydraulisches-system-569x385.jpg 569w\" sizes=\"auto, (max-width: 960px) 100vw, 960px\" \/><\/a>\n<\/div>\n<\/div>\n<div id=\"hercule-3\" class=\"relative\">\n<div class=\"half-block-div half-div-text div-bg-blue\">\n<h2>Eine leistungsstarke Baureihe f\u00fcr eine gro\u00dfe Vielfalt von Anwendungen<\/h2>\n<p>Die HERCULE Schlie\u00dfeinheit ist ein hydromechanisches Schlie\u00dfsystem. Also eine Kombination aus Kniehebel und hydraulischer Schlie\u00dfeinheit.<\/p>\n<p>Dies ist eine BILLION Spezialit\u00e4t. Dabei werden die Vorteile beider Systeme genutzt. Sehr <strong>gute Dynamik<\/strong> und <strong>Regelbarkeit<\/strong> werden vereint und ergeben gleichzeitig sehr <strong>gute Energieverbrauchswerte<\/strong>.<\/p>\n<ul class=\"list arrow-white\">\n<li>Pr\u00e4zise sensor\u00fcberwachte Verriegelung <a href=\"#locking\" class=\"fancybox more-link\" rel=\"gallery-2\">Erfahren Sie mehr<\/a><\/li>\n<li>Werkzeugumgebung <a href=\"#mold\" class=\"fancybox more-link\" rel=\"gallery-2\">Erfahren Sie mehr<\/a><\/li>\n<li>Perfekte Werkzeugf\u00fchrung und gro\u00dfz\u00fcgige Abst\u00fctzung der fahrenden Platte mit langen Buchsen <a href=\"#alignment\" class=\"fancybox more-link\" rel=\"gallery-2\">Erfahren Sie mehr<\/a><\/li>\n<\/ul>\n<div id=\"locking\" class=\"fancy-hercule div-bg-blue\">\n<div class=\"thumb-fancy-hercule\">\n<img loading=\"lazy\" decoding=\"async\" src=\"https:\/\/www.billion.fr\/wp-content\/uploads\/hercule-precise-locking.jpg\" alt=\"Hercule - Pr\u00e4zise sensor\u00fcberwachte Verriegelung\" title=\"Hercule - Pr\u00e4zise sensor\u00fcberwachte Verriegelung\" width=\"500\" height=\"333\" class=\"alignnone size-full wp-image-1410\" srcset=\"https:\/\/www.billion.fr\/wp-content\/uploads\/hercule-precise-locking.jpg 500w, https:\/\/www.billion.fr\/wp-content\/uploads\/hercule-precise-locking-300x200.jpg 300w\" sizes=\"auto, (max-width: 500px) 100vw, 500px\" \/>\n<\/div>\n<h3>Pr\u00e4zise sensor\u00fcberwachte Verriegelung<\/h3>\n<p>Ausdehnung und Schrumpfung der Form werden vollst\u00e4ndig kompensiert.<\/p>\n<p>Durch ein hydraulisches System welches konstante Schlie\u00dfkraft und Werkzeugsicherung erm\u00f6glicht.<\/p>\n<div class=\"clear\"><\/div>\n<\/div>\n<div id=\"mold\" class=\"fancy-hercule div-bg-blue\">\n<div class=\"thumb-fancy-hercule\">\n<img loading=\"lazy\" decoding=\"async\" src=\"https:\/\/www.billion.fr\/wp-content\/uploads\/hercule-mold-environment.jpg\" alt=\"Hercule - Werkzeugumgebung\"  title=\"Hercule - Werkzeugumgebung\" width=\"500\" height=\"333\" class=\"alignnone size-full wp-image-1414\" srcset=\"https:\/\/www.billion.fr\/wp-content\/uploads\/hercule-mold-environment.jpg 500w, https:\/\/www.billion.fr\/wp-content\/uploads\/hercule-mold-environment-300x200.jpg 300w\" sizes=\"auto, (max-width: 500px) 100vw, 500px\" \/>\n<\/div>\n<h3>Werkzeugumgebung<\/h3>\n<ul class=\"list arrow-white\">\n<li>Gro\u00dfz\u00fcgige Auswerferplatte mit vielen Befestigungspunkten f\u00fcr Auswerfer<\/li>\n<li>Weiter \u00d6ffnungshub und keine oberen T\u00fcrf\u00fchrungen erm\u00f6glichen leichten Werkzeug ein- und Ausbau<\/li>\n<\/ul>\n<div class=\"clear\"><\/div>\n<\/div>\n<div id=\"alignment\" class=\"fancy-hercule div-bg-blue\">\n<div class=\"thumb-fancy-hercule\">\n<img loading=\"lazy\" decoding=\"async\" src=\"https:\/\/www.billion.fr\/wp-content\/uploads\/hercule-perfect-mold-alignment.jpg\" alt=\"Hercule - Perfekte  Werkzeugf\u00fchrung und gro\u00dfz\u00fcgige Abst\u00fctzung der fahrenden Platte mit langen Buchsen\" title=\"Hercule - Perfekte  Werkzeugf\u00fchrung und gro\u00dfz\u00fcgige Abst\u00fctzung der fahrenden Platte mit langen Buchsen\" width=\"500\" height=\"333\" class=\"alignnone size-full wp-image-1412\" srcset=\"https:\/\/www.billion.fr\/wp-content\/uploads\/hercule-perfect-mold-alignment.jpg 500w, https:\/\/www.billion.fr\/wp-content\/uploads\/hercule-perfect-mold-alignment-300x200.jpg 300w\" sizes=\"auto, (max-width: 500px) 100vw, 500px\" \/><\/div>\n<h3>Perfekte  Werkzeugf\u00fchrung und gro\u00dfz\u00fcgige Abst\u00fctzung der fahrenden Platte mit langen Buchsen<\/h3>\n<p>Dies reduziert den Verschlei\u00df im Werkzeug.<\/p>\n<div class=\"clear\"><\/div>\n<\/div>\n<\/div>\n<div class=\"half-block-div ctn-img-absolute right top\">\n<a href=\"https:\/\/www.billion.fr\/wp-content\/uploads\/Hercules-ranges-2.jpg\" title=\"HERCULE Spritzgie\u00dfmaschine\" class=\"fancybox\" rel=\"gallery\"><img loading=\"lazy\" decoding=\"async\" src=\"https:\/\/www.billion.fr\/wp-content\/uploads\/Hercules-ranges-2.jpg\" alt=\"HERCULE Spritzgie\u00dfmaschine\" title=\"HERCULE Spritzgie\u00dfmaschine\" width=\"1000\" height=\"481\" class=\"alignnone size-full wp-image-1075 transitions\" srcset=\"https:\/\/www.billion.fr\/wp-content\/uploads\/Hercules-ranges-2.jpg 1000w, https:\/\/www.billion.fr\/wp-content\/uploads\/Hercules-ranges-2-300x144.jpg 300w, https:\/\/www.billion.fr\/wp-content\/uploads\/Hercules-ranges-2-768x369.jpg 768w\" sizes=\"auto, (max-width: 1000px) 100vw, 1000px\" \/><\/a>\n<\/div>\n<div class=\"half-block-div ctn-img-absolute right bottom\">\n<a href=\"https:\/\/www.billion.fr\/wp-content\/uploads\/Hercules-ranges-3.jpg\" title=\"HERCULE Spritzgie\u00dfmaschine - Schlie\u00dfeinheit mit Doppelkniehebel und Schlie\u00dfzylinder\" class=\"fancybox\" rel=\"gallery\"><img loading=\"lazy\" decoding=\"async\" src=\"https:\/\/www.billion.fr\/wp-content\/uploads\/Hercules-ranges-3.jpg\" alt=\"HERCULE Spritzgie\u00dfmaschine - Schlie\u00dfeinheit mit Doppelkniehebel und Schlie\u00dfzylinder\" title=\"HERCULE Spritzgie\u00dfmaschine - Schlie\u00dfeinheit mit Doppelkniehebel und Schlie\u00dfzylinder\" width=\"1000\" height=\"481\" class=\"alignnone size-full wp-image-1081  transitions\" srcset=\"https:\/\/www.billion.fr\/wp-content\/uploads\/Hercules-ranges-3.jpg 1000w, https:\/\/www.billion.fr\/wp-content\/uploads\/Hercules-ranges-3-300x144.jpg 300w, https:\/\/www.billion.fr\/wp-content\/uploads\/Hercules-ranges-3-768x369.jpg 768w\" sizes=\"auto, (max-width: 1000px) 100vw, 1000px\" \/><\/a>\n<\/div>\n<\/div>\n","protected":false},"excerpt":{"rendered":"HERCULE Maschinen Vollhydraulik und Hybrid Spritzgie\u00dfmaschinen Schlie\u00dfeinheit mit doppelkniehebel und [&#8230;]","protected":false},"author":1,"featured_media":0,"parent":2233,"menu_order":69,"comment_status":"closed","ping_status":"closed","template":"page-templates\/products-page-child.php","meta":{"footnotes":""},"class_list":["post-2710","page","type-page","status-publish","hentry"],"_links":{"self":[{"href":"https:\/\/www.billion.fr\/de\/wp-json\/wp\/v2\/pages\/2710","targetHints":{"allow":["GET"]}}],"collection":[{"href":"https:\/\/www.billion.fr\/de\/wp-json\/wp\/v2\/pages"}],"about":[{"href":"https:\/\/www.billion.fr\/de\/wp-json\/wp\/v2\/types\/page"}],"author":[{"embeddable":true,"href":"https:\/\/www.billion.fr\/de\/wp-json\/wp\/v2\/users\/1"}],"replies":[{"embeddable":true,"href":"https:\/\/www.billion.fr\/de\/wp-json\/wp\/v2\/comments?post=2710"}],"version-history":[{"count":5,"href":"https:\/\/www.billion.fr\/de\/wp-json\/wp\/v2\/pages\/2710\/revisions"}],"predecessor-version":[{"id":2856,"href":"https:\/\/www.billion.fr\/de\/wp-json\/wp\/v2\/pages\/2710\/revisions\/2856"}],"up":[{"embeddable":true,"href":"https:\/\/www.billion.fr\/de\/wp-json\/wp\/v2\/pages\/2233"}],"wp:attachment":[{"href":"https:\/\/www.billion.fr\/de\/wp-json\/wp\/v2\/media?parent=2710"}],"curies":[{"name":"wp","href":"https:\/\/api.w.org\/{rel}","templated":true}]}}