{"id":2655,"date":"2017-12-01T12:25:19","date_gmt":"2017-12-01T11:25:19","guid":{"rendered":"https:\/\/www.billion.fr\/?page_id=2655"},"modified":"2017-12-14T19:46:55","modified_gmt":"2017-12-14T18:46:55","slug":"select-40-600-tonnen","status":"publish","type":"page","link":"https:\/\/www.billion.fr\/de\/produkte-loesungen\/maschinen-baureihen\/select-40-600-tonnen\/","title":{"rendered":"SELECT 40-600 Tonnen"},"content":{"rendered":"<div class=\"caps-machine div-bg-blue2\">\n<div class=\"text-caps-machine\">\n<h2>SELECT Maschinen<\/h2>\n<p class=\"title-chapo\">SPRITZGIESSMASCHINE SELECT VOLLELEKTRISCH <\/p>\n<ul class=\"list-long-arrow long-arrow-white\">\n<li>Eine 100% elektrische Baureihe<\/li>\n<li>Tats\u00e4chlich alle Maschinenachsen haben elektrische Antriebe<\/li>\n<\/ul>\n<p class=\"teasing\"><a href=\"#products-1\" class=\"transitions\">Dies ist Ihr Eintritt in eine saubere Umwelt profitabel und kosteneffektiv.<\/a><\/p>\n<\/div>\n<div class=\"thumb-caps-machine\">\n<a href=\"https:\/\/www.billion.fr\/wp-content\/uploads\/Select-range-40-to-600-tons-1.jpg\" title=\"Billion - SELECT 40-600 Tonnen\" class=\"fancybox\" rel=\"gallery\"><img loading=\"lazy\" decoding=\"async\" src=\"https:\/\/www.billion.fr\/wp-content\/uploads\/Select-range-40-to-600-tons-1-1024x472.jpg\" alt=\"Billion - SELECT 40-600 Tonnen\" title=\"Billion - SELECT 40-600 Tonnen\" width=\"1024\" height=\"472\" class=\"alignnone size-large wp-image-842\" srcset=\"https:\/\/www.billion.fr\/wp-content\/uploads\/Select-range-40-to-600-tons-1-1024x472.jpg 1024w, https:\/\/www.billion.fr\/wp-content\/uploads\/Select-range-40-to-600-tons-1-300x138.jpg 300w, https:\/\/www.billion.fr\/wp-content\/uploads\/Select-range-40-to-600-tons-1-768x354.jpg 768w, https:\/\/www.billion.fr\/wp-content\/uploads\/Select-range-40-to-600-tons-1.jpg 1500w\" sizes=\"auto, (max-width: 1024px) 100vw, 1024px\" \/><\/a>\n<\/div>\n<\/div>\n<div id=\"products-1\" class=\"relative\">\n<div class=\"half-block-div half-div-text div-bg-blue\">\n<h2>SELECT Baureihe 40-600 Tonnen<\/h2>\n<p>Die SELECT Baureihe ist f\u00fcr <strong>Spritzgie\u00dfer<\/strong> entwickelt worden, die mit <strong>elektrischen Antrieben<\/strong> Ihre <strong>Produktivit\u00e4t gezielt<\/strong> steigen wollen.<\/p>\n<ul class=\"list arrow-white\">\n<li><strong>50 bis 70%<\/strong> energieeinsparung<\/li>\n<li><strong>0 Liter Wasser<\/strong> f\u00fcr Maschinenk\u00fchlung<\/li>\n<li><strong>0 Liter \u00d6l<\/strong>\n<div class=\"more-link\">Erfahren Sie mehr<\/div>\n<div class=\"more-hide\">Kein \u00d6l und Filterwechsel, kein Abfall, kein Recycling<\/div>\n<\/li>\n<li><strong>Ausschuss reduziert<\/strong>\n<div class=\"more-link\">Erfahren Sie mehr<\/div>\n<div class=\"more-hide\">Erh\u00f6hte Produktivit\u00e4t \u2013 schnelleres Anfahren und Pr\u00e4zision ab dem ersten Zyklus bedeuten mehr Zyklen am Tag und weniger Abfall in der Produktion<\/div>\n<\/li>\n<li><strong>100% Bedienerfreundlich<\/strong>\n<div class=\"more-link\">Erfahren Sie mehr<\/div>\n<div class=\"more-hide\">Die SELECT Maschine wurde von und f\u00fcr Spritzgie\u00dfer konzipiert. Die Bedienung ist sehr einfach und bietet dem Betreiber alle Optionen f\u00fcr eine moderne und reproduzierbare Produktion<\/div>\n<\/li>\n<li>65dB = <strong>sehr leise Maschine<\/strong><\/li>\n<li><strong>Eine saubere Maschine<\/strong> f\u00fcr ein sauberes Produktionsumfeld<\/li>\n<\/ul>\n<\/div>\n<div class=\"half-block-div ctn-img-absolute right\">\n<a href=\"https:\/\/www.billion.fr\/wp-content\/uploads\/Select-machines-4.jpg\" title=\"Billion - Baureihen SELECT: produktiver, sparsamer, sauberer\" class=\"fancybox\" rel=\"gallery\"><img loading=\"lazy\" decoding=\"async\" src=\"https:\/\/www.billion.fr\/wp-content\/uploads\/Select-machines-4.jpg\" alt=\"Billion - Baureihen SELECT: produktiver, sparsamer, sauberer\" title=\"Billion - Billion - Baureihen SELECT: produktiver, sparsamer, sauberer\" width=\"970\" height=\"866\" class=\"alignnone size-full wp-image-1543\" srcset=\"https:\/\/www.billion.fr\/wp-content\/uploads\/Select-machines-4.jpg 970w, https:\/\/www.billion.fr\/wp-content\/uploads\/Select-machines-4-300x268.jpg 300w, https:\/\/www.billion.fr\/wp-content\/uploads\/Select-machines-4-768x686.jpg 768w\" sizes=\"auto, (max-width: 970px) 100vw, 970px\" \/><\/a>\n<\/div>\n<\/div>\n<div id=\"products-2\" class=\"relative\">\n<div class=\"half-block-div half-div-text div-bg-blue2 right\">\n<h2>Einsatz modernster Pr\u00e4zisionsbauteile<\/h2>\n<p><strong>Jeder Motor<\/strong> hat einen optischen Encoder integriert. Er stellt ultra pr\u00e4zise Messungen von Motorposition und Geschwindigkeit sicher.<\/p>\n<h3>Polyurethan Riemen<\/h3>\n<p>Mit Stahlgewebe Verst\u00e4rkung und Beschichtungen gew\u00e4hrleisten Lauf ohne Abrieb und Ausdehnung.<\/p>\n<h3>Gewinderollenspindeln<\/h3>\n<p>Pr\u00e4zision, Robustheit, lange Lebensdauer.<\/p>\n<h3>Kugelumlaufspindeln<\/h3>\n<p>Werden am Auswerfer und der Spritzeinheit eingesetzt.<\/p>\n<\/div>\n<div class=\"half-block-div ctn-img-absolute left\">\n<a href=\"https:\/\/www.billion.fr\/wp-content\/uploads\/einsatz-modernster-prazisionsbauteile.jpg\" rel=\"gallery\" class=\"fancybox\" title=\"Baureihen SELECT - Einsatz modernster Pr\u00e4zisionsbauteile\"><img loading=\"lazy\" decoding=\"async\" src=\"https:\/\/www.billion.fr\/wp-content\/uploads\/einsatz-modernster-prazisionsbauteile.jpg\" title=\"Baureihen SELECT - Einsatz modernster Pr\u00e4zisionsbauteile alt=\"Baureihen SELECT - Einsatz modernster Pr\u00e4zisionsbauteile\" width=\"960\" height=\"747\" class=\"alignnone size-full wp-image-2671\" srcset=\"https:\/\/www.billion.fr\/wp-content\/uploads\/einsatz-modernster-prazisionsbauteile.jpg 960w, https:\/\/www.billion.fr\/wp-content\/uploads\/einsatz-modernster-prazisionsbauteile-300x233.jpg 300w, https:\/\/www.billion.fr\/wp-content\/uploads\/einsatz-modernster-prazisionsbauteile-768x598.jpg 768w\" sizes=\"auto, (max-width: 960px) 100vw, 960px\" \/><\/a>\n<\/div>\n<\/div>\n<div id=\"products-3\" class=\"relative\">\n<div class=\"half-block-div half-div-text div-bg-blue\">\n<h2>Produktionssteigerung Energie wird nur verbraucht wenn ben\u00f6tigt<\/h2>\n<h3>Leistung auf direktem Weg<\/h3>\n<p>Der Synchron-Servomotor ist f\u00fcr jede Maschinenbewegung exakt ausgelegt insgesamt werden bei einer 1 K Maschine 6 oder 7 Motoren verwendet.<\/p>\n<h3>Reduzierter Verschlei\u00df<\/h3>\n<p>Einsatz hochgenauer Pr\u00e4zisionsbauteile, Linear-F\u00fchrungen, Rollengewinde und Kugelumlaufspindeln sowie mit Metallgewebe verst\u00e4rkte PU-Antriebsriemen.<\/p>\n<h3>Optimierte Motorauslastung<\/h3>\n<p>Der Einsatz von Antrieben mit Frequenzumrichter erm\u00f6glicht einen Wirkungsgrad von mehr als 90% und erlaubt eine exakte Regelung bei Drehzahlen zwischen 0 und 3000 U\/min.<\/p>\n<\/div>\n<div class=\"half-block-div ctn-img-absolute right\">\n<a href=\"https:\/\/www.billion.fr\/wp-content\/uploads\/produktionssteigerung-energie-wird-verbraucht-benotigt.jpg\" title=\"Baureihen SELECT - Produktionssteigerung Energie wird nur verbraucht wenn ben\u00f6tigt\" class=\"fancybox\" rel=\"gallery\"><img loading=\"lazy\" decoding=\"async\" src=\"https:\/\/www.billion.fr\/wp-content\/uploads\/produktionssteigerung-energie-wird-verbraucht-benotigt.jpg\" alt=\"Baureihen SELECT - Produktionssteigerung Energie wird nur verbraucht wenn ben\u00f6tigt\" title=\"Baureihen SELECT - Produktionssteigerung Energie wird nur verbraucht wenn ben\u00f6tigt\" width=\"960\" height=\"1158\" class=\"alignnone size-full wp-image-2676\" srcset=\"https:\/\/www.billion.fr\/wp-content\/uploads\/produktionssteigerung-energie-wird-verbraucht-benotigt.jpg 960w, https:\/\/www.billion.fr\/wp-content\/uploads\/produktionssteigerung-energie-wird-verbraucht-benotigt-249x300.jpg 249w, https:\/\/www.billion.fr\/wp-content\/uploads\/produktionssteigerung-energie-wird-verbraucht-benotigt-768x926.jpg 768w, https:\/\/www.billion.fr\/wp-content\/uploads\/produktionssteigerung-energie-wird-verbraucht-benotigt-849x1024.jpg 849w\" sizes=\"auto, (max-width: 960px) 100vw, 960px\" \/><\/a>\n<\/div>\n<\/div>\n","protected":false},"excerpt":{"rendered":"SELECT Maschinen SPRITZGIESSMASCHINE SELECT VOLLELEKTRISCH Eine 100% elektrische Baureihe Tats\u00e4chlich [&#8230;]","protected":false},"author":1,"featured_media":0,"parent":2233,"menu_order":66,"comment_status":"closed","ping_status":"closed","template":"page-templates\/products-page-child.php","meta":{"footnotes":""},"class_list":["post-2655","page","type-page","status-publish","hentry"],"_links":{"self":[{"href":"https:\/\/www.billion.fr\/de\/wp-json\/wp\/v2\/pages\/2655","targetHints":{"allow":["GET"]}}],"collection":[{"href":"https:\/\/www.billion.fr\/de\/wp-json\/wp\/v2\/pages"}],"about":[{"href":"https:\/\/www.billion.fr\/de\/wp-json\/wp\/v2\/types\/page"}],"author":[{"embeddable":true,"href":"https:\/\/www.billion.fr\/de\/wp-json\/wp\/v2\/users\/1"}],"replies":[{"embeddable":true,"href":"https:\/\/www.billion.fr\/de\/wp-json\/wp\/v2\/comments?post=2655"}],"version-history":[{"count":5,"href":"https:\/\/www.billion.fr\/de\/wp-json\/wp\/v2\/pages\/2655\/revisions"}],"predecessor-version":[{"id":2817,"href":"https:\/\/www.billion.fr\/de\/wp-json\/wp\/v2\/pages\/2655\/revisions\/2817"}],"up":[{"embeddable":true,"href":"https:\/\/www.billion.fr\/de\/wp-json\/wp\/v2\/pages\/2233"}],"wp:attachment":[{"href":"https:\/\/www.billion.fr\/de\/wp-json\/wp\/v2\/media?parent=2655"}],"curies":[{"name":"wp","href":"https:\/\/api.w.org\/{rel}","templated":true}]}}