{"id":2623,"date":"2017-12-01T11:22:22","date_gmt":"2017-12-01T10:22:22","guid":{"rendered":"https:\/\/www.billion.fr\/?page_id=2623"},"modified":"2017-12-15T13:44:44","modified_gmt":"2017-12-15T12:44:44","slug":"roboter","status":"publish","type":"page","link":"https:\/\/www.billion.fr\/de\/produkte-loesungen\/roboter\/","title":{"rendered":"Roboter"},"content":{"rendered":"<div id=\"robots-0\" class=\"chapo\">\n<div class=\"wrapper text-center\">\n<p>Ihre Maschine voll automatisiert mit unserem Paket \u00ab&nbsp;Spritzgie\u00dfmaschine&nbsp;+&nbsp;Roboter&nbsp;\u00bb<\/p>\n<\/div>\n<\/div>\n<div id=\"robots-1\" class=\"relative\">\n<div class=\"half-block-div half-div-text div-bg-blue\">\n<h2>Eine gro\u00dfe Bandbreite an Robotern f\u00fcr alle Produktionsarten<\/h2>\n<p>BILLION bietet das <strong>komplette Paket<\/strong> &laquo;Spritzgie\u00dfmaschine + Roboter&raquo; f\u00fcr die <strong>Automation Ihrer Produktion<\/strong>.<\/p>\n<p>Diese &laquo;Turnkey Solution&raquo; bieten wir f\u00fcr das komplette Maschinen Programm von <strong>40 bis 1100 Tonnen<\/strong>. Die Vorteile sind zahlreich:<\/p>\n<ul class=\"list arrow-white\">\n<li>Einfache Installation<\/li>\n<li>Benutzerfreundlichkeit <\/li>\n<li>Zeit, Kosten und Energieersparnis<\/li>\n<li>Produktivit\u00e4tsgewinn<\/li>\n<li>Optimierter Einkaufproze\u00df<\/li>\n<\/ul>\n<p><a href=\"#options-robots\" class=\"btn_default fancybox\">ROBOTER OPTIONEN<\/a><\/p>\n<div class=\"clear\"><\/div>\n<\/div>\n<div class=\"half-block-div ctn-img-absolute right\">\n<a href=\"https:\/\/www.billion.fr\/wp-content\/uploads\/robotern-fur-alle-produktionsarten.jpg\" class=\"fancybox\" rel=\"gallery\" title=\"Billion - Eine gro\u00dfe Bandbreite an Robotern f\u00fcr alle Produktionsarten\"><img loading=\"lazy\" decoding=\"async\" src=\"https:\/\/www.billion.fr\/wp-content\/uploads\/robotern-fur-alle-produktionsarten.jpg\" title=\"Billion  - Eine gro\u00dfe Bandbreite an Robotern f\u00fcr alle Produktionsarten\" \n alt=\"Billion - Eine gro\u00dfe Bandbreite an Robotern f\u00fcr alle Produktionsarten\" width=\"960\" height=\"931\" class=\"alignnone size-full wp-image-2634\" srcset=\"https:\/\/www.billion.fr\/wp-content\/uploads\/robotern-fur-alle-produktionsarten.jpg 960w, https:\/\/www.billion.fr\/wp-content\/uploads\/robotern-fur-alle-produktionsarten-300x291.jpg 300w, https:\/\/www.billion.fr\/wp-content\/uploads\/robotern-fur-alle-produktionsarten-768x745.jpg 768w\" sizes=\"auto, (max-width: 960px) 100vw, 960px\" \/><\/a>\n<\/div>\n<div class=\"robots-range\">\n<a href=\"https:\/\/www.billion.fr\/wp-content\/uploads\/robots-range-40-to-1100t.jpg\" class=\"fancybox transitions\" rel=\"gallery\" title=\"Robots Billion - Eine Bandbreite von 40 bis 1100T. Eine perfekte Erg\u00e4nzung zu Ihrer Spritzgie\u00dfmaschine\"><img loading=\"lazy\" decoding=\"async\" src=\"https:\/\/www.billion.fr\/wp-content\/uploads\/robots-range-40-to-1100t.jpg\" alt=\"Robots Billion - Eine Bandbreite von 40 bis 1100T. Eine perfekte Erg\u00e4nzung zu Ihrer Spritzgie\u00dfmaschine\" title=\"Robots Billion - Eine Bandbreite von 40 bis 1100T. Eine perfekte Erg\u00e4nzung zu Ihrer Spritzgie\u00dfmaschine\" width=\"526\" height=\"444\" class=\"alignnone size-full wp-image-1523\" srcset=\"https:\/\/www.billion.fr\/wp-content\/uploads\/robots-range-40-to-1100t.jpg 526w, https:\/\/www.billion.fr\/wp-content\/uploads\/robots-range-40-to-1100t-300x253.jpg 300w\" sizes=\"auto, (max-width: 526px) 100vw, 526px\" \/><\/a>\n<\/div>\n<div id=\"options-robots\" class=\"ctn-img-option-robots\">\n<div class=\"ctn-options-robots\">\n<h3>Roboter Optionen<\/h3>\n<p>Diverse Optionen sind verf\u00fcgbar, wie z.B.:<\/p>\n<ul class=\"list-long-arrow long-arrow-white\">\n<li>Vertikaler Teleskoparm<\/li>\n<li>Rotation R\u2082<\/li>\n<li>Teile Greifen \u2013 Vakuum und \/oder Druckkreis<\/li>\n<li>Kompakte Steuerung auf dem Sockel montiert, optional andernorts<\/li>\n<li>&#8230;<\/li>\n<\/ul>\n<\/div>\n<div class=\"ctn-slide-option\">\n<ul class=\"ctn-thumb-options  owl-carousel\">\n<li class=\"options-robots-1\">\n<img loading=\"lazy\" decoding=\"async\" src=\"https:\/\/www.billion.fr\/wp-content\/uploads\/billion-robots-options-644x300.jpg\" alt=\"Billion - Einige Optionen sind verf\u00fcgbar, um den Roboter an Ihre Kunststoffverarbeitung anzupassen\" title=\"Billion - Einige Optionen sind verf\u00fcgbar, um den Roboter an Ihre Kunststoffverarbeitung anzupassen\" width=\"644\" height=\"300\" class=\"alignnone size-Machine-home-size wp-image-1506\" \/>\n<\/li>\n<li class=\"options-robots-2\">\n<img loading=\"lazy\" decoding=\"async\" src=\"https:\/\/www.billion.fr\/wp-content\/uploads\/billion-options-robots-644x300.jpg\" alt=\"Die auf den BILLION Robotern verf\u00fcgbaren Optionen erm\u00f6glichen eine maximale Integration in Ihre thermoplastische Verarbeitungsl\u00f6sung\" title=\"Die auf den BILLION Robotern verf\u00fcgbaren Optionen erm\u00f6glichen eine maximale Integration in Ihre thermoplastische Verarbeitungsl\u00f6sung\" width=\"644\" height=\"300\" class=\"alignnone size-Machine-home-size wp-image-1504\" \/>\n<\/li>\n<li class=\"options-robots-3\">\n<img loading=\"lazy\" decoding=\"async\" src=\"https:\/\/www.billion.fr\/wp-content\/uploads\/billion-vertical-telescopic-arm-1-644x300.jpg\" alt=\"Unter den verf\u00fcgbaren Optionen f\u00fcr Ihren BILLION Roboter: Vertikaler Teleskoparm\" title=\"Unter den verf\u00fcgbaren Optionen f\u00fcr Ihren BILLION Roboter: Vertikaler Teleskoparm\" width=\"644\" height=\"300\" class=\"alignnone size-Machine-home-size wp-image-1619\" srcset=\"https:\/\/www.billion.fr\/wp-content\/uploads\/billion-vertical-telescopic-arm-1-644x300.jpg 644w, https:\/\/www.billion.fr\/wp-content\/uploads\/billion-vertical-telescopic-arm-1-300x140.jpg 300w, https:\/\/www.billion.fr\/wp-content\/uploads\/billion-vertical-telescopic-arm-1-768x358.jpg 768w, https:\/\/www.billion.fr\/wp-content\/uploads\/billion-vertical-telescopic-arm-1.jpg 800w\" sizes=\"auto, (max-width: 644px) 100vw, 644px\" \/>\n<\/li>\n<\/ul>\n<\/div>\n<\/div>\n<\/div>\n<div id=\"robots-2\" class=\"relative\">\n<div class=\"robots-text-2 div-bg-blue2 right\">\n<h2>Roboter Steuerung integriert in DIXIT<\/h2>\n<p>Visual Roboter Steuerung integriert in BILLION DIXIT. Dies bietet einfache, schnelle und benutzerfreundliche Programmierung aller Maschinenfunktionen.<\/p>\n<p>Alle Roboter Bewegungen, innerhalb und au\u00dferhalb des Werkzeugbereichs werden \u00fcber die DIXIT Schnittstelle der Billion Spritzgie\u00dfmaschine gesteuert und \u00fcberwacht.<\/p>\n<\/div>\n<div class=\"robots-img-2 ctn-img-absolute left\">\n<a href=\"https:\/\/www.billion.fr\/wp-content\/uploads\/roboter-steurung-integriert-DIXIT.jpg\" class=\"fancybox transitions\" rel=\"gallery\" title=\"Roboter steurung integriert in DIXIT\"><img loading=\"lazy\" decoding=\"async\" src=\"https:\/\/www.billion.fr\/wp-content\/uploads\/roboter-steurung-integriert-DIXIT.jpg\" alt=\"Roboter steurung integriert in DIXIT\" title=\"Roboter steurung integriert in DIXIT\" width=\"960\" height=\"510\" class=\"alignnone size-full wp-image-2640\" srcset=\"https:\/\/www.billion.fr\/wp-content\/uploads\/roboter-steurung-integriert-DIXIT.jpg 960w, https:\/\/www.billion.fr\/wp-content\/uploads\/roboter-steurung-integriert-DIXIT-300x159.jpg 300w, https:\/\/www.billion.fr\/wp-content\/uploads\/roboter-steurung-integriert-DIXIT-768x408.jpg 768w\" sizes=\"auto, (max-width: 960px) 100vw, 960px\" \/><\/a>\n<\/div>\n<\/div>\n<\/div>\n<\/div>\n","protected":false},"excerpt":{"rendered":"Ihre Maschine voll automatisiert mit unserem Paket \u00ab&nbsp;Spritzgie\u00dfmaschine&nbsp;+&nbsp;Roboter&nbsp;\u00bb Eine gro\u00dfe [&#8230;]","protected":false},"author":1,"featured_media":0,"parent":2239,"menu_order":89,"comment_status":"closed","ping_status":"closed","template":"","meta":{"footnotes":""},"class_list":["post-2623","page","type-page","status-publish","hentry"],"_links":{"self":[{"href":"https:\/\/www.billion.fr\/de\/wp-json\/wp\/v2\/pages\/2623","targetHints":{"allow":["GET"]}}],"collection":[{"href":"https:\/\/www.billion.fr\/de\/wp-json\/wp\/v2\/pages"}],"about":[{"href":"https:\/\/www.billion.fr\/de\/wp-json\/wp\/v2\/types\/page"}],"author":[{"embeddable":true,"href":"https:\/\/www.billion.fr\/de\/wp-json\/wp\/v2\/users\/1"}],"replies":[{"embeddable":true,"href":"https:\/\/www.billion.fr\/de\/wp-json\/wp\/v2\/comments?post=2623"}],"version-history":[{"count":5,"href":"https:\/\/www.billion.fr\/de\/wp-json\/wp\/v2\/pages\/2623\/revisions"}],"predecessor-version":[{"id":2862,"href":"https:\/\/www.billion.fr\/de\/wp-json\/wp\/v2\/pages\/2623\/revisions\/2862"}],"up":[{"embeddable":true,"href":"https:\/\/www.billion.fr\/de\/wp-json\/wp\/v2\/pages\/2239"}],"wp:attachment":[{"href":"https:\/\/www.billion.fr\/de\/wp-json\/wp\/v2\/media?parent=2623"}],"curies":[{"name":"wp","href":"https:\/\/api.w.org\/{rel}","templated":true}]}}