{"id":2602,"date":"2017-12-01T10:23:56","date_gmt":"2017-12-01T09:23:56","guid":{"rendered":"https:\/\/www.billion.fr\/?page_id=2602"},"modified":"2017-12-15T13:38:32","modified_gmt":"2017-12-15T12:38:32","slug":"mehrkomponententechnik","status":"publish","type":"page","link":"https:\/\/www.billion.fr\/de\/produkte-loesungen\/mehrkomponententechnik\/","title":{"rendered":"Mehr&shy;komponenten&shy;technik"},"content":{"rendered":"<div id=\"multi-injection-0\" class=\"chapo\">\n<div class=\"wrapper text-center\">\n<p>Vom Pionier im Jahre 1961 zum Experten der Gegenwart. Billion bietet den Mehrwert seines einzigartigen <strong>Mehrkomponenten Spritzgie\u00dfwissens<\/strong>.<\/p>\n<p>Dieses Wissen kann von Ihnen \u00fcber die ganze Bandbreite unseres Maschinenspektrums bis hin zu 1100t angewendet werden.<\/p>\n<p>In allen  Baureihen: Vollelektrische <strong>SELECT<\/strong>, <strong>SELECT\u00b2<\/strong>, sowie hydraulische <strong>Hercule<\/strong> und <strong>GM<\/strong>.<\/p>\n<\/div>\n<\/div>\n<div id=\"multi-injection-1\" class=\"relative\">\n<div class=\"half-block-div half-div-text div-bg-blue\">\n<h2>Die Vielfalt der V Stellung der Spritzeinheiten<\/h2>\n<p>Billion hat sich f\u00fcr die vielseitige <strong>V Stellung<\/strong> als Anordnung f\u00fcr die zweite Spritzeinheit entschieden:<\/p>\n<ul class=\"list arrow-white\">\n<li>dadurch geringste Stellfl\u00e4che<\/li>\n<li>schneller Werkzeugwechsel<\/li>\n<li>gute Ergonomie und Eignung zur high speed Fertigung<\/li>\n<\/ul>\n<p>Alle Mehrkomponenten Materialkombinationen k\u00f6nnen so gefahren werden. Dies geht einher mit vollumf\u00e4nglicher Eignung f\u00fcr das <strong>Einkomponentenspritzgie\u00dfen<\/strong>.<\/p>\n<\/div>\n<div class=\"half-block-div ctn-img-absolute right\">\n<a href=\"https:\/\/www.billion.fr\/wp-content\/uploads\/mehrkomponententechnik.jpg\" title=\"Billion w\u00e4hlte die Vielseitigkeit der V-L\u00f6sung f\u00fcr die Mehrkomponententechnik\" class=\"fancybox\" rel=\"gallery\"><img loading=\"lazy\" decoding=\"async\" src=\"https:\/\/www.billion.fr\/wp-content\/uploads\/mehrkomponententechnik.jpg\" alt=\"Billion w\u00e4hlte die Vielseitigkeit der V-L\u00f6sung f\u00fcr die Mehrkomponententechnik\" title=\"Billion w\u00e4hlte die Vielseitigkeit der V-L\u00f6sung f\u00fcr die Mehrkomponententechnik\" width=\"960\" height=\"684\" class=\"alignnone size-full wp-image-2616\" srcset=\"https:\/\/www.billion.fr\/wp-content\/uploads\/mehrkomponententechnik.jpg 960w, https:\/\/www.billion.fr\/wp-content\/uploads\/mehrkomponententechnik-300x214.jpg 300w, https:\/\/www.billion.fr\/wp-content\/uploads\/mehrkomponententechnik-768x547.jpg 768w\" sizes=\"auto, (max-width: 960px) 100vw, 960px\" \/><\/a>\n<\/div>\n<\/div>\n<div id=\"multi-injection-2\" class=\"relative\">\n<div class=\"bg\"><\/div>\n<div class=\"wrapper text-center\">\n<h2>Mehrkomponententechnik in Details<\/h2>\n<\/div>\n<div id=\"ctn-caps-multi-injection\" class=\"wrapper erase-space-inline-block\">\n<div class=\"caps-multi-injection restore-space-inline-block\">\n<div class=\"caps-thumb-injection\">\n<a href=\"https:\/\/www.billion.fr\/wp-content\/uploads\/independent-open-nozzles.jpg\" title=\"Unabh\u00e4ngige offene D\u00fcsen\" class=\"fancybox transitions\" rel=\"gallery\"><img loading=\"lazy\" decoding=\"async\" src=\"https:\/\/www.billion.fr\/wp-content\/uploads\/independent-open-nozzles_crop-761x350.jpg\" alt=\"Unabh\u00e4ngige offene D\u00fcsen\" title=\"Unabh\u00e4ngige offene D\u00fcsen\" width=\"761\" height=\"350\" class=\"alignnone size-Caps-multi-injection wp-image-1195 transitions\" srcset=\"https:\/\/www.billion.fr\/wp-content\/uploads\/independent-open-nozzles_crop-761x350.jpg 761w, https:\/\/www.billion.fr\/wp-content\/uploads\/independent-open-nozzles_crop-300x138.jpg 300w, https:\/\/www.billion.fr\/wp-content\/uploads\/independent-open-nozzles_crop-768x353.jpg 768w, https:\/\/www.billion.fr\/wp-content\/uploads\/independent-open-nozzles_crop.jpg 1000w\" sizes=\"auto, (max-width: 761px) 100vw, 761px\" \/><\/a>\n<\/div>\n<div class=\"text-caps-injection\">\n<h3>DER UMSPRITZPROZESS<\/h3>\n<p>Darunter versteht man das Umspritzen eines spritzgegossenen Teiles mit einem <strong>zweiten Material<\/strong> in <strong>derselben Spritzgie\u00dfform<\/strong>.<\/p>\n<\/div>\n<\/div>\n<div class=\"caps-multi-injection restore-space-inline-block\">\n<div class=\"caps-thumb-injection\">\n<a href=\"https:\/\/www.billion.fr\/wp-content\/uploads\/patented-combined-nozzle-1.jpg\" class=\"fancybox transitions\" rel=\"gallery\" title=\"Sandwich Spritzgie\u00dfen und Farbeffekte\"><img loading=\"lazy\" decoding=\"async\" src=\"https:\/\/www.billion.fr\/wp-content\/uploads\/patented-combined-nozzle_crop-761x350.jpg\" alt=\"Sandwich Spritzgie\u00dfen und Farbeffekte\" title=\"Sandwich Spritzgie\u00dfen und Farbeffekte\" width=\"761\" height=\"350\" class=\"alignnone size-Caps-multi-injection wp-image-1197 transitions\" srcset=\"https:\/\/www.billion.fr\/wp-content\/uploads\/patented-combined-nozzle_crop-761x350.jpg 761w, https:\/\/www.billion.fr\/wp-content\/uploads\/patented-combined-nozzle_crop-300x138.jpg 300w, https:\/\/www.billion.fr\/wp-content\/uploads\/patented-combined-nozzle_crop-768x353.jpg 768w, https:\/\/www.billion.fr\/wp-content\/uploads\/patented-combined-nozzle_crop.jpg 1000w\" sizes=\"auto, (max-width: 761px) 100vw, 761px\" \/><\/a>\n<\/div>\n<div class=\"text-caps-injection\">\n<h3>SANDWICH SPRITZGIEBEN UND FARBEFFEKTE<\/h3>\n<p>Das Hautmaterial des Spritzgie\u00dfteils ist <strong>abweichend<\/strong> vom Kernmaterial.<\/p>\n<\/div>\n<\/div>\n<div class=\"caps-multi-injection restore-space-inline-block\">\n<div class=\"caps-thumb-injection\">\n<a href=\"https:\/\/www.billion.fr\/wp-content\/uploads\/p-p-independent-injection.jpg\" title=\"Vertikal Plug &#038; Play Spritzgie\u00dfmaschine\" class=\"fancybox transitions\" rel=\"gallery\"><img loading=\"lazy\" decoding=\"async\" src=\"https:\/\/www.billion.fr\/wp-content\/uploads\/p-p-independent-injection_crop-761x350.jpg\" alt=\"Vertikal Plug &#038; Play Spritzgie\u00dfmaschine\" title=\"Vertikal Plug &#038; Play Spritzgie\u00dfmaschine\" width=\"761\" height=\"350\" class=\"alignnone size-Caps-multi-injection wp-image-1199 transitions\" srcset=\"https:\/\/www.billion.fr\/wp-content\/uploads\/p-p-independent-injection_crop-761x350.jpg 761w, https:\/\/www.billion.fr\/wp-content\/uploads\/p-p-independent-injection_crop-300x138.jpg 300w, https:\/\/www.billion.fr\/wp-content\/uploads\/p-p-independent-injection_crop-768x353.jpg 768w, https:\/\/www.billion.fr\/wp-content\/uploads\/p-p-independent-injection_crop.jpg 1000w\" sizes=\"auto, (max-width: 761px) 100vw, 761px\" \/><\/a>\n<\/div>\n<div class=\"text-caps-injection\">\n<h3>PLUG&#038;PLAY<\/h3>\n<p>Mit den <strong>unabh\u00e4ngigen P&#038;P Spritzeinheiten<\/strong> (vertikal oder horizontal angebracht) ist es m\u00f6glich <strong>eine 1 K Spritzgie\u00dfmaschine in eine 2 K Maschine umzuwandeln<\/strong>.<\/p>\n<\/div>\n<\/div>\n<div class=\"caps-multi-injection restore-space-inline-block\">\n<div class=\"caps-thumb-injection\">\n<a href=\"https:\/\/www.billion.fr\/wp-content\/uploads\/easyturn.jpg\" title=\"Easy Turn - f\u00fcr Ihre Umspritzprozess\" class=\"fancybox transitions\" rel=\"gallery\"><img loading=\"lazy\" decoding=\"async\" src=\"https:\/\/www.billion.fr\/wp-content\/uploads\/easyturn_crop-761x350.jpg\" alt=\"Easy Turn - f\u00fcr Ihre Umspritzprozess\" title=\"Easy Turn - f\u00fcr Ihre Umspritzprozess\" width=\"761\" height=\"350\" class=\"alignnone size-Caps-multi-injection wp-image-1193 transitions\" srcset=\"https:\/\/www.billion.fr\/wp-content\/uploads\/easyturn_crop-761x350.jpg 761w, https:\/\/www.billion.fr\/wp-content\/uploads\/easyturn_crop-300x138.jpg 300w, https:\/\/www.billion.fr\/wp-content\/uploads\/easyturn_crop-768x353.jpg 768w, https:\/\/www.billion.fr\/wp-content\/uploads\/easyturn_crop.jpg 1000w\" sizes=\"auto, (max-width: 761px) 100vw, 761px\" \/><\/a>\n<\/div>\n<div class=\"text-caps-injection\">\n<h3>EASYTURN<\/h3>\n<p>Eaysturn ist eine BILLION Rotationswelle, welche <strong>vollst\u00e4ndig integriert in die BAP der Spritzgie\u00dfmaschine<\/strong> Umspritzanwendungen erm\u00f6glicht. <a href=\"https:\/\/www.billion.fr\/de\/trends-innovationen\/easyturn\/\" class=\"smaller\">Erfahren Sie mehr<\/a><\/p>\n<\/div>\n<\/div>\n<\/div>\n<\/div>\n","protected":false},"excerpt":{"rendered":"Vom Pionier im Jahre 1961 zum Experten der Gegenwart. Billion [&#8230;]","protected":false},"author":1,"featured_media":0,"parent":2239,"menu_order":84,"comment_status":"closed","ping_status":"closed","template":"","meta":{"footnotes":""},"class_list":["post-2602","page","type-page","status-publish","hentry"],"_links":{"self":[{"href":"https:\/\/www.billion.fr\/de\/wp-json\/wp\/v2\/pages\/2602","targetHints":{"allow":["GET"]}}],"collection":[{"href":"https:\/\/www.billion.fr\/de\/wp-json\/wp\/v2\/pages"}],"about":[{"href":"https:\/\/www.billion.fr\/de\/wp-json\/wp\/v2\/types\/page"}],"author":[{"embeddable":true,"href":"https:\/\/www.billion.fr\/de\/wp-json\/wp\/v2\/users\/1"}],"replies":[{"embeddable":true,"href":"https:\/\/www.billion.fr\/de\/wp-json\/wp\/v2\/comments?post=2602"}],"version-history":[{"count":5,"href":"https:\/\/www.billion.fr\/de\/wp-json\/wp\/v2\/pages\/2602\/revisions"}],"predecessor-version":[{"id":2860,"href":"https:\/\/www.billion.fr\/de\/wp-json\/wp\/v2\/pages\/2602\/revisions\/2860"}],"up":[{"embeddable":true,"href":"https:\/\/www.billion.fr\/de\/wp-json\/wp\/v2\/pages\/2239"}],"wp:attachment":[{"href":"https:\/\/www.billion.fr\/de\/wp-json\/wp\/v2\/media?parent=2602"}],"curies":[{"name":"wp","href":"https:\/\/api.w.org\/{rel}","templated":true}]}}