{"id":2531,"date":"2017-11-30T18:04:20","date_gmt":"2017-11-30T17:04:20","guid":{"rendered":"https:\/\/www.billion.fr\/?page_id=2531"},"modified":"2017-12-01T09:29:31","modified_gmt":"2017-12-01T08:29:31","slug":"technischer-spritzguss","status":"publish","type":"page","link":"https:\/\/www.billion.fr\/de\/ihre-maerkte\/technischer-spritzguss\/","title":{"rendered":"Technischer Spritzguss"},"content":{"rendered":"<div id=\"automotive-0\" class=\"chapo\">\n<div class=\"wrapper text-center\">\n<p>Die Produktion von Technischen Teilen erfordert Maschinen und Anlagen mit besonderen Kriterien.<\/p>\n<p><strong>Pr\u00e4zision<\/strong>, <strong>Wiederholgenauigkeit<\/strong>, <strong>Schnelle und h\u00e4ufige Werkzeugwechsel<\/strong>, <strong>Universell einsetzbare Maschinen<\/strong>.<\/p>\n<\/div>\n<\/div>\n<div id=\"automotive-1\" class=\"relative\">\n<div class=\"half-block-div right ctn-img-absolute\"><a class=\"fancybox\" title=\"Billion - Technischer Spritzguss\" href=\"https:\/\/www.billion.fr\/wp-content\/uploads\/technischer-spritzguss.jpg\" rel=\"gallery\"><img loading=\"lazy\" decoding=\"async\" class=\"alignnone size-full wp-image-2566\" title=\"Billion - Technischer Spritzguss\" src=\"https:\/\/www.billion.fr\/wp-content\/uploads\/technischer-spritzguss.jpg\" alt=\"Billion - Technischer Spritzguss\" width=\"960\" height=\"693\" srcset=\"https:\/\/www.billion.fr\/wp-content\/uploads\/technischer-spritzguss.jpg 960w, https:\/\/www.billion.fr\/wp-content\/uploads\/technischer-spritzguss-300x217.jpg 300w, https:\/\/www.billion.fr\/wp-content\/uploads\/technischer-spritzguss-768x554.jpg 768w\" sizes=\"auto, (max-width: 960px) 100vw, 960px\" \/><\/a><\/div>\n<div class=\"half-block-div half-div-text div-bg-blue\">\n<h2>Ma\u00dfgeschneidert L\u00f6sungen<\/h2>\n<p>Die Bandbreite der Spritzgie\u00dfmaschinen von Billion erf\u00fcllt oder \u00fcbertrifft diese hohen Anforderungen.<\/p>\n<ul class=\"list arrow-white\">\n<li>Spielzeuge<\/li>\n<li>Telekommunikation \/ Elektronik<\/li>\n<li>Haushaltsger\u00e4te<\/li>\n<li>Gartenm\u00f6bel<\/li>\n<li>K\u00fcchenanwendungen<\/li>\n<li>B\u00fcrom\u00f6bel<\/li>\n<li>Elektrischen Baugruppen<\/li>\n<li>Bauindustrie<\/li>\n<\/ul>\n<\/div>\n<\/div>\n<div id=\"automotive-2\" class=\"text-center div-bg-light-grey block-slider-markets\">\n<h2>Anwendungen<\/h2>\n<div class=\"slide-markets-wrap\">\n <div class='slide-markets owl-carousel'><a href='https:\/\/www.billion.fr\/wp-content\/uploads\/Billion-technical-molding-piece-1.jpg' title='Billion - Technischer Spritzguss - Teil n\u00b01' class='fancybox transitions' rel='gallery'><img src='https:\/\/www.billion.fr\/wp-content\/uploads\/Billion-technical-molding-piece-1-569x385.jpg' alt='Billion - Technischer Spritzguss - Teil n\u00b01'\/><\/a><a href='https:\/\/www.billion.fr\/wp-content\/uploads\/Billion-technical-molding-piece-2.jpg' title='Billion - Technischer Spritzguss - Teil n\u00b02' class='fancybox transitions' rel='gallery'><img src='https:\/\/www.billion.fr\/wp-content\/uploads\/Billion-technical-molding-piece-2-569x385.jpg' alt='Billion - Technischer Spritzguss - Teil n\u00b02'\/><\/a><a href='https:\/\/www.billion.fr\/wp-content\/uploads\/Billion-technical-molding-piece-3.jpg' title='Billion - Technischer Spritzguss - Teil n\u00b03' class='fancybox transitions' rel='gallery'><img src='https:\/\/www.billion.fr\/wp-content\/uploads\/Billion-technical-molding-piece-3-569x385.jpg' alt='Billion - Technischer Spritzguss - Teil n\u00b03'\/><\/a><a href='https:\/\/www.billion.fr\/wp-content\/uploads\/Billion-technical-molding-piece-4.jpg' title='Billion - Technischer Spritzguss - Teil n\u00b04' class='fancybox transitions' rel='gallery'><img src='https:\/\/www.billion.fr\/wp-content\/uploads\/Billion-technical-molding-piece-4-569x385.jpg' alt='Billion - Technischer Spritzguss - Teil n\u00b04'\/><\/a><a href='https:\/\/www.billion.fr\/wp-content\/uploads\/Billion-technical-molding-piece-5.jpg' title='Billion - Technischer Spritzguss - Teil n\u00b05' class='fancybox transitions' rel='gallery'><img src='https:\/\/www.billion.fr\/wp-content\/uploads\/Billion-technical-molding-piece-5-569x385.jpg' alt='Billion - Technischer Spritzguss - Teil n\u00b05'\/><\/a><a href='https:\/\/www.billion.fr\/wp-content\/uploads\/Billion-technical-molding-piece-6.jpg' title='Billion - Technischer Spritzguss - Teil n\u00b06' class='fancybox transitions' rel='gallery'><img src='https:\/\/www.billion.fr\/wp-content\/uploads\/Billion-technical-molding-piece-6-569x385.jpg' alt='Billion - Technischer Spritzguss - Teil n\u00b06'\/><\/a><\/div>\n<\/div>\n<\/div>\n","protected":false},"excerpt":{"rendered":"Die Produktion von Technischen Teilen erfordert Maschinen und Anlagen mit [&#8230;]","protected":false},"author":1,"featured_media":0,"parent":2220,"menu_order":38,"comment_status":"closed","ping_status":"closed","template":"","meta":{"footnotes":""},"class_list":["post-2531","page","type-page","status-publish","hentry"],"_links":{"self":[{"href":"https:\/\/www.billion.fr\/de\/wp-json\/wp\/v2\/pages\/2531","targetHints":{"allow":["GET"]}}],"collection":[{"href":"https:\/\/www.billion.fr\/de\/wp-json\/wp\/v2\/pages"}],"about":[{"href":"https:\/\/www.billion.fr\/de\/wp-json\/wp\/v2\/types\/page"}],"author":[{"embeddable":true,"href":"https:\/\/www.billion.fr\/de\/wp-json\/wp\/v2\/users\/1"}],"replies":[{"embeddable":true,"href":"https:\/\/www.billion.fr\/de\/wp-json\/wp\/v2\/comments?post=2531"}],"version-history":[{"count":5,"href":"https:\/\/www.billion.fr\/de\/wp-json\/wp\/v2\/pages\/2531\/revisions"}],"predecessor-version":[{"id":2573,"href":"https:\/\/www.billion.fr\/de\/wp-json\/wp\/v2\/pages\/2531\/revisions\/2573"}],"up":[{"embeddable":true,"href":"https:\/\/www.billion.fr\/de\/wp-json\/wp\/v2\/pages\/2220"}],"wp:attachment":[{"href":"https:\/\/www.billion.fr\/de\/wp-json\/wp\/v2\/media?parent=2531"}],"curies":[{"name":"wp","href":"https:\/\/api.w.org\/{rel}","templated":true}]}}