{"id":2487,"date":"2017-11-30T17:43:56","date_gmt":"2017-11-30T16:43:56","guid":{"rendered":"https:\/\/www.billion.fr\/?page_id=2487"},"modified":"2017-11-30T17:56:57","modified_gmt":"2017-11-30T16:56:57","slug":"automobil","status":"publish","type":"page","link":"https:\/\/www.billion.fr\/de\/ihre-maerkte\/automobil\/","title":{"rendered":"Automobil"},"content":{"rendered":"<div id=\"automotive-0\" class=\"chapo\">\n<div class=\"wrapper text-center\">\n<p>Billion bietet Kunststoffverarbeitern aus dem Bereich Automobil spezielle Service-Leistungen, die den hohen Qualit\u00e4tsanspr\u00fcchen und besonderen technologischen Anforderungen gen\u00fcgen.<\/p>\n<p>Durch innovative Techniken bieten wir Baukastenl\u00f6sungen nach genauen Spezifikationen.<\/p>\n<\/div>\n<\/div>\n<div id=\"automotive-1\" class=\"relative\">\n<div class=\"half-block-div right ctn-img-absolute\"><a class=\"fancybox\" title=\"Billion - Spritzgie\u00dfmaschine im Umspritzprozess\" href=\"https:\/\/www.billion.fr\/wp-content\/uploads\/billion-transformation-plastique-automobile.jpg\" rel=\"gallery\"><img loading=\"lazy\" decoding=\"async\" class=\"alignnone size-full wp-image-1630\" title=\"Billion - Spritzgie\u00dfmaschine im Umspritzprozess\" src=\"https:\/\/www.billion.fr\/wp-content\/uploads\/billion-transformation-plastique-automobile.jpg\" alt=\"Billion - Spritzgie\u00dfmaschine im Umspritzprozess\" width=\"1000\" height=\"929\" srcset=\"https:\/\/www.billion.fr\/wp-content\/uploads\/billion-transformation-plastique-automobile.jpg 1000w, https:\/\/www.billion.fr\/wp-content\/uploads\/billion-transformation-plastique-automobile-300x279.jpg 300w, https:\/\/www.billion.fr\/wp-content\/uploads\/billion-transformation-plastique-automobile-768x713.jpg 768w\" sizes=\"auto, (max-width: 1000px) 100vw, 1000px\" \/><\/a><\/div>\n<div class=\"half-block-div half-div-text div-bg-blue\">\n<h2>Verf\u00fcgbarkeit aus dem Baukasten<\/h2>\n<p>Unser Know-how deckt alle Automobil-Teile, wie Strukturbauteile, Teile mit besonderen Oberfl\u00e4chenveredelungen oder verst\u00e4rkte Bauteile, ab.<\/p>\n<p>Dazu ein paar Beispiele:<\/p>\n<ul class=\"list arrow-white\">\n<li>Kompression Molding \/ Optische Teile<\/li>\n<li>\u00dcberspritztechnik mit Gummi<\/li>\n<li>Folien- und Gewebe-Hinterspritztechnik<\/li>\n<li>Kaskaden-Spritzgie\u00dfen<\/li>\n<li>Duroplast<\/li>\n<li>GIT- und WIT-Spritzgie\u00dfen<\/li>\n<li>Montagespritzgie\u00dfen<\/li>\n<li>\u00dcberspritztechnik<\/li>\n<li>Sandwich-Spritzgie\u00dfen<\/li>\n<\/ul>\n<\/div>\n<\/div>\n<div id=\"automotive-2\" class=\"text-center div-bg-light-grey block-slider-markets\">\n<h2>Anwendungen<\/h2>\n<div class=\"slide-markets-wrap\">\n <div class='slide-markets owl-carousel'><a href='https:\/\/www.billion.fr\/wp-content\/uploads\/automotive-piece-5-3.jpg' title='Billion Automobil Teil n\u00b01' class='fancybox transitions' rel='gallery'><img src='https:\/\/www.billion.fr\/wp-content\/uploads\/automotive-piece-5-3-569x385.jpg' alt='Billion Automobil Teil n\u00b01'\/><\/a><a href='https:\/\/www.billion.fr\/wp-content\/uploads\/automotive-piece-4-2.jpg' title='Billion Automobil Teil n\u00b02' class='fancybox transitions' rel='gallery'><img src='https:\/\/www.billion.fr\/wp-content\/uploads\/automotive-piece-4-2-569x385.jpg' alt='Billion Automobil Teil n\u00b02'\/><\/a><a href='https:\/\/www.billion.fr\/wp-content\/uploads\/automotive-piece-3-2.jpg' title='Billion Automobil Teil n\u00b03' class='fancybox transitions' rel='gallery'><img src='https:\/\/www.billion.fr\/wp-content\/uploads\/automotive-piece-3-2-569x385.jpg' alt='Billion Automobil Teil n\u00b03'\/><\/a><a href='https:\/\/www.billion.fr\/wp-content\/uploads\/automotive-piece-2-2.jpg' title='Billion Automobil Teil n\u00b04' class='fancybox transitions' rel='gallery'><img src='https:\/\/www.billion.fr\/wp-content\/uploads\/automotive-piece-2-2-569x385.jpg' alt='Billion Automobil Teil n\u00b04'\/><\/a><a href='https:\/\/www.billion.fr\/wp-content\/uploads\/automotive-piece-1-2.jpg' title='Billion Automobil Teil n\u00b05' class='fancybox transitions' rel='gallery'><img src='https:\/\/www.billion.fr\/wp-content\/uploads\/automotive-piece-1-2-569x385.jpg' alt='Billion Automobil Teil n\u00b05'\/><\/a><\/div>\n<\/div>\n<\/div>\n","protected":false},"excerpt":{"rendered":"Billion bietet Kunststoffverarbeitern aus dem Bereich Automobil spezielle Service-Leistungen, die [&#8230;]","protected":false},"author":1,"featured_media":0,"parent":2220,"menu_order":29,"comment_status":"closed","ping_status":"closed","template":"","meta":{"footnotes":""},"class_list":["post-2487","page","type-page","status-publish","hentry"],"_links":{"self":[{"href":"https:\/\/www.billion.fr\/de\/wp-json\/wp\/v2\/pages\/2487","targetHints":{"allow":["GET"]}}],"collection":[{"href":"https:\/\/www.billion.fr\/de\/wp-json\/wp\/v2\/pages"}],"about":[{"href":"https:\/\/www.billion.fr\/de\/wp-json\/wp\/v2\/types\/page"}],"author":[{"embeddable":true,"href":"https:\/\/www.billion.fr\/de\/wp-json\/wp\/v2\/users\/1"}],"replies":[{"embeddable":true,"href":"https:\/\/www.billion.fr\/de\/wp-json\/wp\/v2\/comments?post=2487"}],"version-history":[{"count":5,"href":"https:\/\/www.billion.fr\/de\/wp-json\/wp\/v2\/pages\/2487\/revisions"}],"predecessor-version":[{"id":2506,"href":"https:\/\/www.billion.fr\/de\/wp-json\/wp\/v2\/pages\/2487\/revisions\/2506"}],"up":[{"embeddable":true,"href":"https:\/\/www.billion.fr\/de\/wp-json\/wp\/v2\/pages\/2220"}],"wp:attachment":[{"href":"https:\/\/www.billion.fr\/de\/wp-json\/wp\/v2\/media?parent=2487"}],"curies":[{"name":"wp","href":"https:\/\/api.w.org\/{rel}","templated":true}]}}