{"id":2454,"date":"2017-11-30T16:58:47","date_gmt":"2017-11-30T15:58:47","guid":{"rendered":"https:\/\/www.billion.fr\/?page_id=2454"},"modified":"2017-11-30T17:01:31","modified_gmt":"2017-11-30T16:01:31","slug":"billion-weltweit","status":"publish","type":"page","link":"https:\/\/www.billion.fr\/de\/billion-weltweit\/","title":{"rendered":"Billion Weltweit"},"content":{"rendered":"<div id=\"worldwide-0\" class=\"chapo\">\n<div class=\"text-center\">\n<p>Ans\u00e4ssig sind wir im franz\u00f6sischen Plastics Valley, im Herzen von Europa. Billion hat eine starke Pr\u00e4senz in Europa und Afrika.<\/p>\n<p>Vertreten werden wir durch eigene Niederlassungen in Deutschland, Italien, Gro\u00dfbritannien und Ost Europa, und  ein globales Netzwerk von Agenten.<\/p>\n<\/div>\n<\/div>\n","protected":false},"excerpt":{"rendered":"Ans\u00e4ssig sind wir im franz\u00f6sischen Plastics Valley, im Herzen von [&#8230;]","protected":false},"author":1,"featured_media":0,"parent":0,"menu_order":109,"comment_status":"closed","ping_status":"closed","template":"page-templates\/worldwide-page.php","meta":{"footnotes":""},"class_list":["post-2454","page","type-page","status-publish","hentry"],"_links":{"self":[{"href":"https:\/\/www.billion.fr\/de\/wp-json\/wp\/v2\/pages\/2454","targetHints":{"allow":["GET"]}}],"collection":[{"href":"https:\/\/www.billion.fr\/de\/wp-json\/wp\/v2\/pages"}],"about":[{"href":"https:\/\/www.billion.fr\/de\/wp-json\/wp\/v2\/types\/page"}],"author":[{"embeddable":true,"href":"https:\/\/www.billion.fr\/de\/wp-json\/wp\/v2\/users\/1"}],"replies":[{"embeddable":true,"href":"https:\/\/www.billion.fr\/de\/wp-json\/wp\/v2\/comments?post=2454"}],"version-history":[{"count":2,"href":"https:\/\/www.billion.fr\/de\/wp-json\/wp\/v2\/pages\/2454\/revisions"}],"predecessor-version":[{"id":2456,"href":"https:\/\/www.billion.fr\/de\/wp-json\/wp\/v2\/pages\/2454\/revisions\/2456"}],"wp:attachment":[{"href":"https:\/\/www.billion.fr\/de\/wp-json\/wp\/v2\/media?parent=2454"}],"curies":[{"name":"wp","href":"https:\/\/api.w.org\/{rel}","templated":true}]}}