{"id":2366,"date":"2017-11-30T13:52:45","date_gmt":"2017-11-30T12:52:45","guid":{"rendered":"https:\/\/www.billion.fr\/?page_id=2366"},"modified":"2017-11-30T14:15:55","modified_gmt":"2017-11-30T13:15:55","slug":"easypack","status":"publish","type":"page","link":"https:\/\/www.billion.fr\/de\/trends-innovationen\/easypack\/","title":{"rendered":"EasyPack"},"content":{"rendered":"<div id=\"easy-pack-0\" class=\"chapo\">\n<div class=\"wrapper text-center\">\n<p>Steigert Produktivit\u00e4t durch Maschinen Intelligenz<\/p>\n<\/div>\n<\/div>\n<div id=\"easy-pack-1\" class=\"erase-space-inline-block\">\n<div class=\"ctn-pack-easy restore-space-inline-block transitions\">\n<div class=\"logo-pack-easy\"><a href=\"#div-1\" class=\"fancybox transitions\" rel=\"gallery\" style=\"color:#818181;font-size:0.7em\"><img loading=\"lazy\" decoding=\"async\" src=\"https:\/\/www.billion.fr\/wp-content\/uploads\/Easy-control.jpg\" alt=\"Easy Control\" width=\"448\" height=\"118\" class=\"alignnone size-full wp-image-1117\" \/>Material Viskosit\u00e4t gemessen in Echtzeit!<\/a><\/div>\n<div class=\"more-fancy-easypack\"><a href=\"#div-1\" class=\"fancybox transitions\" rel=\"gallery1\">Erfahren Sie mehr<\/a><\/div>\n<\/div>\n<div class=\"ctn-pack-easy restore-space-inline-block transitions\">\n<div class=\"logo-pack-easy\"><a href=\"#div-2\" class=\"fancybox transitions\" rel=\"gallery\" style=\"color:#818181;font-size:0.7em\"><img loading=\"lazy\" decoding=\"async\" src=\"https:\/\/www.billion.fr\/wp-content\/uploads\/Easy-filling.jpg\" alt=\"EasyFilling\" width=\"413\" height=\"118\" class=\"alignnone size-full wp-image-1119\" \/>Qualit\u00e4tssicherung!<\/a><\/div>\n<div class=\"more-fancy-easypack\"><a href=\"#div-2\" class=\"fancybox transitions\" rel=\"gallery1\">Erfahren Sie mehr<\/a><\/div>\n<\/div>\n<div class=\"ctn-pack-easy restore-space-inline-block transitions\">\n<div class=\"logo-pack-easy\"><a href=\"#div-3\" class=\"fancybox transitions\" rel=\"gallery\" style=\"color:#818181;font-size:0.7em\"><img loading=\"lazy\" decoding=\"async\" src=\"https:\/\/www.billion.fr\/wp-content\/uploads\/Easy-flow.jpg\" alt=\"EasyFlow\" width=\"385\" height=\"118\" class=\"alignnone size-full wp-image-1121\" \/>Leichteres F\u00fcllen und verbesserte Oberfl\u00e4chenqualit\u00e4t!<\/a><\/div>\n<div class=\"more-fancy-easypack\"><a href=\"#div-3\" class=\"fancybox transitions\" rel=\"gallery1\">Erfahren Sie mehr<\/a><\/div>\n<\/div>\n<div class=\"ctn-pack-easy restore-space-inline-block transitions\">\n<div class=\"logo-pack-easy\"><a href=\"#div-4\" class=\"fancybox transitions\" rel=\"gallery\" style=\"color:#818181;font-size:0.7em\"><img loading=\"lazy\" decoding=\"async\" src=\"https:\/\/www.billion.fr\/wp-content\/uploads\/Easy-purge.jpg\" alt=\"EasyPurge\" width=\"426\" height=\"118\" class=\"alignnone size-full wp-image-1125\" \/>Optimieren Sie Ihre Produktwechsel!<\/a><\/div>\n<div class=\"more-fancy-easypack\"><a href=\"#div-4\" class=\"fancybox transitions\" rel=\"gallery1\">Erfahren Sie mehr<\/a><\/div>\n<\/div>\n<div class=\"text-pack-easy\" id=\"div-1\">\n<div class=\"img-fancy-easypack\">\n<img loading=\"lazy\" decoding=\"async\" src=\"https:\/\/www.billion.fr\/wp-content\/uploads\/EasyControl-Material-viscosity-measured-in-real-time.jpg\" alt=\"EasyControl - Material Viskosit\u00e4t gemessen in Echtzeit!\" title=\"EasyControl - Material Viskosit\u00e4t gemessen in Echtzeit!\" width=\"800\" height=\"655\" class=\"alignnone size-full wp-image-548\" srcset=\"https:\/\/www.billion.fr\/wp-content\/uploads\/EasyControl-Material-viscosity-measured-in-real-time.jpg 800w, https:\/\/www.billion.fr\/wp-content\/uploads\/EasyControl-Material-viscosity-measured-in-real-time-300x246.jpg 300w, https:\/\/www.billion.fr\/wp-content\/uploads\/EasyControl-Material-viscosity-measured-in-real-time-768x629.jpg 768w\" sizes=\"auto, (max-width: 800px) 100vw, 800px\" \/>\n<\/div>\n<h3>EASYCONTROL : Material Viskosit\u00e4t gemessen in Echtzeit!<\/h3>\n<p>Umschalten und Staudruck werden <strong>automatisch angepa\u00dft<\/strong>, in Abh\u00e4ngigkeit zur Materialviskosit\u00e4t.<\/p>\n<ul class=\"list-long-arrow long-arrow-red\">\n<li>Prozessstabilisierung<\/li>\n<li>Reduzierter Ausschu\u00df<\/li>\n<li>Gesteigerte Effizienz<\/li>\n<li>Verbesserte Produkt Qualit\u00e4t<\/li>\n<\/ul>\n<p><strong>Qualit\u00e4t sichernd<\/strong> bei einer gro\u00dfen Bandbreite von Polymeren.<\/p>\n<ul class=\"list-long-arrow long-arrow-red\">\n<li>EasyControl ist die perfekte L\u00f6sung <strong>f\u00fcr Prozesse mit recycleten Polymeren<\/strong>.<\/li>\n<\/ul>\n<\/div>\n<div class=\"text-pack-easy\" id=\"div-2\">\n<div class=\"img-fancy-easypack\">\n<img loading=\"lazy\" decoding=\"async\" src=\"https:\/\/www.billion.fr\/wp-content\/uploads\/Easy-filling-quality-assured-300x144.jpg\" alt=\"Easyfilling - Qualit\u00e4tssicherung! - Der Druck wird in allen Kavit\u00e4ten gleich eingestellt.\n\" title=\"Easyfilling - Qualit\u00e4tssicherung! - Der Druck wird in allen Kavit\u00e4ten gleich eingestellt.\n\" width=\"300\" height=\"144\" class=\"alignnone size-medium wp-image-578\" srcset=\"https:\/\/www.billion.fr\/wp-content\/uploads\/Easy-filling-quality-assured-300x144.jpg 300w, https:\/\/www.billion.fr\/wp-content\/uploads\/Easy-filling-quality-assured-768x370.jpg 768w, https:\/\/www.billion.fr\/wp-content\/uploads\/Easy-filling-quality-assured.jpg 800w\" sizes=\"auto, (max-width: 300px) 100vw, 300px\" \/>\n<\/div>\n<h3>EASYFILLING : Qualit\u00e4tssicherung!<\/h3>\n<p><strong>Mehrkavit\u00e4tenwerkzeuge optimierend und ausbalancierend<\/strong> in der \u00dcbergangsphase von F\u00fcllen und Nachdruck.<\/p>\n<p>Reduziert <strong>\u00dcberspritzen<\/strong>, <strong>Unterf\u00fcllen <\/strong>und <strong>Verschlei\u00df <\/strong>an Formtrennung.<\/p>\n<p><span class=\"red-word\"><i class=\"fa fa-long-arrow-right\" aria-hidden=\"true\"><\/i><\/span> weniger Ausschu\u00df und verbesserte Produktqualit\u00e4t<\/p>\n<\/div>\n<div class=\"text-pack-easy\" id=\"div-3\">\n<div class=\"img-fancy-easypack\">\n<img loading=\"lazy\" decoding=\"async\" src=\"https:\/\/www.billion.fr\/wp-content\/uploads\/Easyflow-lower-stress-filling-and-improved-surface-finish-300x225.jpg\" alt=\"EASYFLOW : Leichteres F\u00fcllen und verbesserte Oberfl\u00e4chenqualit\u00e4t!\" title=\"EASYFLOW : Leichteres F\u00fcllen und verbesserte Oberfl\u00e4chenqualit\u00e4t!\" width=\"300\" height=\"225\" class=\"alignnone size-medium wp-image-581\" srcset=\"https:\/\/www.billion.fr\/wp-content\/uploads\/Easyflow-lower-stress-filling-and-improved-surface-finish-300x225.jpg 300w, https:\/\/www.billion.fr\/wp-content\/uploads\/Easyflow-lower-stress-filling-and-improved-surface-finish-768x575.jpg 768w, https:\/\/www.billion.fr\/wp-content\/uploads\/Easyflow-lower-stress-filling-and-improved-surface-finish.jpg 800w\" sizes=\"auto, (max-width: 300px) 100vw, 300px\" \/>\n<\/div>\n<h3>EASYFLOW : Leichteres F\u00fcllen und verbesserte Oberfl\u00e4chenqualit\u00e4t!<\/h3>\n<p>Profilierte Schlie\u00dfkraft \u00fcber <strong>5 Stufen<\/strong> korrespondierend zur Schneckenposition.<\/p>\n<ul class=\"list-long-arrow long-arrow-red\">\n<li>Leichtes progressives F\u00fcllen<\/li>\n<li>Verbessert Bauteiloberfl\u00e4chen<\/li>\n<li>Zykluszeitsparend<\/li>\n<li>Reduziert die n\u00f6tigen Schlie\u00dfkr\u00e4fte<\/li>\n<\/ul>\n<\/div>\n<div class=\"text-pack-easy\" id=\"div-4\">\n<div class=\"img-fancy-easypack\">\n<img loading=\"lazy\" decoding=\"async\" src=\"https:\/\/www.billion.fr\/wp-content\/uploads\/EasyPurge-optimize-your-production-changes.jpg\" alt=\"EasyPurge - Optimieren Sie Ihre Produktwechsel!\" title=\"EasyPurge - Optimieren Sie Ihre Produktwechsel!\" width=\"315\" height=\"473\" class=\"alignnone size-full wp-image-562\" srcset=\"https:\/\/www.billion.fr\/wp-content\/uploads\/EasyPurge-optimize-your-production-changes.jpg 315w, https:\/\/www.billion.fr\/wp-content\/uploads\/EasyPurge-optimize-your-production-changes-200x300.jpg 200w\" sizes=\"auto, (max-width: 315px) 100vw, 315px\" \/>\n<\/div>\n<h3>EASYPURGE : Optimieren Sie Ihre Produktwechsel!<\/h3>\n<p><strong>Automatisches Sp\u00fclen<\/strong> von Zylinder und Hei\u00dfkan\u00e4len.<\/p>\n<p>Wechseln Sie oft Farbe oder Material?<\/p>\n<ul class=\"list-long-arrow long-arrow-red\">\n<li>EasyPurge <strong>spart Zeit und Materialabf\u00e4lle<\/strong> bei Ihren Produktionswechseln<\/li>\n<\/ul>\n<\/div>\n<\/div>\n","protected":false},"excerpt":{"rendered":"Steigert Produktivit\u00e4t durch Maschinen Intelligenz Material Viskosit\u00e4t gemessen in Echtzeit! [&#8230;]","protected":false},"author":1,"featured_media":0,"parent":2353,"menu_order":49,"comment_status":"closed","ping_status":"closed","template":"","meta":{"footnotes":""},"class_list":["post-2366","page","type-page","status-publish","hentry"],"_links":{"self":[{"href":"https:\/\/www.billion.fr\/de\/wp-json\/wp\/v2\/pages\/2366","targetHints":{"allow":["GET"]}}],"collection":[{"href":"https:\/\/www.billion.fr\/de\/wp-json\/wp\/v2\/pages"}],"about":[{"href":"https:\/\/www.billion.fr\/de\/wp-json\/wp\/v2\/types\/page"}],"author":[{"embeddable":true,"href":"https:\/\/www.billion.fr\/de\/wp-json\/wp\/v2\/users\/1"}],"replies":[{"embeddable":true,"href":"https:\/\/www.billion.fr\/de\/wp-json\/wp\/v2\/comments?post=2366"}],"version-history":[{"count":5,"href":"https:\/\/www.billion.fr\/de\/wp-json\/wp\/v2\/pages\/2366\/revisions"}],"predecessor-version":[{"id":2381,"href":"https:\/\/www.billion.fr\/de\/wp-json\/wp\/v2\/pages\/2366\/revisions\/2381"}],"up":[{"embeddable":true,"href":"https:\/\/www.billion.fr\/de\/wp-json\/wp\/v2\/pages\/2353"}],"wp:attachment":[{"href":"https:\/\/www.billion.fr\/de\/wp-json\/wp\/v2\/media?parent=2366"}],"curies":[{"name":"wp","href":"https:\/\/api.w.org\/{rel}","templated":true}]}}