{"id":2355,"date":"2017-11-30T12:52:26","date_gmt":"2017-11-30T11:52:26","guid":{"rendered":"https:\/\/www.billion.fr\/?page_id=2355"},"modified":"2025-11-13T10:03:23","modified_gmt":"2025-11-13T09:03:23","slug":"easyturn","status":"publish","type":"page","link":"https:\/\/www.billion.fr\/de\/trends-innovationen\/easyturn\/","title":{"rendered":"EasyTurn"},"content":{"rendered":"<div id=\"easy-turn-0\" class=\"chapo\">\n<div class=\"wrapper text-center\">\n<p>Billion bietet sein <strong>Rotations Index Plattensystem<\/strong> an, eine <strong>vollst\u00e4ndig in die Spritzgie\u00dfmaschine integrierte<\/strong> L\u00f6sung f\u00fcr Ihre <strong>Mehrkomponenten Spritzgie\u00dfanwendungen<\/strong>.<\/p>\n<\/div>\n<\/div>\n<div id=\"easy-turn-1\" class=\"relative\">\n<div class=\"half-block-div half-div-text div-bg-blue\">\n<h2>Mehrkomponentenspritzgu\u00df noch einfacher!<\/h2>\n<p>Die Auswerferplatte der Maschine wurde erweitert um einen Synchronmotor welcher die Rotationswelle mit einem Zahnriemen antreibt.<\/p>\n<p>Die Rotationswelle integriert auf ihrer R\u00fcckseite Kupplungen die den Anschlu\u00df und die Durchf\u00fchrung von allen Werkzeugmedien bis zu einer Temperaturgrenze von 110\u00b0C erlauben.<\/p>\n<\/div>\n<div class=\"half-block-div ctn-img-absolute\"><a class=\"fancybox\" title=\"Mit EasyTurn wird Mehrkomponententechnik zug\u00e4nglich\" href=\"https:\/\/www.billion.fr\/wp-content\/uploads\/Easy-turn-twin-shot-made-simple.jpg\" rel=\"gallery\"><img loading=\"lazy\" decoding=\"async\" class=\"alignnone size-full wp-image-511 transitions\" title=\"Mit EasyTurn wird Mehrkomponententechnik zug\u00e4nglich\" src=\"https:\/\/www.billion.fr\/wp-content\/uploads\/Easy-turn-twin-shot-made-simple.jpg\" alt=\"Mit EasyTurn wird Mehrkomponententechnik zug\u00e4nglich\" width=\"1000\" height=\"612\" srcset=\"https:\/\/www.billion.fr\/wp-content\/uploads\/Easy-turn-twin-shot-made-simple.jpg 1000w, https:\/\/www.billion.fr\/wp-content\/uploads\/Easy-turn-twin-shot-made-simple-300x184.jpg 300w, https:\/\/www.billion.fr\/wp-content\/uploads\/Easy-turn-twin-shot-made-simple-768x470.jpg 768w\" sizes=\"auto, (max-width: 1000px) 100vw, 1000px\" \/><\/a><\/div>\n<\/div>\n<div id=\"easy-turn-2\" class=\"relative\">\n<div class=\"bg\"><\/div>\n<div class=\"wrapper text-center\">\n<h2>EasyTurn<br \/>\n<img loading=\"lazy\" decoding=\"async\" class=\"alignnone size-full wp-image-1021 image-title-absolute\" src=\"https:\/\/www.billion.fr\/wp-content\/uploads\/logo-easy-turn.png\" alt=\"EasyTurn - f\u00fcr Ihre Mehrkomponenten-Overmolding-Anwendungen\" width=\"400\" height=\"123\" srcset=\"https:\/\/www.billion.fr\/wp-content\/uploads\/logo-easy-turn.png 400w, https:\/\/www.billion.fr\/wp-content\/uploads\/logo-easy-turn-300x92.png 300w\" sizes=\"auto, (max-width: 400px) 100vw, 400px\" \/><\/h2>\n<ul class=\"list arrow-red\">\n<li>EasyTurn Integration \u00a0:<br \/>\nMechanisch, elektrisch, Software mit Energiemanagement<\/li>\n<li>Kompatibel mit hydraulischen und elektrischen Maschinen<\/li>\n<li>Minimale dynamische Massen<\/li>\n<li>Erh\u00f6hte Werkzeugeinbauh\u00f6hen<\/li>\n<li>Mechanisch zuverl\u00e4ssig und gut zug\u00e4nglich<\/li>\n<li>Geschmeidige, schnelle und pr\u00e4zise Bewegungen<\/li>\n<\/ul>\n<\/div>\n<\/div>\n<div id=\"easy-turn-3\" class=\"relative\">\n<div class=\"half-div-text div-bg-red\">\n<div class=\"img-abso-float\"><a class=\"fancybox\" title=\"EasyTurn - Steuerung und Kontrolle \u00fcber DIXIT\" href=\"https:\/\/www.billion.fr\/wp-content\/uploads\/pupitre-dixit3-1.jpg\" rel=\"gallery\"><img loading=\"lazy\" decoding=\"async\" class=\"alignnone size-full wp-image-917 transitions\" title=\"EasyTurn - Steuerung und Kontrolle \u00fcber DIXIT\" src=\"https:\/\/www.billion.fr\/wp-content\/uploads\/pupitre-dixit3-1.jpg\" alt=\"EasyTurn - Steuerung und Kontrolle \u00fcber DIXIT\" width=\"501\" height=\"1000\" srcset=\"https:\/\/www.billion.fr\/wp-content\/uploads\/pupitre-dixit3-1.jpg 501w, https:\/\/www.billion.fr\/wp-content\/uploads\/pupitre-dixit3-1-150x300.jpg 150w\" sizes=\"auto, (max-width: 501px) 100vw, 501px\" \/><\/a><\/div>\n<h2>Steuerung und Kontrolle \u00fcber DIXIT4<\/h2>\n<ul class=\"list arrow-white\">\n<li>Alarmstatus integriert in die allgemeine \u00dcberwachung<\/li>\n<li>Positionsgenauer Stopp auf 1\/100 Grad<\/li>\n<li>Benutzerauswahl und Steuerung \u00fcber Kernablauf<\/li>\n<li>Rotation Uhrzeigersinn \/ gegen Uhrzeigersinn \/ oszillierend<\/li>\n<li>Datensicherung als Teil der Werkzeugdatensicherung<\/li>\n<li>6 frei programmierbare Stationen<\/li>\n<li>Automatische Anpassung der Dynamik an die jeweiligen Massen<\/li>\n<li>Archivierung und Abruf der jeweiligen Indexprogramme<\/li>\n<\/ul>\n<\/div>\n<\/div>\n","protected":false},"excerpt":{"rendered":"Billion bietet sein Rotations Index Plattensystem an, eine vollst\u00e4ndig in [&#8230;]","protected":false},"author":1,"featured_media":0,"parent":2353,"menu_order":51,"comment_status":"closed","ping_status":"closed","template":"","meta":{"footnotes":""},"class_list":["post-2355","page","type-page","status-publish","hentry"],"_links":{"self":[{"href":"https:\/\/www.billion.fr\/de\/wp-json\/wp\/v2\/pages\/2355","targetHints":{"allow":["GET"]}}],"collection":[{"href":"https:\/\/www.billion.fr\/de\/wp-json\/wp\/v2\/pages"}],"about":[{"href":"https:\/\/www.billion.fr\/de\/wp-json\/wp\/v2\/types\/page"}],"author":[{"embeddable":true,"href":"https:\/\/www.billion.fr\/de\/wp-json\/wp\/v2\/users\/1"}],"replies":[{"embeddable":true,"href":"https:\/\/www.billion.fr\/de\/wp-json\/wp\/v2\/comments?post=2355"}],"version-history":[{"count":5,"href":"https:\/\/www.billion.fr\/de\/wp-json\/wp\/v2\/pages\/2355\/revisions"}],"predecessor-version":[{"id":4195,"href":"https:\/\/www.billion.fr\/de\/wp-json\/wp\/v2\/pages\/2355\/revisions\/4195"}],"up":[{"embeddable":true,"href":"https:\/\/www.billion.fr\/de\/wp-json\/wp\/v2\/pages\/2353"}],"wp:attachment":[{"href":"https:\/\/www.billion.fr\/de\/wp-json\/wp\/v2\/media?parent=2355"}],"curies":[{"name":"wp","href":"https:\/\/api.w.org\/{rel}","templated":true}]}}