{"id":2344,"date":"2017-11-30T12:41:15","date_gmt":"2017-11-30T11:41:15","guid":{"rendered":"https:\/\/www.billion.fr\/?page_id=2344"},"modified":"2019-01-02T10:41:51","modified_gmt":"2019-01-02T09:41:51","slug":"rechtliche-informationen","status":"publish","type":"page","link":"https:\/\/www.billion.fr\/de\/rechtliche-informationen\/","title":{"rendered":"Rechtliche Hinweise"},"content":{"rendered":"<div class=\"wrapper\">\n<h2>ERKL\u00c4RUNGEN<\/h2>\n<p>Entsprechend der CNIL-Empfehlung 2005-284 wurde diese Website nicht als solche deklariert. Alle gegenw\u00e4rtigen oder zuk\u00fcnftigen Datenverarbeitungen, die diese Website betreffen, wurden oder werden jedoch bei der CNIL angemeldet.<\/p>\n<p>Gem\u00e4\u00df Artikel 38 und 40 des Gesetzes 2004-801 vom 06.08.2004 haben Sie das Recht auf Zugriff, Berichtigung und L\u00f6schung Ihrer pers\u00f6nlichen Daten. Dieses Recht kann online ausge\u00fcbt werden, indem Sie eine E-Mail an folgende Adresse oder per Post senden: BILLION SAS &#8211; 1, avenue Victor Hugo \u2013 BP 4007 \u2013 BELLIGNAT &#8211; 01104 OYONNAX CEDEX (Frankreich)<\/p>\n<h2>PUBLIKATION<\/h2>\n<p>BILLION SAS<br \/>\n1, avenue Victor Hugo \u2013 BP 4007 \u2013 BELLIGNAT<br \/>\n01104 OYONNAX CEDEX (Frankreich)<br \/>\nTel : + 33 (0) 474 73 20 00<br \/>\nFax : + 33(0) 474 73 20 01<br \/>\nE-mail : <img decoding=\"async\" src=\"\/wp-content\/themes\/Billion\/assets\/images\/mail-contact-black.png\" alt=\"Kontakt Billion\"  class=\"mail-contact-legal\"\/><\/p>\n<h2>ERSTELLUNG<\/h2>\n<p><\/strong>Novagence<br \/>\n3 bis Place de l&#8217;h\u00f4tel de ville<br \/>\n01 100 Bellignat (Frankreich)<br \/>\n<a href=\"https:\/\/www.novagence.fr\" rel=\"noopener nofollow external\" target=\"_blank\">www.novagence.fr<\/a><br \/>\nTel : +33 (0)474 76 96 24<\/p>\n<h2>MODALIT\u00c4TEN DER AUS\u00dcBUNG DES ZUGANGSRECHTS<\/h2>\n<p>Bevor wir Ihnen pers\u00f6nliche Daten zusenden, bitten wir Sie um einen Identit\u00e4tsnachweis. Sollten Sie Ihre Identit\u00e4t nicht nachweisen k\u00f6nnen, behalten wir uns das Recht vor, die \u00dcbermittlung Ihrer pers\u00f6nlichen Daten zu verweigern.<\/p>\n<p>Wir bem\u00fchen uns, innerhalb einer angemessenen Frist auf diese Anfragen zu reagieren. In Bezug auf das Recht auf Berichtigung und L\u00f6schung: Die Voraussetzungen sind identisch mit denen des Zugangsrechts.<\/p>\n<h2>GEISTIGES EIGENTUM<\/h2>\n<p>Alle Software-Kreationen unserer Websites, unserer Verwaltungsb\u00fcros, unserer angebotenen Dienste (Forum, Chat, G\u00e4stebuch\u2026) sind Originalsch\u00f6pfungen und urheberrechtlich gesch\u00fctzt.<\/p>\n<p>Alle Elemente, die das Grundger\u00fcst der Website bilden (Fotos, Bilder, Logos\u2026) sind ebenfalls urheberrechtlich gesch\u00fctzt und ausschlie\u00dfliches Eigentum des oben genannten Unternehmens.\n<\/p>\n<p>Die Inhalte der Website (Texte, Artikel\u2026) sind das ausschlie\u00dfliche Eigentum ihrer Autoren und d\u00fcrfen ohne deren Zustimmung nicht vervielf\u00e4ltigt oder verwertet werden. Die vorliegenden Texte aus fremden Quellen wurden mit ausdr\u00fccklicher oder stillschweigender Genehmigung der jeweiligen Autoren vervielf\u00e4ltigt.<\/p>\n<p>Diesbez\u00fcglich wird auf den Seiten der jeweiligen Quellen und Autoren darauf hingewiesen.<\/p>\n<h2>RECHT AUF GEGENDARSTELLUNG AUF DER WEBSITE<\/h2>\n<p>Gem\u00e4\u00df Artikel 6 IV des Gesetzes Nr. 2004-575 hat jede nat\u00fcrliche oder juristische Person, die auf der Website genannt oder benannt ist, ein Recht auf Gegendarstellung, unbeschadet der Antr\u00e4ge auf Berichtigung oder L\u00f6schung der Nachricht, die sie an den Sitz des Vereins richten kann.<\/p>\n<p>Die Nachfrage nach Aus\u00fcbung des Rechts auf Gegendarstellung, adressiert an den Verantwortlichen f\u00fcr die Ver\u00f6ffentlichung muss sp\u00e4testens innerhalb einer Frist von drei Monaten nach der Zug\u00e4nglichmachung dieser Nachricht f\u00fcr die \u00d6ffentlichkeit mit einer entsprechenden Begr\u00fcndung eingereicht werden.<\/p>\n<h2>COOKIES MANAGEMENT<\/h2>\n<p>Die Konfiguration der Cookie-Verwaltung kann in den Einstellungen Ihres Browsers vorgenommen werden.<\/p>\n<p>Die beste Benutzererfahrung auf dieser Website und die Bedingungen f\u00fcr den Zugang zu bestimmten Diensten erfordern die Verwendung von Cookies.<\/p>\n<p>Hier sind die Links, die es Ihnen erm\u00f6glichen, Cookies auf den wichtigsten Browsern zu konfigurieren: <\/p>\n<p>>> Chrome : <a href=\"https:\/\/support.google.com\/chrome\/answer\/95647?hl=de\" target=\"_blank\">https:\/\/support.google.com\/chrome\/answer\/95647?hl=de<\/a><\/p>\n<p>>> Internet Explorer : <a href=\"https:\/\/support.microsoft.com\/de-de\/help\/17442\/windows-internet-explorer-delete-manage-cookies\" target=\"_blank\">https:\/\/support.microsoft.com\/de-de\/help\/17442\/windows-internet-explorer-delete-manage-cookies<\/a><\/p>\n<p>>> Firefox : <a href=\"https:\/\/support.mozilla.org\/de\/kb\/cookies-erlauben-und-ablehnen\" target=\"_blank\">https:\/\/support.mozilla.org\/de\/kb\/cookies-erlauben-und-ablehnen<\/a><\/p>\n<p>>> Safari <a href=\"https:\/\/support.apple.com\/kb\/PH21411?locale=de_DE\" target=\"_blank\">https:\/\/support.apple.com\/kb\/PH21411?locale=de_DE<\/a><\/p>\n<h2>HOSTING<\/h2>\n<p>Unsere Webseite wird auf den Servern des Unternehmens gehostet: <a href=\"https:\/\/www.novagence.fr\/\" rel=\"noopener nofollow external\" target=\"_blank\">Novagence<\/a>.<\/p>\n<div>\n<h2>KUNDENSERVICE<\/h2>\n<p>Den Kundendienst erreichen Sie unter den folgenden Kontaktdaten:<\/p>\n<div class=\"text-center\">\n<strong>BILLION SAS<\/strong><br \/>\n1 Avenue Victor Hugo<br \/>\nCS 50508 Bellignat<br \/>\n01117 OYONNAX CEDEX<br \/>\nFRANKREICH<br \/>\nTel : +33 (0)4 74 73 20 00\n<\/div>\n<\/div>\n<\/div>\n","protected":false},"excerpt":{"rendered":"ERKL\u00c4RUNGEN Entsprechend der CNIL-Empfehlung 2005-284 wurde diese Website nicht als [&#8230;]","protected":false},"author":1,"featured_media":0,"parent":0,"menu_order":93,"comment_status":"closed","ping_status":"closed","template":"","meta":{"footnotes":""},"class_list":["post-2344","page","type-page","status-publish","hentry"],"_links":{"self":[{"href":"https:\/\/www.billion.fr\/de\/wp-json\/wp\/v2\/pages\/2344","targetHints":{"allow":["GET"]}}],"collection":[{"href":"https:\/\/www.billion.fr\/de\/wp-json\/wp\/v2\/pages"}],"about":[{"href":"https:\/\/www.billion.fr\/de\/wp-json\/wp\/v2\/types\/page"}],"author":[{"embeddable":true,"href":"https:\/\/www.billion.fr\/de\/wp-json\/wp\/v2\/users\/1"}],"replies":[{"embeddable":true,"href":"https:\/\/www.billion.fr\/de\/wp-json\/wp\/v2\/comments?post=2344"}],"version-history":[{"count":5,"href":"https:\/\/www.billion.fr\/de\/wp-json\/wp\/v2\/pages\/2344\/revisions"}],"predecessor-version":[{"id":3298,"href":"https:\/\/www.billion.fr\/de\/wp-json\/wp\/v2\/pages\/2344\/revisions\/3298"}],"wp:attachment":[{"href":"https:\/\/www.billion.fr\/de\/wp-json\/wp\/v2\/media?parent=2344"}],"curies":[{"name":"wp","href":"https:\/\/api.w.org\/{rel}","templated":true}]}}