{"id":2324,"date":"2017-11-30T12:13:42","date_gmt":"2017-11-30T11:13:42","guid":{"rendered":"https:\/\/www.billion.fr\/?page_id=2324"},"modified":"2017-12-14T19:19:25","modified_gmt":"2017-12-14T18:19:25","slug":"unternehmen","status":"publish","type":"page","link":"https:\/\/www.billion.fr\/de\/unternehmen\/","title":{"rendered":"Unternehmen"},"content":{"rendered":"<div id=\"corporate-0\" class=\"chapo\">\n<div class=\"wrapper text-center\">\n<h2>Gro\u00dfe Erfahrung<\/h2>\n<p class=\"parag-chapo\">Gegr\u00fcndet von L\u00e9on Billion in 1949, hat die Firma eine sehr gro\u00dfe Erfahrung in <strong>Entwicklung und Bau von Spritzgie\u00dfmaschinen<\/strong>.<\/p>\n<p class=\"parag-chapo\">Zus\u00e4tzlich zu den Standard <strong>Thermoplastspritzgie\u00dfmaschinen<\/strong> hat Billion sich auf die <strong>Mehrkomponententechnik<\/strong> spezialisiert.<\/p>\n<p class=\"parag-chapo\">Dazu wurde eine Vielzahl von proze\u00dftechnischen L\u00f6sungen entwickelt.<\/p>\n<\/div>\n<\/div>\n<div id=\"corporate-1\" class=\"relative\">\n<div class=\"half-block-div half-div-text div-bg-blue\">\n<h2>Eine Mission: Ein internationales Team<\/h2>\n<p>Billion bietet <strong>L\u00f6sungen<\/strong> und ist <strong>Serviceparter<\/strong> f\u00fcr Verarbeiter in aller Welt.<\/p>\n<p>Der Firmensitz ist im Plastics Vall\u00e9e Frankreichs, im Herzen von Europa. Ein Netzwerk aus T\u00f6chtern und Repr\u00e4sentanten vertritt das Billion <strong>Know-how<\/strong> international.<\/p>\n<p>Unsere <strong>Flexibilit\u00e4t<\/strong> und unser <strong>au\u00dferordentlicher<\/strong> Service stellen f\u00fcr unsere Kunden den besonderen Mehrwert dar.<\/p>\n<\/div>\n<div class=\"half-block-div ctn-img-absolute right\"><a class=\"fancybox\" title=\"Billion - Ein internationaler Team-Experte f\u00fcr die Injektion von Kunststoffen und Verbundwerkstoffen\" href=\"https:\/\/www.billion.fr\/wp-content\/uploads\/Billion-an-international-team-1.jpg\" rel=\"gallery\"><img decoding=\"async\" class=\"alignnone size-full wp-image-296 transitions\" title=\"Billion - Ein internationaler Team-Experte f\u00fcr die Injektion von Kunststoffen und Verbundwerkstoffen\" src=\"https:\/\/www.billion.fr\/wp-content\/uploads\/Billion-an-international-team-1.jpg\" alt=\"Billion - Ein internationaler Team-Experte f\u00fcr die Injektion von Kunststoffen und Verbundwerkstoffen\" \nwidth=\"1000\" height=\"668\" srcset=\"https:\/\/www.billion.fr\/wp-content\/uploads\/Billion-an-international-team-1.jpg 1000w, https:\/\/www.billion.fr\/wp-content\/uploads\/Billion-an-international-team-1-300x200.jpg 300w, https:\/\/www.billion.fr\/wp-content\/uploads\/Billion-an-international-team-1-768x513.jpg 768w\" sizes=\"(max-width: 1000px) 100vw, 1000px\" \/><\/a><\/div>\n<\/div>\n<div id=\"corporate-2\">\n<div class=\"wrapper text-center\">\n<h2>\u00dcberblick<\/h2>\n<ul class=\"timeline\">\n<li>\n<div class=\"date\">1949<\/div>\n<div class=\"event\">Gr\u00fcndung des Unternehmens von Herrn L\u00e9on Billion<\/div>\n<\/li>\n<li>\n<div class=\"date\">1961<\/div>\n<div class=\"event\">Pionier der Mehrkomponententechnik,<br \/>Billion meldet sein erstes Patent in der Mehrkomponenten&shy;technik an<\/div>\n<\/li>\n<li>\n<div class=\"date\">1980<\/div>\n<div class=\"event\">Spritzgie\u00dfmaschine 10.000 Tonnen \u2013 Weltrekord<\/div>\n<\/li>\n<li>\n<div class=\"date\">1989<\/div>\n<div class=\"event\">Erste DIXIT 500 Steuerung mit Touch Screen<\/div>\n<\/li>\n<li>\n<div class=\"date\">1992<\/div>\n<div class=\"event\"><a href=\"https:\/\/www.billion.fr\/de\/produkte-loesungen\/maschinen-baureihen\/hercule-200-320-tonnen\/\" class=\"transitions\"><strong>Hydraulische HERCULE<\/strong> Baureihe<\/a><\/div>\n<\/li>\n<li>\n<div class=\"date\">1997<\/div>\n<div class=\"event\"><a href=\"https:\/\/www.billion.fr\/de\/produkte-loesungen\/maschinen-baureihen\/gm-430-1100-tonnen\/\" class=\"transitions\"><strong>Hydraulische GM<\/strong> Baureihe<\/a><\/div>\n<\/li>\n<li>\n<div class=\"date\">2007<\/div>\n<div class=\"event\"><a href=\"https:\/\/www.billion.fr\/de\/produkte-loesungen\/maschinen-baureihen\/select-40-600-tonnen\/\" class=\"transitions\"><strong>Vollelektrische SELECT<\/strong> Baureihe<\/a><\/div>\n<\/li>\n<li>\n<div class=\"date\">2011<\/div>\n<div class=\"event\"><a href=\"https:\/\/www.billion.fr\/de\/produkte-loesungen\/maschinensteuerung\/\">Einf\u00fchrung der <strong>DIXIT III<\/strong> Steuerung<\/a> neuester Generation<\/div>\n<\/li>\n<li>\n<div class=\"date\">2017<\/div>\n<div class=\"event\">Neue <strong><a href=\"https:\/\/www.billion.fr\/de\/produkte-loesungen\/maschinen-baureihen\/select%c2%b2-neue-generation\/\">SELECT\u00b2<\/a> <\/strong>400T vollelektrische 2K Maschine <\/div>\n<\/li>\n<\/ul>\n<\/div>\n<\/div>\n<div id=\"corporate-3\" class=\"relative\">\n<div class=\"half-block-div ctn-img-absolute left\"><a class=\"fancybox\" title=\"Billion - Unsere Kunststoffverarbeitung f\u00fcr Ihren Erfolg\" href=\"https:\/\/www.billion.fr\/wp-content\/uploads\/billion-our-assets-for-your-success.jpg\" rel=\"gallery\"><img loading=\"lazy\" decoding=\"async\" class=\"alignnone size-full wp-image-313 transitions\" title=\"Billion - Unsere Kunststoffverarbeitung f\u00fcr Ihren Erfolg\" src=\"https:\/\/www.billion.fr\/wp-content\/uploads\/billion-our-assets-for-your-success.jpg\" alt=\"Billion - Unsere Kunststoffverarbeitung f\u00fcr Ihren Erfolg\" width=\"1000\" height=\"564\" srcset=\"https:\/\/www.billion.fr\/wp-content\/uploads\/billion-our-assets-for-your-success.jpg 1000w, https:\/\/www.billion.fr\/wp-content\/uploads\/billion-our-assets-for-your-success-300x169.jpg 300w, https:\/\/www.billion.fr\/wp-content\/uploads\/billion-our-assets-for-your-success-768x433.jpg 768w\" sizes=\"auto, (max-width: 1000px) 100vw, 1000px\" \/><\/a><\/div>\n<div class=\"half-block-div half-div-text div-bg-red right\">\n<h2>Unsere Qualit\u00e4ten f\u00fcr Ihren Erfolg<\/h2>\n<ul class=\"list arrow-white\">\n<li><strong>H\u00f6chst fortschrittliche Technologie<\/strong><\/li>\n<li><strong>Zielf\u00fchrende innovative L\u00f6sungen<\/strong><\/li>\n<li><strong>H\u00f6chste Qualit\u00e4t<\/strong><\/li>\n<li>Wissen und Erfahrung in der <strong>Mehrkomponententechnik<\/strong><\/li>\n<li><strong>Ma\u00dfgeschneiderte<\/strong> Service L\u00f6sungen<\/li>\n<li><strong>ISO 9001 zertifiziert<\/strong><\/li>\n<\/ul>\n<\/div>\n<\/div>\n","protected":false},"excerpt":{"rendered":"Gro\u00dfe Erfahrung Gegr\u00fcndet von L\u00e9on Billion in 1949, hat die [&#8230;]","protected":false},"author":1,"featured_media":0,"parent":0,"menu_order":54,"comment_status":"closed","ping_status":"closed","template":"","meta":{"footnotes":""},"class_list":["post-2324","page","type-page","status-publish","hentry"],"_links":{"self":[{"href":"https:\/\/www.billion.fr\/de\/wp-json\/wp\/v2\/pages\/2324","targetHints":{"allow":["GET"]}}],"collection":[{"href":"https:\/\/www.billion.fr\/de\/wp-json\/wp\/v2\/pages"}],"about":[{"href":"https:\/\/www.billion.fr\/de\/wp-json\/wp\/v2\/types\/page"}],"author":[{"embeddable":true,"href":"https:\/\/www.billion.fr\/de\/wp-json\/wp\/v2\/users\/1"}],"replies":[{"embeddable":true,"href":"https:\/\/www.billion.fr\/de\/wp-json\/wp\/v2\/comments?post=2324"}],"version-history":[{"count":5,"href":"https:\/\/www.billion.fr\/de\/wp-json\/wp\/v2\/pages\/2324\/revisions"}],"predecessor-version":[{"id":2806,"href":"https:\/\/www.billion.fr\/de\/wp-json\/wp\/v2\/pages\/2324\/revisions\/2806"}],"wp:attachment":[{"href":"https:\/\/www.billion.fr\/de\/wp-json\/wp\/v2\/media?parent=2324"}],"curies":[{"name":"wp","href":"https:\/\/api.w.org\/{rel}","templated":true}]}}