{"id":2276,"date":"2017-11-30T10:33:54","date_gmt":"2017-11-30T09:33:54","guid":{"rendered":"https:\/\/www.billion.fr\/?page_id=2276"},"modified":"2018-01-09T15:19:23","modified_gmt":"2018-01-09T14:19:23","slug":"karriere","status":"publish","type":"page","link":"https:\/\/www.billion.fr\/de\/karriere\/","title":{"rendered":"Karriere"},"content":{"rendered":"<div id=\"career-0\" class=\"chapo\">\n<div class=\"wrapper text-center\">\n<p>Billion bietet eine Vielzahl von Stellen in unterschiedlichen T\u00e4tigkeiten in verschiedenen Bereichen. Wie z.B. in <strong>Maschinenkonstruktion<\/strong>, <strong>Herstellung<\/strong>, <strong>Verkauf<\/strong>, <strong>Marketing<\/strong> und <strong>technischem Service<\/strong>\u2026<\/p>\n<p>Sie sind begeistert von Technik und Innovation? Machen Sie bei uns mit!<\/p>\n<p><a class=\"btn_default transitions\" href=\"https:\/\/www.billion.fr\/de\/karriere\/unsere-angebote\/\">Siehe unsere Angebote<\/a><\/p>\n<\/div>\n<\/div>\n<div id=\"career-1\">\n<div class=\"erase-space-inline-block\">\n<div class=\"secteur-job restore-space-inline-block\">\n<div class=\"half-block-div half-div-text div-bg-blue\">\n<h3>Technikum<\/h3>\n<div class=\"text-secteur-job\">\n<p>Das Ziel unseres Kunststoffexpertenteams ist es, unseren Kunden L\u00f6sungen und Unterst\u00fctzungen zukommen zu lassen.<\/p>\n<p>Das kann beispielsweise in <strong>Werkzeugversuchen <\/strong>in unserem Technikum oder auf <strong>internationalen Messen<\/strong>, oder in der <strong>Produktionsst\u00e4tte <\/strong>unseres Kunden sein.<\/p>\n<p>Die gesuchten Talente sind ausgebildete <strong>Techniker<\/strong> und <strong>Ingenieure spezialisiert<\/strong> auf die <strong>Kunststoffverarbeitung<\/strong>.<\/p>\n<\/div>\n<\/div>\n<div class=\"half-block-div ctn-img-absolute right\"><a class=\"fancybox\" title=\"Billion - Ein technisches Zentrum aus Experten f\u00fcr Kunststoffverarbeitung und Kunststoffverarbeitung\" href=\"https:\/\/www.billion.fr\/wp-content\/uploads\/billion-technikum.jpg\" rel=\"gallery\"><img loading=\"lazy\" decoding=\"async\" class=\"alignnone size-full wp-image-2289\" title=\"Billion - Ein technisches Zentrum aus Experten f\u00fcr Kunststoffverarbeitung und Kunststoffverarbeitung\" src=\"https:\/\/www.billion.fr\/wp-content\/uploads\/billion-technikum.jpg\" alt=\"Billion - Ein technisches Zentrum aus Experten f\u00fcr Kunststoffverarbeitung und Kunststoffverarbeitung\" width=\"960\" height=\"536\" srcset=\"https:\/\/www.billion.fr\/wp-content\/uploads\/billion-technikum.jpg 960w, https:\/\/www.billion.fr\/wp-content\/uploads\/billion-technikum-300x168.jpg 300w, https:\/\/www.billion.fr\/wp-content\/uploads\/billion-technikum-768x429.jpg 768w\" sizes=\"auto, (max-width: 960px) 100vw, 960px\" \/><\/a><\/div>\n<\/div>\n<div id=\"design-dep\" class=\"secteur-job restore-space-inline-block div-bg-red\">\n<h3>Entwicklungsabteilung<\/h3>\n<div class=\"text-secteur-job\">\n<p>Die Maschinenbaureihen und Steuerungen werden voll umf\u00e4nglich entwickelt und konstruiert von der Billion Entwicklungsabteilung in der Billion Firmenzentrale.<\/p>\n<p><strong>Mechanik<\/strong>, <strong>Hydraulik<\/strong>, <strong>Elektronik<\/strong> oder <strong>Industrielle Datenverarbeitung<\/strong> sind die Felder in denen wir weitere Talente suchen.<\/p>\n<\/div>\n<\/div>\n<div id=\"prod-dep\" class=\"secteur-job restore-space-inline-block\">\n<h3>Produktionsabteilung<\/h3>\n<div class=\"text-secteur-job\">\n<p>F\u00fcr den Bau von <strong>Spritzgie\u00dfmaschinen<\/strong> und den dazugeh\u00f6rigen Steuerungen werden vielf\u00e4ltige Ausbildungen ben\u00f6tigt.<\/p>\n<p>Unsere Produktionsabteilung sucht: <strong>Elektriker<\/strong>, <strong>Mechaniker<\/strong>, <strong>Dreher<\/strong>, <strong>Zerspanungsmechaniker<\/strong>, <strong>Lackierer<\/strong> und <strong>Wartungstechniker<\/strong>\u2026<\/p>\n<p><a class=\"btn_default\" href=\"https:\/\/www.billion.fr\/de\/produkte-loesungen\/maschinen-baureihen\/select-40-600-tonnen\/\">Mehr \u00fcber unsere Spritzgie\u00dfmaschinen<\/a><\/p>\n<div class=\"clear\"><\/div>\n<\/div>\n<\/div>\n<div class=\"secteur-job restore-space-inline-block\">\n<div class=\"half-block-div ctn-img-absolute left\"><img loading=\"lazy\" decoding=\"async\" class=\"alignnone wp-image-3032 size-large\" src=\"https:\/\/www.billion.fr\/wp-content\/uploads\/Service-Commercial-1024x797.jpg\" alt=\"\" width=\"1024\" height=\"797\" srcset=\"https:\/\/www.billion.fr\/wp-content\/uploads\/Service-Commercial-1024x797.jpg 1024w, https:\/\/www.billion.fr\/wp-content\/uploads\/Service-Commercial-300x234.jpg 300w, https:\/\/www.billion.fr\/wp-content\/uploads\/Service-Commercial-768x598.jpg 768w, https:\/\/www.billion.fr\/wp-content\/uploads\/Service-Commercial.jpg 1116w\" sizes=\"auto, (max-width: 1024px) 100vw, 1024px\" \/><\/div>\n<div class=\"half-block-div half-div-text right div-bg-blue\">\n<h3>Verkauf, Buchhaltung, Personalwesen, Einkauf, Qualtit\u00e4tssicherung, Informatik<\/h3>\n<div class=\"text-secteur-job\">\n<p>Alle diese T\u00e4tigkeiten sind bei uns am Unternehmenssitz in <strong>Bellignat<\/strong> beheimatet.<\/p>\n<p>Die Verkaufsabteilung setzt sich aus einem Franz\u00f6sischen und internationalen Team zusammen, diese arbeiten mit den Agenten in aller Welt zusammen.<\/p>\n<\/div>\n<\/div>\n<\/div>\n<div class=\"secteur-job restore-space-inline-block\">\n<div class=\"half-block-div half-div-text div-bg-red\">\n<h3>Kundendienst<\/h3>\n<div class=\"text-secteur-job\">\n<p><strong>Maschinen Inbetriebnahme<\/strong>, ebenso wie die <strong>vorbeugende Wartung<\/strong> als auch die Instandhaltung nach Ma\u00dfgabe des Kunden werden durch unsere Service Techniker in <strong>Frankreich<\/strong> und auch im <strong>Ausland<\/strong> gew\u00e4hrleistet.<\/p>\n<p>Ihr Wissen in den Bereichen Elektronik, Mechanik, Hydraulik, wird <strong>regelm\u00e4\u00dfig durch die internen Billion Schulungen<\/strong> weiterausgebaut.<\/p>\n<\/div>\n<\/div>\n<div class=\"half-block-div ctn-img-absolute\"><a class=\"fancybox\" title=\"After Sales Service f\u00fcr verschiedene thermoplastische Verarbeitungsl\u00f6sungen von Billion\" href=\"https:\/\/www.billion.fr\/wp-content\/uploads\/billion-kundendienst.jpg\" rel=\"gallery\"><img loading=\"lazy\" decoding=\"async\" class=\"alignnone size-full wp-image-2307\" title=\"After Sales Service f\u00fcr verschiedene thermoplastische Verarbeitungsl\u00f6sungen von Billion\" src=\"https:\/\/www.billion.fr\/wp-content\/uploads\/billion-kundendienst.jpg\" alt=\"After Sales Service f\u00fcr verschiedene thermoplastische Verarbeitungsl\u00f6sungen von Billion\" width=\"960\" height=\"521\" srcset=\"https:\/\/www.billion.fr\/wp-content\/uploads\/billion-kundendienst.jpg 960w, https:\/\/www.billion.fr\/wp-content\/uploads\/billion-kundendienst-300x163.jpg 300w, https:\/\/www.billion.fr\/wp-content\/uploads\/billion-kundendienst-768x417.jpg 768w\" sizes=\"auto, (max-width: 960px) 100vw, 960px\" \/><\/a><\/div>\n<\/div>\n<\/div>\n<\/div>\n","protected":false},"excerpt":{"rendered":"Billion bietet eine Vielzahl von Stellen in unterschiedlichen T\u00e4tigkeiten in [&#8230;]","protected":false},"author":1,"featured_media":0,"parent":0,"menu_order":110,"comment_status":"closed","ping_status":"closed","template":"","meta":{"footnotes":""},"class_list":["post-2276","page","type-page","status-publish","hentry"],"_links":{"self":[{"href":"https:\/\/www.billion.fr\/de\/wp-json\/wp\/v2\/pages\/2276","targetHints":{"allow":["GET"]}}],"collection":[{"href":"https:\/\/www.billion.fr\/de\/wp-json\/wp\/v2\/pages"}],"about":[{"href":"https:\/\/www.billion.fr\/de\/wp-json\/wp\/v2\/types\/page"}],"author":[{"embeddable":true,"href":"https:\/\/www.billion.fr\/de\/wp-json\/wp\/v2\/users\/1"}],"replies":[{"embeddable":true,"href":"https:\/\/www.billion.fr\/de\/wp-json\/wp\/v2\/comments?post=2276"}],"version-history":[{"count":5,"href":"https:\/\/www.billion.fr\/de\/wp-json\/wp\/v2\/pages\/2276\/revisions"}],"predecessor-version":[{"id":3038,"href":"https:\/\/www.billion.fr\/de\/wp-json\/wp\/v2\/pages\/2276\/revisions\/3038"}],"wp:attachment":[{"href":"https:\/\/www.billion.fr\/de\/wp-json\/wp\/v2\/media?parent=2276"}],"curies":[{"name":"wp","href":"https:\/\/api.w.org\/{rel}","templated":true}]}}