{"id":2216,"date":"2017-11-30T08:19:38","date_gmt":"2017-11-30T07:19:38","guid":{"rendered":"https:\/\/www.billion.fr\/?page_id=2216"},"modified":"2017-11-30T18:16:55","modified_gmt":"2017-11-30T17:16:55","slug":"billion-hat-sehr-viel-erfahrung-in-der-entwicklung-und-im-bau-von-spritzgiessmaschinen","status":"publish","type":"page","link":"https:\/\/www.billion.fr\/de\/","title":{"rendered":"Billion hat sehr viel Erfahrung in der Entwicklung und im Bau von Spritzgie\u00dfmaschinen."},"content":{"rendered":"<p>Auf den Standard 1 K Spritzgie\u00dfmaschinen aufbauend, hat sich Billion seit 1961 auf die Mehrkomponententechnik spezialisiert. Im Rahmen dieser Technologie wurden zahlreiche ma\u00dfgeschneiderte L\u00f6sungen entwickelt. <\/p>\n<p>Die Bandbreite der Anwendungen reicht von Automotive, \u00fcber Packaging und Medical, Kosmetik sowie Elektronik hinzu Geb\u00e4udetechnik Sport und Freizeitartikel\u2026 Diese Technologie bieten wir in Schlie\u00dfkr\u00e4ften von 40 Tonnen bis zu  1100 Tonnen. Billion ist zertifiziert nach ISO 9001. Wir unterst\u00fctzen mit fachkundigen Schulungen, Trainings und Serviceleistungen um zum Gelingen Ihrer Projekte beizutragen. <\/p>\n","protected":false},"excerpt":{"rendered":"Auf den Standard 1 K Spritzgie\u00dfmaschinen aufbauend, hat sich Billion [&#8230;]","protected":false},"author":1,"featured_media":2219,"parent":0,"menu_order":80,"comment_status":"closed","ping_status":"closed","template":"","meta":{"footnotes":""},"class_list":["post-2216","page","type-page","status-publish","has-post-thumbnail","hentry"],"_links":{"self":[{"href":"https:\/\/www.billion.fr\/de\/wp-json\/wp\/v2\/pages\/2216","targetHints":{"allow":["GET"]}}],"collection":[{"href":"https:\/\/www.billion.fr\/de\/wp-json\/wp\/v2\/pages"}],"about":[{"href":"https:\/\/www.billion.fr\/de\/wp-json\/wp\/v2\/types\/page"}],"author":[{"embeddable":true,"href":"https:\/\/www.billion.fr\/de\/wp-json\/wp\/v2\/users\/1"}],"replies":[{"embeddable":true,"href":"https:\/\/www.billion.fr\/de\/wp-json\/wp\/v2\/comments?post=2216"}],"version-history":[{"count":2,"href":"https:\/\/www.billion.fr\/de\/wp-json\/wp\/v2\/pages\/2216\/revisions"}],"predecessor-version":[{"id":2222,"href":"https:\/\/www.billion.fr\/de\/wp-json\/wp\/v2\/pages\/2216\/revisions\/2222"}],"wp:featuredmedia":[{"embeddable":true,"href":"https:\/\/www.billion.fr\/de\/wp-json\/wp\/v2\/media\/2219"}],"wp:attachment":[{"href":"https:\/\/www.billion.fr\/de\/wp-json\/wp\/v2\/media?parent=2216"}],"curies":[{"name":"wp","href":"https:\/\/api.w.org\/{rel}","templated":true}]}}